{"id":1050,"date":"2022-04-28T14:12:45","date_gmt":"2022-04-28T12:12:45","guid":{"rendered":"https:\/\/zse-2.krakow.pl\/?page_id=1050"},"modified":"2023-05-13T09:18:05","modified_gmt":"2023-05-13T07:18:05","slug":"staze","status":"publish","type":"page","link":"https:\/\/zse-2.krakow.pl\/index.php\/staze\/","title":{"rendered":"Sta\u017ce"},"content":{"rendered":"<p><img loading=\"lazy\" decoding=\"async\" class=\"aligncenter wp-image-1052 size-mesmerize-full-hd\" src=\"https:\/\/zse-2.krakow.pl\/wp-content\/uploads\/2022\/04\/EFS_kolor-300dpi_RGB-1920x164.jpg\" alt=\"EFS\" width=\"1920\" height=\"164\" srcset=\"https:\/\/zse-2.krakow.pl\/wp-content\/uploads\/2022\/04\/EFS_kolor-300dpi_RGB-1920x164.jpg 1920w, https:\/\/zse-2.krakow.pl\/wp-content\/uploads\/2022\/04\/EFS_kolor-300dpi_RGB-300x26.jpg 300w, https:\/\/zse-2.krakow.pl\/wp-content\/uploads\/2022\/04\/EFS_kolor-300dpi_RGB-1024x87.jpg 1024w, https:\/\/zse-2.krakow.pl\/wp-content\/uploads\/2022\/04\/EFS_kolor-300dpi_RGB-768x66.jpg 768w, https:\/\/zse-2.krakow.pl\/wp-content\/uploads\/2022\/04\/EFS_kolor-300dpi_RGB-1536x131.jpg 1536w, https:\/\/zse-2.krakow.pl\/wp-content\/uploads\/2022\/04\/EFS_kolor-300dpi_RGB-2048x175.jpg 2048w\" sizes=\"auto, (max-width: 1920px) 100vw, 1920px\" \/><\/p>\n<p style=\"text-align: left;\">Zesp\u00f3\u0142 Szk\u00f3\u0142 Ekonomicznych Nr 2 w Krakowie uczestniczy w projekcie <b>\u00a0\u201eCentrum Kompetencji Zawodowych w bran\u017cy: administracyjno-us\u0142ugowej (A)\u00a0 i turystyczno-gastronomicznej (T), w Gminie Miejskiej Krak\u00f3w\u201d \u2013 2 edycja (2021 \u2013 2023)<\/b><\/p>\n<p style=\"text-align: left;\">Projekty realizowane w ramach Regionalnego Programu Operacyjnego Wojew\u00f3dztwa Ma\u0142opolskiego na lata 2014-2020, O\u015b Priorytetowa Wiedza i Kompetencje, Dzia\u0142anie 10.2 Rozw\u00f3j kszta\u0142cenia zawodowego,\u00a0 Poddzia\u0142anie 10.2.1 &#8222;Kszta\u0142cenie zawodowe uczni\u00f3w &#8211; ZIT&#8221;.<\/p>\n<p style=\"text-align: left;\">Do\u00a0g\u0142\u00f3wnych\u00a0<b>korzy\u015bci ucznia<\/b>\u00a0z\u00a0realizacji p\u0142atnych sta\u017cy\/praktyk u\u00a0pracodawc\u00f3w\/ przedsi\u0119biorc\u00f3w nale\u017c\u0105:<\/p>\n<ul style=\"text-align: left;\">\n<li aria-level=\"1\">u\u0142atwione rozpocz\u0119cie kariery zawodowej po\u00a0zako\u0144czeniu nauki w\u00a0szkole,<\/li>\n<li aria-level=\"1\">mo\u017cliwo\u015b\u0107 zdobycia dodatkowego do\u015bwiadczenia i\u00a0lepszego dopasowania do\u00a0lokalnego rynku pracy poprzez odbycie dodatkowego sta\u017cu\/praktyki, wykraczaj\u0105cego poza zakres kszta\u0142cenia praktycznego,<\/li>\n<li aria-level=\"1\">sprawdzenie swoich kwalifikacji zawodowych w\u00a0rzeczywistych warunkach pracy,<\/li>\n<li aria-level=\"1\">pog\u0142\u0119bienie i\u00a0zdobycie nowej wiedzy, umiej\u0119tno\u015bci, kompetencji zawodowych w\u00a0rzeczywistych warunkach pracy,<\/li>\n<li aria-level=\"1\">nawi\u0105zanie kontaktu z\u00a0potencjalnym pracodawc\u0105 i\u00a0mo\u017cliwo\u015b\u0107 zainicjowania dalszej wsp\u00f3\u0142pracy, maj\u0105cej na\u00a0celu zatrudnienie ucznia, odbycie praktyk \/sta\u017cy studenckich<\/li>\n<li aria-level=\"1\">udokumentowany przebieg realizacji sta\u017cu \/ praktyki, mo\u017cliwo\u015b\u0107 wykazania dodatkowego do\u015bwiadczenia w dokumentach rekrutacyjnych, np. CV.<\/li>\n<\/ul>\n<p style=\"text-align: left;\">W ramach sta\u017cu uczniowie otrzymuj\u0105 stypendium sta\u017cowe w wysoko\u015bci 2 300 z\u0142. Ka\u017cdy sta\u017c trwa 1 miesi\u0105c w lipcu lub sierpniu, czyli obejmuje 150 h. Liczba uczni\u00f3w zakwalifikowanych:<\/p>\n<ul>\n<li style=\"text-align: left;\" aria-level=\"1\">bran\u017ca administracyjno \u2013 us\u0142ugowa 22 osoby (technik ekonomista, technik rachunkowo\u015bci, technik logistyk, technik handlowiec) \u2013 koordynator Renata Jankiewicz;<\/li>\n<li style=\"text-align: left;\" aria-level=\"1\">bran\u017ca turystyczno \u2013 gastronomiczna 10 os\u00f3b (technik organizacji turystyki, technik hotelarstwa) \u2013 koordynator Agnieszka Klimczak.<\/li>\n<\/ul>\n<p><a href=\"https:\/\/zse-2.krakow.pl\/index.php\/category\/staze\/\">Rekrutacja na sta\u017ce&#8230;<\/a><\/p>\n<p>&nbsp;<\/p>\n<p><img loading=\"lazy\" decoding=\"async\" class=\"wp-image-974 alignleft\" src=\"https:\/\/zse-2.krakow.pl\/wp-content\/uploads\/2022\/04\/download-pdf-gffb60412e_640-300x213.png\" alt=\"PDF\" width=\"130\" height=\"92\" srcset=\"https:\/\/zse-2.krakow.pl\/wp-content\/uploads\/2022\/04\/download-pdf-gffb60412e_640-300x213.png 300w, https:\/\/zse-2.krakow.pl\/wp-content\/uploads\/2022\/04\/download-pdf-gffb60412e_640.png 640w\" sizes=\"auto, (max-width: 130px) 100vw, 130px\" \/><\/p>\n<p>Autotest predyspozycji i kompetencji zawodowych<\/p>\n<div class=\"sdm_download_button_box_default\"><div class=\"sdm_download_link\"><a href=\"https:\/\/zse-2.krakow.pl\/?sdm_process_download=1&download_id=2696\" class=\"sdm_download blue\" title=\"Autotest predyspozycji i kompetencji zawodowych\" target=&quot;_blank&quot;>Pobierz<\/a><\/div><\/div>\n<p>&nbsp;<\/p>\n<p><img loading=\"lazy\" decoding=\"async\" class=\"wp-image-974 alignleft\" src=\"https:\/\/zse-2.krakow.pl\/wp-content\/uploads\/2022\/04\/download-pdf-gffb60412e_640-300x213.png\" alt=\"PDF\" width=\"130\" height=\"92\" srcset=\"https:\/\/zse-2.krakow.pl\/wp-content\/uploads\/2022\/04\/download-pdf-gffb60412e_640-300x213.png 300w, https:\/\/zse-2.krakow.pl\/wp-content\/uploads\/2022\/04\/download-pdf-gffb60412e_640.png 640w\" sizes=\"auto, (max-width: 130px) 100vw, 130px\" \/><\/p>\n<p>Regulamin uczestnictwa w projekcie CKZ II<\/p>\n<div class=\"sdm_download_button_box_default\"><div class=\"sdm_download_link\"><a href=\"https:\/\/zse-2.krakow.pl\/?sdm_process_download=1&download_id=1069\" class=\"sdm_download blue\" title=\"Regulamin uczestnictwa w projekcie CKZ II\" target=&quot;_blank&quot;>Pobierz<\/a><\/div><\/div>\n<p>&nbsp;<\/p>\n<p><img loading=\"lazy\" decoding=\"async\" class=\"wp-image-974 alignleft\" src=\"https:\/\/zse-2.krakow.pl\/wp-content\/uploads\/2022\/04\/download-pdf-gffb60412e_640-300x213.png\" alt=\"PDF\" width=\"130\" height=\"92\" srcset=\"https:\/\/zse-2.krakow.pl\/wp-content\/uploads\/2022\/04\/download-pdf-gffb60412e_640-300x213.png 300w, https:\/\/zse-2.krakow.pl\/wp-content\/uploads\/2022\/04\/download-pdf-gffb60412e_640.png 640w\" sizes=\"auto, (max-width: 130px) 100vw, 130px\" \/><\/p>\n<p>Aneks do regulaminu uczestnictwa w projekcie<\/p>\n<div class=\"sdm_download_button_box_default\"><div class=\"sdm_download_link\"><a href=\"https:\/\/zse-2.krakow.pl\/?sdm_process_download=1&download_id=1070\" class=\"sdm_download blue\" title=\"Aneks do regulaminu uczestnictwa w projekcie\" target=&quot;_blank&quot;>Pobierz<\/a><\/div><\/div>\n<p>&nbsp;<\/p>\n<p><img loading=\"lazy\" decoding=\"async\" class=\"wp-image-974 alignleft\" src=\"https:\/\/zse-2.krakow.pl\/wp-content\/uploads\/2022\/04\/download-pdf-gffb60412e_640-300x213.png\" alt=\"PDF\" width=\"130\" height=\"92\" srcset=\"https:\/\/zse-2.krakow.pl\/wp-content\/uploads\/2022\/04\/download-pdf-gffb60412e_640-300x213.png 300w, https:\/\/zse-2.krakow.pl\/wp-content\/uploads\/2022\/04\/download-pdf-gffb60412e_640.png 640w\" sizes=\"auto, (max-width: 130px) 100vw, 130px\" \/><\/p>\n<p>Regulamin udzielania stypendi\u00f3w sta\u017cowych<\/p>\n<div class=\"sdm_download_button_box_default\"><div class=\"sdm_download_link\"><a href=\"https:\/\/zse-2.krakow.pl\/?sdm_process_download=1&download_id=1068\" class=\"sdm_download blue\" title=\"Regulamin udzielania stypendi\u00f3w sta\u017cowych\" target=&quot;_blank&quot;>Pobierz<\/a><\/div><\/div>\n<p>&nbsp;<\/p>\n<p><img loading=\"lazy\" decoding=\"async\" class=\"wp-image-977 alignleft\" src=\"https:\/\/zse-2.krakow.pl\/wp-content\/uploads\/2022\/04\/download-gcd7d68698_640-300x213.png\" alt=\"DOC\" width=\"130\" height=\"92\" srcset=\"https:\/\/zse-2.krakow.pl\/wp-content\/uploads\/2022\/04\/download-gcd7d68698_640-300x213.png 300w, https:\/\/zse-2.krakow.pl\/wp-content\/uploads\/2022\/04\/download-gcd7d68698_640.png 640w\" sizes=\"auto, (max-width: 130px) 100vw, 130px\" \/><\/p>\n<p>Za\u0142\u0105cznik 1 do regulaminu &#8211; wz\u00f3r umowy<\/p>\n<div class=\"sdm_download_button_box_default\"><div class=\"sdm_download_link\"><a href=\"https:\/\/zse-2.krakow.pl\/?sdm_process_download=1&download_id=2692\" class=\"sdm_download blue\" title=\"Za\u0142\u0105cznik 1 do regulaminu &#8211; wz\u00f3r umowy\" target=&quot;_blank&quot;>Pobierz<\/a><\/div><\/div>\n<p>&nbsp;<\/p>\n<p><img loading=\"lazy\" decoding=\"async\" class=\"wp-image-977 alignleft\" src=\"https:\/\/zse-2.krakow.pl\/wp-content\/uploads\/2022\/04\/download-gcd7d68698_640-300x213.png\" alt=\"DOC\" width=\"130\" height=\"92\" srcset=\"https:\/\/zse-2.krakow.pl\/wp-content\/uploads\/2022\/04\/download-gcd7d68698_640-300x213.png 300w, https:\/\/zse-2.krakow.pl\/wp-content\/uploads\/2022\/04\/download-gcd7d68698_640.png 640w\" sizes=\"auto, (max-width: 130px) 100vw, 130px\" \/><\/p>\n<p>Za\u0142\u0105cznik 2 do regulaminu &#8211; wniosek o przyznanie stypendium sta\u017cowego<\/p>\n<div class=\"sdm_download_button_box_default\"><div class=\"sdm_download_link\"><a href=\"https:\/\/zse-2.krakow.pl\/?sdm_process_download=1&download_id=1073\" class=\"sdm_download blue\" title=\"Za\u0142\u0105cznik 2 do regulaminu &#8211; wniosek o przyznanie stypendium sta\u017cowego\" target=&quot;_blank&quot;>Pobierz<\/a><\/div><\/div>\n<p>&nbsp;<\/p>\n<p><img loading=\"lazy\" decoding=\"async\" class=\"wp-image-977 alignleft\" src=\"https:\/\/zse-2.krakow.pl\/wp-content\/uploads\/2022\/04\/download-gcd7d68698_640-300x213.png\" alt=\"DOC\" width=\"130\" height=\"92\" srcset=\"https:\/\/zse-2.krakow.pl\/wp-content\/uploads\/2022\/04\/download-gcd7d68698_640-300x213.png 300w, https:\/\/zse-2.krakow.pl\/wp-content\/uploads\/2022\/04\/download-gcd7d68698_640.png 640w\" sizes=\"auto, (max-width: 130px) 100vw, 130px\" \/><\/p>\n<p>Za\u0142\u0105cznik 1 do umowy &#8211; zgoda Rodzica<\/p>\n<div class=\"sdm_download_button_box_default\"><div class=\"sdm_download_link\"><a href=\"https:\/\/zse-2.krakow.pl\/?sdm_process_download=1&download_id=1071\" class=\"sdm_download blue\" title=\"Za\u0142\u0105cznik 1 do umowy &#8211; zgoda Rodzica\" target=&quot;_blank&quot;>Pobierz<\/a><\/div><\/div>\n<p>&nbsp;<\/p>\n<p><img loading=\"lazy\" decoding=\"async\" class=\"wp-image-977 alignleft\" src=\"https:\/\/zse-2.krakow.pl\/wp-content\/uploads\/2022\/04\/download-gcd7d68698_640-300x213.png\" alt=\"DOC\" width=\"130\" height=\"92\" srcset=\"https:\/\/zse-2.krakow.pl\/wp-content\/uploads\/2022\/04\/download-gcd7d68698_640-300x213.png 300w, https:\/\/zse-2.krakow.pl\/wp-content\/uploads\/2022\/04\/download-gcd7d68698_640.png 640w\" sizes=\"auto, (max-width: 130px) 100vw, 130px\" \/><\/p>\n<p>Za\u0142\u0105cznik 2 &#8211; formularz zg\u0142oszeniowy<\/p>\n<div class=\"sdm_download_button_box_default\"><div class=\"sdm_download_link\"><a href=\"https:\/\/zse-2.krakow.pl\/?sdm_process_download=1&download_id=1072\" class=\"sdm_download blue\" title=\"Za\u0142\u0105cznik 2 &#8211; formularz zg\u0142oszeniowy\" target=&quot;_blank&quot;>Pobierz<\/a><\/div><\/div>\n<p>&nbsp;<\/p>\n<p><img loading=\"lazy\" decoding=\"async\" class=\"wp-image-977 alignleft\" src=\"https:\/\/zse-2.krakow.pl\/wp-content\/uploads\/2022\/04\/download-gcd7d68698_640-300x213.png\" alt=\"DOC\" width=\"130\" height=\"92\" srcset=\"https:\/\/zse-2.krakow.pl\/wp-content\/uploads\/2022\/04\/download-gcd7d68698_640-300x213.png 300w, https:\/\/zse-2.krakow.pl\/wp-content\/uploads\/2022\/04\/download-gcd7d68698_640.png 640w\" sizes=\"auto, (max-width: 130px) 100vw, 130px\" \/><\/p>\n<p>Za\u0142\u0105cznik 4 &#8211; deklaracja uczestnictwa w projekcie<\/p>\n<div class=\"sdm_download_button_box_default\"><div class=\"sdm_download_link\"><a href=\"https:\/\/zse-2.krakow.pl\/?sdm_process_download=1&download_id=1074\" class=\"sdm_download blue\" title=\"Za\u0142\u0105cznik 4 &#8211; deklaracja uczestnictwa w projekcie po zmianie 15.09.2021\" target=&quot;_blank&quot;>Pobierz<\/a><\/div><\/div>\n<p>&nbsp;<\/p>\n<p><img loading=\"lazy\" decoding=\"async\" class=\"wp-image-977 alignleft\" src=\"https:\/\/zse-2.krakow.pl\/wp-content\/uploads\/2022\/04\/download-gcd7d68698_640-300x213.png\" alt=\"DOC\" width=\"130\" height=\"92\" srcset=\"https:\/\/zse-2.krakow.pl\/wp-content\/uploads\/2022\/04\/download-gcd7d68698_640-300x213.png 300w, https:\/\/zse-2.krakow.pl\/wp-content\/uploads\/2022\/04\/download-gcd7d68698_640.png 640w\" sizes=\"auto, (max-width: 130px) 100vw, 130px\" \/><\/p>\n<p>Za\u0142\u0105cznik 5 &#8211; O\u015bwiadczenie dotycz\u0105ce przetwarzania danych osobowych<\/p>\n<div class=\"sdm_download_button_box_default\"><div class=\"sdm_download_link\"><a href=\"https:\/\/zse-2.krakow.pl\/?sdm_process_download=1&download_id=1075\" class=\"sdm_download blue\" title=\"Za\u0142\u0105cznik 5 &#8211; O\u015bwiadczenie uczestnika dotycz\u0105ce przetwarzania danych osobowych\" target=&quot;_blank&quot;>Pobierz<\/a><\/div><\/div>\n<p>&nbsp;<\/p>\n<p><img loading=\"lazy\" decoding=\"async\" class=\"wp-image-977 alignleft\" src=\"https:\/\/zse-2.krakow.pl\/wp-content\/uploads\/2022\/04\/download-gcd7d68698_640-300x213.png\" alt=\"DOC\" width=\"130\" height=\"92\" srcset=\"https:\/\/zse-2.krakow.pl\/wp-content\/uploads\/2022\/04\/download-gcd7d68698_640-300x213.png 300w, https:\/\/zse-2.krakow.pl\/wp-content\/uploads\/2022\/04\/download-gcd7d68698_640.png 640w\" sizes=\"auto, (max-width: 130px) 100vw, 130px\" \/><\/p>\n<p>Za\u0142\u0105cznik 6 &#8211; zakres danych osobowych powierzonych do przetwarzania<\/p>\n<div class=\"sdm_download_button_box_default\"><div class=\"sdm_download_link\"><a href=\"https:\/\/zse-2.krakow.pl\/?sdm_process_download=1&download_id=1076\" class=\"sdm_download blue\" title=\"Za\u0142\u0105cznik 6 &#8211; zakres danych osobowych powierzonych do przetwarzania (od 13.08.2018)\" target=&quot;_blank&quot;>Pobierz<\/a><\/div><\/div>\n<p>&nbsp;<\/p>\n<p><img loading=\"lazy\" decoding=\"async\" class=\"wp-image-977 alignleft\" src=\"https:\/\/zse-2.krakow.pl\/wp-content\/uploads\/2022\/04\/download-gcd7d68698_640-300x213.png\" alt=\"DOC\" width=\"130\" height=\"92\" srcset=\"https:\/\/zse-2.krakow.pl\/wp-content\/uploads\/2022\/04\/download-gcd7d68698_640-300x213.png 300w, https:\/\/zse-2.krakow.pl\/wp-content\/uploads\/2022\/04\/download-gcd7d68698_640.png 640w\" sizes=\"auto, (max-width: 130px) 100vw, 130px\" \/><\/p>\n<p>Za\u0142\u0105cznik 7 &#8211; o\u015bwiadczenie o braku udzia\u0142u<\/p>\n<div class=\"sdm_download_button_box_default\"><div class=\"sdm_download_link\"><a href=\"https:\/\/zse-2.krakow.pl\/?sdm_process_download=1&download_id=1077\" class=\"sdm_download blue\" title=\"Za\u0142\u0105cznik 7 &#8211; o\u015bwiadczenie o braku udzia\u0142u\" target=&quot;_blank&quot;>Pobierz<\/a><\/div><\/div>\n<p>&nbsp;<\/p>\n","protected":false},"excerpt":{"rendered":"<p>Zesp\u00f3\u0142 Szk\u00f3\u0142 Ekonomicznych Nr 2 w Krakowie uczestniczy w projekcie \u00a0\u201eCentrum Kompetencji Zawodowych w bran\u017cy: administracyjno-us\u0142ugowej (A)\u00a0 i turystyczno-gastronomicznej (T), w Gminie Miejskiej Krak\u00f3w\u201d \u2013 2 edycja (2021 \u2013 2023) Projekty realizowane w ramach Regionalnego Programu Operacyjnego Wojew\u00f3dztwa Ma\u0142opolskiego na lata 2014-2020, O\u015b Priorytetowa Wiedza i Kompetencje, Dzia\u0142anie 10.2 Rozw\u00f3j kszta\u0142cenia zawodowego,\u00a0 Poddzia\u0142anie 10.2.1 &#8222;Kszta\u0142cenie&hellip; <br \/> <a class=\"read-more\" href=\"https:\/\/zse-2.krakow.pl\/index.php\/staze\/\">Dowiedz si\u0119 wi\u0119cej<\/a><\/p>\n","protected":false},"author":1,"featured_media":1052,"parent":0,"menu_order":0,"comment_status":"closed","ping_status":"closed","template":"","meta":{"footnotes":""},"class_list":["post-1050","page","type-page","status-publish","has-post-thumbnail","hentry"],"_links":{"self":[{"href":"https:\/\/zse-2.krakow.pl\/index.php\/wp-json\/wp\/v2\/pages\/1050","targetHints":{"allow":["GET"]}}],"collection":[{"href":"https:\/\/zse-2.krakow.pl\/index.php\/wp-json\/wp\/v2\/pages"}],"about":[{"href":"https:\/\/zse-2.krakow.pl\/index.php\/wp-json\/wp\/v2\/types\/page"}],"author":[{"embeddable":true,"href":"https:\/\/zse-2.krakow.pl\/index.php\/wp-json\/wp\/v2\/users\/1"}],"replies":[{"embeddable":true,"href":"https:\/\/zse-2.krakow.pl\/index.php\/wp-json\/wp\/v2\/comments?post=1050"}],"version-history":[{"count":24,"href":"https:\/\/zse-2.krakow.pl\/index.php\/wp-json\/wp\/v2\/pages\/1050\/revisions"}],"predecessor-version":[{"id":2697,"href":"https:\/\/zse-2.krakow.pl\/index.php\/wp-json\/wp\/v2\/pages\/1050\/revisions\/2697"}],"wp:featuredmedia":[{"embeddable":true,"href":"https:\/\/zse-2.krakow.pl\/index.php\/wp-json\/wp\/v2\/media\/1052"}],"wp:attachment":[{"href":"https:\/\/zse-2.krakow.pl\/index.php\/wp-json\/wp\/v2\/media?parent=1050"}],"curies":[{"name":"wp","href":"https:\/\/api.w.org\/{rel}","templated":true}]}}