{"id":152,"date":"2022-02-22T21:58:34","date_gmt":"2022-02-22T20:58:34","guid":{"rendered":"https:\/\/2022.zse-2.krakow.pl\/?page_id=152"},"modified":"2026-03-27T10:37:53","modified_gmt":"2026-03-27T09:37:53","slug":"rekrutacja-planowane-klasy","status":"publish","type":"page","link":"https:\/\/zse-2.krakow.pl\/index.php\/rekrutacja-planowane-klasy\/","title":{"rendered":"Rekrutacja"},"content":{"rendered":"<h3 style=\"text-align: center;\">Kierunki kszta\u0142cenia<\/h3>\n<div class='embed-container'><iframe loading=\"lazy\" title=\"Prezentacja ZSE2\" width=\"1920\" height=\"1080\" src=\"https:\/\/www.youtube.com\/embed\/Vjp6WNFaLZk?feature=oembed\" frameborder=\"0\" allow=\"accelerometer; autoplay; clipboard-write; encrypted-media; gyroscope; picture-in-picture; web-share\" referrerpolicy=\"strict-origin-when-cross-origin\" allowfullscreen><\/iframe><\/div>\n<p><!--\n<center><iframe loading=\"lazy\" src=\"https:\/\/biteable.com\/watch\/embed\/partnership-announcement-copy-copy-2746067\" width=\"1200\" height=\"675\" frameborder=\"0\" allowfullscreen=\"allowfullscreen\"><\/iframe><\/center>\n--><br \/>\n<!--\n\n\n<p style=\"text-align: center;\"><a href=\"https:\/\/biteable.com\/watch\/partnership-announcement-copy-copy-2746067\" target=\"_blank\" rel=\"noopener\">Zobacz w nowym oknie<\/a> na <a href=\"https:\/\/biteable.com\" target=\"_blank\" rel=\"noopener\">Biteable<\/a>.<\/p>\n\n\n --><br \/>\nW roku szkolnym 2026\/2027 planujemy otwarcie nast\u0119puj\u0105cych klas:<\/p>\n<p>&nbsp;<\/p>\n<p><b><span style=\"color: #3e2f7f; font-size: medium;\">Technikum Ekonomiczno-Handlowe Nr 5<\/span><\/b><\/p>\n<ul>\n<li style=\"text-align: left;\"><b><a href=\"https:\/\/zse-2.krakow.pl\/index.php\/technik-ekonomista\/\">Technik ekonomista<\/a>:<\/b> <span style=\"color: #cd3d12;\"><b>Klasa <span class=\"notranslate\">1E <\/span><\/b><\/span><\/li>\n<li style=\"text-align: left;\"><b><a href=\"https:\/\/zse-2.krakow.pl\/index.php\/technik-rachunkowosci\/\">Technik rachunkowo\u015bci<\/a>:<\/b> <span style=\"color: #cd3d12;\"><b>Klasa <span class=\"notranslate\">1R <\/span><\/b><\/span> pod patronatem Stowarzyszenia Ksi\u0119gowych w Polsce<\/li>\n<li style=\"text-align: left;\"><b><a href=\"https:\/\/zse-2.krakow.pl\/index.php\/technik-handlowiec\/\">Technik handlowiec<\/a>:<\/b> <span style=\"color: #cd3d12;\"><b>Klasa <span class=\"notranslate\">1H <\/span><\/b> <\/span><\/li>\n<li style=\"text-align: left;\"><b><a href=\"https:\/\/zse-2.krakow.pl\/index.php\/technik-logistyk\/\">Technik logistyk<\/a>:<\/b> <span style=\"color: #cd3d12;\"><b>Klasa <span class=\"notranslate\">1L<\/span><\/b> <\/span><\/li>\n<li style=\"text-align: left;\"><b><a href=\"https:\/\/zse-2.krakow.pl\/index.php\/technik-lotniskowych-sluzb-operacyjnych\/\">Technik lotniskowych s\u0142u\u017cb operacyjnych<\/a>:<\/b> <span style=\"color: #cd3d12;\"><b>Klasa <span class=\"notranslate\">1LOT<\/span><\/b> <\/span><\/li>\n<li style=\"text-align: left;\"><b><a href=\"https:\/\/zse-2.krakow.pl\/index.php\/technik-organizacji-turystyki\/\">Technik organizacji turystyki<\/a>:<\/b> <span style=\"color: #cd3d12;\"><b>Klasa <span class=\"notranslate\">1T<\/span><\/b> <\/span><\/li>\n<li style=\"text-align: left;\"><b><a href=\"https:\/\/zse-2.krakow.pl\/index.php\/technik-hotelarstwa\/\">Technik hotelarstwa<\/a>:<\/b> <span style=\"color: #cd3d12;\"><b>Klasa <span class=\"notranslate\">1HO<\/span><\/b> <\/span><\/li>\n<\/ul>\n<p style=\"text-align: left;\"><b><span style=\"color: #3e2f7f; font-size: medium;\">Bran\u017cowa Szko\u0142a I Stopnia Nr 4<\/span><\/b><\/p>\n<ul>\n<li style=\"text-align: left;\"><b>Zaw\u00f3d sprzedawca: <span style=\"color: #cd3d12;\">Klasa <span class=\"notranslate\">1 PB<\/span> <\/span><\/b><\/li>\n<\/ul>\n<p>&nbsp;<\/p>\n<h3 style=\"text-align: center;\">Test predyspozycji<\/h3>\n<div style=\"width: 100%;\">\n<div style=\"position: relative; padding-bottom: 56.25%; padding-top: 0; height: 0;\"><iframe loading=\"lazy\" style=\"position: absolute; top: 0; left: 0; width: 100%; height: 100%;\" src=\"https:\/\/view.genial.ly\/5ffde4b808ab8e3755b3c2ec\" width=\"1200\" height=\"675\" frameborder=\"0\" scrolling=\"yes\" allowfullscreen=\"allowfullscreen\"><span style=\"display: inline-block; width: 0px; overflow: hidden; line-height: 0;\" data-mce-type=\"bookmark\" class=\"mce_SELRES_start\">\ufeff<\/span><span style=\"display: inline-block; width: 0px; overflow: hidden; line-height: 0;\" data-mce-type=\"bookmark\" class=\"mce_SELRES_start\">\ufeff<\/span><\/iframe><\/div>\n<\/div>\n<p style=\"text-align: left;\"><!--<\/p>\n\n\n\n\n<p style=\"text-align: center;\"><a href=\"https:\/\/view.genial.ly\/5ffde4b808ab8e3755b3c2ec\/game-breakout-preferencje-zawodowe\" target=\"_blank\" rel=\"noopener\">Otw\u00f3rz test predyspozycji w nowym oknie...<\/a><\/p>\n\n\n--><\/p>\n<p>&nbsp;<\/p>\n<ul>\n<li style=\"text-align: left;\"><a href=\"https:\/\/zse-2.krakow.pl\/wp-content\/uploads\/2026\/03\/REGULAMIN-POSTEPOWANIA-REKRUTACYJNEGO-2026.pdf\" target=\"_blank\" rel=\"noopener\">Regulamin rekrutacji<\/a> na rok szkolny 2026\/27<\/li>\n<li style=\"text-align: left;\"><a href=\"https:\/\/zse-2.krakow.pl\/index.php\/dni-otwarte\/\">Dni otwarte<\/a><\/li>\n<li style=\"text-align: left;\"><a href=\"\/index.php\/opinie-o-naszej-szkole\/\">Opinie o naszej szkole<\/a><\/li>\n<li style=\"text-align: left;\"><a href=\"\/index.php\/for-foreign-candidates\/\">Important information for foreign candidates<\/a><\/li>\n<li style=\"text-align: left;\"><a href=\"\/index.php\/for-foreign-candidates\/\">\u0421\u0432\u0435\u0434\u0435\u043d\u0438\u044f \u0434\u043b\u044f \u0438\u043d\u043e\u0441\u0442\u0440\u0430\u043d\u0446\u0435\u0432<\/a><\/li>\n<li style=\"text-align: left;\">Ch\u0119tnie odpowiemy na ka\u017cde pytanie. Napisz do nas: <b><span class=\"notranslate\">rekrutacja<\/span>@<span class=\"notranslate\">zse-2.krakow.pl<\/span><\/b><\/li>\n<\/ul>\n","protected":false},"excerpt":{"rendered":"<p>Kierunki kszta\u0142cenia W roku szkolnym 2026\/2027 planujemy otwarcie nast\u0119puj\u0105cych klas: &nbsp; Technikum Ekonomiczno-Handlowe Nr 5 Technik ekonomista: Klasa 1E Technik rachunkowo\u015bci: Klasa 1R pod patronatem Stowarzyszenia Ksi\u0119gowych w Polsce Technik handlowiec: Klasa 1H Technik logistyk: Klasa 1L Technik lotniskowych s\u0142u\u017cb operacyjnych: Klasa 1LOT Technik organizacji turystyki: Klasa 1T Technik hotelarstwa: Klasa 1HO Bran\u017cowa Szko\u0142a I&hellip; <br \/> <a class=\"read-more\" href=\"https:\/\/zse-2.krakow.pl\/index.php\/rekrutacja-planowane-klasy\/\">Dowiedz si\u0119 wi\u0119cej<\/a><\/p>\n","protected":false},"author":1,"featured_media":1456,"parent":0,"menu_order":0,"comment_status":"closed","ping_status":"closed","template":"","meta":{"footnotes":""},"class_list":["post-152","page","type-page","status-publish","has-post-thumbnail","hentry"],"_links":{"self":[{"href":"https:\/\/zse-2.krakow.pl\/index.php\/wp-json\/wp\/v2\/pages\/152","targetHints":{"allow":["GET"]}}],"collection":[{"href":"https:\/\/zse-2.krakow.pl\/index.php\/wp-json\/wp\/v2\/pages"}],"about":[{"href":"https:\/\/zse-2.krakow.pl\/index.php\/wp-json\/wp\/v2\/types\/page"}],"author":[{"embeddable":true,"href":"https:\/\/zse-2.krakow.pl\/index.php\/wp-json\/wp\/v2\/users\/1"}],"replies":[{"embeddable":true,"href":"https:\/\/zse-2.krakow.pl\/index.php\/wp-json\/wp\/v2\/comments?post=152"}],"version-history":[{"count":81,"href":"https:\/\/zse-2.krakow.pl\/index.php\/wp-json\/wp\/v2\/pages\/152\/revisions"}],"predecessor-version":[{"id":6934,"href":"https:\/\/zse-2.krakow.pl\/index.php\/wp-json\/wp\/v2\/pages\/152\/revisions\/6934"}],"wp:featuredmedia":[{"embeddable":true,"href":"https:\/\/zse-2.krakow.pl\/index.php\/wp-json\/wp\/v2\/media\/1456"}],"wp:attachment":[{"href":"https:\/\/zse-2.krakow.pl\/index.php\/wp-json\/wp\/v2\/media?parent=152"}],"curies":[{"name":"wp","href":"https:\/\/api.w.org\/{rel}","templated":true}]}}