{"id":3057,"date":"2023-10-11T12:59:44","date_gmt":"2023-10-11T10:59:44","guid":{"rendered":"https:\/\/zse-2.krakow.pl\/?page_id=3057"},"modified":"2024-12-02T16:11:27","modified_gmt":"2024-12-02T15:11:27","slug":"centrum-kompetencji-zawodowych-2-edycja","status":"publish","type":"page","link":"https:\/\/zse-2.krakow.pl\/index.php\/centrum-kompetencji-zawodowych-2-edycja\/","title":{"rendered":"Centrum Kompetencji Zawodowych &#8211; 2 edycja"},"content":{"rendered":"<p><img loading=\"lazy\" decoding=\"async\" class=\"aligncenter wp-image-1052 size-mesmerize-full-hd\" src=\"https:\/\/zse-2.krakow.pl\/wp-content\/uploads\/2022\/04\/EFS_kolor-300dpi_RGB-1920x164.jpg\" alt=\"EFS\" width=\"1920\" height=\"164\" srcset=\"https:\/\/zse-2.krakow.pl\/wp-content\/uploads\/2022\/04\/EFS_kolor-300dpi_RGB-1920x164.jpg 1920w, https:\/\/zse-2.krakow.pl\/wp-content\/uploads\/2022\/04\/EFS_kolor-300dpi_RGB-300x26.jpg 300w, https:\/\/zse-2.krakow.pl\/wp-content\/uploads\/2022\/04\/EFS_kolor-300dpi_RGB-1024x87.jpg 1024w, https:\/\/zse-2.krakow.pl\/wp-content\/uploads\/2022\/04\/EFS_kolor-300dpi_RGB-768x66.jpg 768w, https:\/\/zse-2.krakow.pl\/wp-content\/uploads\/2022\/04\/EFS_kolor-300dpi_RGB-1536x131.jpg 1536w, https:\/\/zse-2.krakow.pl\/wp-content\/uploads\/2022\/04\/EFS_kolor-300dpi_RGB-2048x175.jpg 2048w\" sizes=\"auto, (max-width: 1920px) 100vw, 1920px\" \/><\/p>\n<p style=\"text-align: left;\"><strong>CENTRUM KOMPETENCJI ZAWODOWYCH &#8211; 2 EDYCJA <\/strong>\u2013 to projekt wsp\u00f3\u0142finansowany ze \u015brodk\u00f3w Unii Europejskiej, realizowany w ramach Regionalnego Programu Operacyjnego Wojew\u00f3dztwa Ma\u0142opolskiego na lata 2014-2020, O\u015b Priorytetowa 10. Wiedza i Kompetencje Poddzia\u0142anie 10.2.1 &#8222;Kszta\u0142cenie zawodowe uczni\u00f3w &#8211; ZIT&#8221;.<\/p>\n<p style=\"text-align: left;\"><strong>Okres realizacji projektu : 2 stycznia 2020 r. \u2013 29 wrze\u015bnia 2023 r. <\/strong><\/p>\n<p style=\"text-align: left;\">G\u0142\u00f3wnym celem projekt\u00f3w jest poprawa jako\u015bci kszta\u0142cenia w poszczeg\u00f3lnych bran\u017cach na terenie ZIT dla uczni\u00f3w i nauczycieli poprzez dostosowanie oferty szkolnictwa zawodowego do potrzeb rynku pracy, wzmocnienie relacji z przedsi\u0119biorcami oraz zwi\u0119kszenie szans uczni\u00f3w na zatrudnienie.<br \/>\nProjekty zak\u0142adaj\u0105 kontynuowanie funkcjonowania Centrum Kompetencji Zawodowych (CKZ) w poszczeg\u00f3lnych bran\u017cach na bazie szk\u00f3\u0142 i plac\u00f3wek kszta\u0142cenia zawodowego o najwi\u0119kszym potencjale dydaktycznym dla bran\u017cy na terenie ZIT.<br \/>\nCKZ b\u0119d\u0105 realizowa\u0142y: kursy\/szkolenia dla uczni\u00f3w (rozwijaj\u0105ce, dydaktyczno-wyr\u00f3wnawcze), doradztwo zawodowe, sta\u017ce\/praktyki uczniowskie u pracodawc\u00f3w. Wsparcie b\u0119dzie realizowane w oparciu o baz\u0119 technologiczno-dydaktyczn\u0105 CKZ, wykwalifikowan\u0105 kadr\u0119 oraz wyspecjalizowane firmy zewn\u0119trzne.<\/p>\n<p style=\"text-align: left;\">Ca\u0142kowita warto\u015b\u0107 projektu w bran\u017cy administracyjno-us\u0142ugowej (A) w Gminie Miejskiej Krak\u00f3w wynosi 6 970 872,71z\u0142.<br \/>\nCa\u0142kowita warto\u015b\u0107 projektu w bran\u017cy turystyczno-gastronomicznej (T) w Gminie Miejskiej Krak\u00f3w wynosi 2 451 916,03 z\u0142<\/p>\n<p style=\"text-align: left;\"><strong>W Zespole Szk\u00f3\u0142 Ekonomicznych Nr 2 w Krakowie w ramach 2 edycji Centrum Kompetencji Zawodowych b\u0119d\u0105 realizowane:<\/strong><\/p>\n<ul style=\"text-align: left;\">\n<li>zaj\u0119cia kszta\u0142tuj\u0105ce kompetencje kluczowe i rozwijaj\u0105ce zainteresowania,<\/li>\n<li>zaj\u0119cia wyr\u00f3wnawcze<\/li>\n<li>stypendia dla uczni\u00f3w zdolnych,<\/li>\n<li>sta\u017ce dla uczni\u00f3w w przedsi\u0119biorstwach<\/li>\n<li>sta\u017ce zawodowe dla nauczycieli praktycznej nauki zawodu.<\/li>\n<\/ul>\n<div dir=\"auto\" style=\"text-align: left;\">Koordynatorzy bran\u017cy administracyjno-us\u0142ugowej:<\/div>\n<div dir=\"auto\" style=\"text-align: left;\">Katarzyna Kowalik<\/div>\n<div dir=\"auto\" style=\"text-align: left;\">Paulina Wargulec<\/div>\n<div dir=\"auto\" style=\"text-align: left;\"><\/div>\n<div dir=\"auto\" style=\"text-align: left;\">Koordynator bran\u017cy turystyczno-gastronomicznej:<\/div>\n<div dir=\"auto\" style=\"text-align: left;\">Agnieszka Klimczak<\/div>\n<p style=\"text-align: left;\"><strong>Dokumenty:<\/strong><br \/>\n&#8211; <a href=\"https:\/\/zsm2krakow.pl\/images\/CKZ\/CKZ_2_edycja_-_opis_projektu.doc\" target=\"_blank\" rel=\"noopener\">Szczeg\u00f3\u0142owy opis projektu<\/a><br \/>\n&#8211; <a href=\"https:\/\/archiwum.zse-2.krakow.pl\/downloads.php?cat_id=37&amp;file_id=387\" target=\"_blank\" rel=\"noopener\">Regulamin uczestnictwa w projekcie (2 edycja)<\/a><\/p>\n","protected":false},"excerpt":{"rendered":"<p>CENTRUM KOMPETENCJI ZAWODOWYCH &#8211; 2 EDYCJA \u2013 to projekt wsp\u00f3\u0142finansowany ze \u015brodk\u00f3w Unii Europejskiej, realizowany w ramach Regionalnego Programu Operacyjnego Wojew\u00f3dztwa Ma\u0142opolskiego na lata 2014-2020, O\u015b Priorytetowa 10. Wiedza i Kompetencje Poddzia\u0142anie 10.2.1 &#8222;Kszta\u0142cenie zawodowe uczni\u00f3w &#8211; ZIT&#8221;. Okres realizacji projektu : 2 stycznia 2020 r. \u2013 29 wrze\u015bnia 2023 r. G\u0142\u00f3wnym celem projekt\u00f3w jest&hellip; <br \/> <a class=\"read-more\" href=\"https:\/\/zse-2.krakow.pl\/index.php\/centrum-kompetencji-zawodowych-2-edycja\/\">Dowiedz si\u0119 wi\u0119cej<\/a><\/p>\n","protected":false},"author":1,"featured_media":1052,"parent":0,"menu_order":0,"comment_status":"closed","ping_status":"closed","template":"","meta":{"footnotes":""},"class_list":["post-3057","page","type-page","status-publish","has-post-thumbnail","hentry"],"_links":{"self":[{"href":"https:\/\/zse-2.krakow.pl\/index.php\/wp-json\/wp\/v2\/pages\/3057","targetHints":{"allow":["GET"]}}],"collection":[{"href":"https:\/\/zse-2.krakow.pl\/index.php\/wp-json\/wp\/v2\/pages"}],"about":[{"href":"https:\/\/zse-2.krakow.pl\/index.php\/wp-json\/wp\/v2\/types\/page"}],"author":[{"embeddable":true,"href":"https:\/\/zse-2.krakow.pl\/index.php\/wp-json\/wp\/v2\/users\/1"}],"replies":[{"embeddable":true,"href":"https:\/\/zse-2.krakow.pl\/index.php\/wp-json\/wp\/v2\/comments?post=3057"}],"version-history":[{"count":11,"href":"https:\/\/zse-2.krakow.pl\/index.php\/wp-json\/wp\/v2\/pages\/3057\/revisions"}],"predecessor-version":[{"id":4886,"href":"https:\/\/zse-2.krakow.pl\/index.php\/wp-json\/wp\/v2\/pages\/3057\/revisions\/4886"}],"wp:featuredmedia":[{"embeddable":true,"href":"https:\/\/zse-2.krakow.pl\/index.php\/wp-json\/wp\/v2\/media\/1052"}],"wp:attachment":[{"href":"https:\/\/zse-2.krakow.pl\/index.php\/wp-json\/wp\/v2\/media?parent=3057"}],"curies":[{"name":"wp","href":"https:\/\/api.w.org\/{rel}","templated":true}]}}