{"id":3341,"date":"2023-11-17T14:39:59","date_gmt":"2023-11-17T13:39:59","guid":{"rendered":"https:\/\/zse-2.krakow.pl\/?page_id=3341"},"modified":"2026-03-27T19:35:04","modified_gmt":"2026-03-27T18:35:04","slug":"dni-otwarte","status":"publish","type":"page","link":"https:\/\/zse-2.krakow.pl\/index.php\/dni-otwarte\/","title":{"rendered":"Dni otwarte"},"content":{"rendered":"<p style=\"text-align: left;\">Terminy dni otwartych:<\/p>\n<ul>\n<li style=\"text-align: left;\">13.11.2025 (czwartek) \u2013 dzie\u0144 otwarty szko\u0142y podczas zebra\u0144 dla Rodzic\u00f3w.<\/li>\n<li style=\"text-align: left;\">08.01.2026 (czwartek) \u2013\u00a0 dzie\u0144 otwarty szko\u0142y podczas zebra\u0144 dla Rodzic\u00f3w.<\/li>\n<li style=\"text-align: left;\">19.02.2026 (czwartek) \u2013\u00a0 XVIII Prezentacje Nowohuckich Szk\u00f3\u0142 Ponadpodstawowych.<\/li>\n<li style=\"text-align: left;\">28.03.2026 (sobota) &#8211; dzie\u0144 otwarty szko\u0142y w ramach tygodnia zawodowc\u00f3w, w godz. 9:00 do 14:00. Dodatkowe atrakcje: symulator lot\u00f3w, strzelnica.<\/li>\n<li style=\"text-align: left;\">13.04.2026 (poniedzia\u0142ek) \u2013 dzie\u0144 otwarty szko\u0142y podczas zebra\u0144 dla Rodzic\u00f3w.<\/li>\n<li style=\"text-align: left;\">27.05.2026 (\u015broda) \u2013 festyn szkolny.<\/li>\n<\/ul>\n<div style=\"text-align: left;\">Wi\u0119cej o dniach otwartych dowiesz si\u0119 z naszych medi\u00f3w spo\u0142eczno\u015bciowych:<\/div>\n<p>&nbsp;<\/p>\n<div style=\"text-align: center;\"><a href=\"https:\/\/www.instagram.com\/zse2krakow\/\" target=\"_blank\" rel=\"noopener\"><img loading=\"lazy\" decoding=\"async\" class=\"alignnone wp-image-3345\" src=\"https:\/\/zse-2.krakow.pl\/wp-content\/uploads\/2023\/11\/Instagram_icon-150x150.png\" alt=\"instagram\" width=\"90\" height=\"90\" srcset=\"https:\/\/zse-2.krakow.pl\/wp-content\/uploads\/2023\/11\/Instagram_icon-150x150.png 150w, https:\/\/zse-2.krakow.pl\/wp-content\/uploads\/2023\/11\/Instagram_icon.png 256w\" sizes=\"auto, (max-width: 90px) 100vw, 90px\" \/><\/a> \u00a0 \u00a0 <a href=\"https:\/\/www.facebook.com\/zse2krakow\" target=\"_blank\" rel=\"noopener\"><img loading=\"lazy\" decoding=\"async\" class=\"alignnone wp-image-3343\" src=\"https:\/\/zse-2.krakow.pl\/wp-content\/uploads\/2023\/11\/facebook-150x150.png\" alt=\"facebook\" width=\"92\" height=\"90\" srcset=\"https:\/\/zse-2.krakow.pl\/wp-content\/uploads\/2023\/11\/facebook-300x294.png 300w, https:\/\/zse-2.krakow.pl\/wp-content\/uploads\/2023\/11\/facebook.png 376w\" sizes=\"auto, (max-width: 92px) 100vw, 92px\" \/><\/a> \u00a0 \u00a0 <a href=\"https:\/\/www.tiktok.com\/@zse_nr_2\" target=\"_blank\" rel=\"noopener\"><img loading=\"lazy\" decoding=\"async\" class=\"alignnone wp-image-3346\" src=\"https:\/\/zse-2.krakow.pl\/wp-content\/uploads\/2023\/11\/tik-tok_czarny-150x150.png\" alt=\"\" width=\"92\" height=\"90\" srcset=\"https:\/\/zse-2.krakow.pl\/wp-content\/uploads\/2023\/11\/tik-tok_czarny-300x294.png 300w, https:\/\/zse-2.krakow.pl\/wp-content\/uploads\/2023\/11\/tik-tok_czarny.png 376w\" sizes=\"auto, (max-width: 92px) 100vw, 92px\" \/><\/a><\/div>\n<\/p>\n<p><img loading=\"lazy\" decoding=\"async\" class=\"aligncenter wp-image-6955 size-full\" src=\"https:\/\/zse-2.krakow.pl\/wp-content\/uploads\/2026\/03\/ulotka-dni-otwarte-2026-v2.png\" alt=\"\" width=\"820\" height=\"1160\" srcset=\"https:\/\/zse-2.krakow.pl\/wp-content\/uploads\/2026\/03\/ulotka-dni-otwarte-2026-v2.png 820w, https:\/\/zse-2.krakow.pl\/wp-content\/uploads\/2026\/03\/ulotka-dni-otwarte-2026-v2-212x300.png 212w, https:\/\/zse-2.krakow.pl\/wp-content\/uploads\/2026\/03\/ulotka-dni-otwarte-2026-v2-724x1024.png 724w, https:\/\/zse-2.krakow.pl\/wp-content\/uploads\/2026\/03\/ulotka-dni-otwarte-2026-v2-768x1086.png 768w, https:\/\/zse-2.krakow.pl\/wp-content\/uploads\/2026\/03\/ulotka-dni-otwarte-2026-v2-763x1080.png 763w\" sizes=\"auto, (max-width: 820px) 100vw, 820px\" \/><\/p>\n<div style=\"text-align: left;\"><a href=\"https:\/\/zse-2.krakow.pl\/index.php\/rekrutacja-planowane-klasy\/\">Planowane klasy<\/a><\/div>\n<div><\/div>\n","protected":false},"excerpt":{"rendered":"<p>Terminy dni otwartych: 13.11.2025 (czwartek) \u2013 dzie\u0144 otwarty szko\u0142y podczas zebra\u0144 dla Rodzic\u00f3w. 08.01.2026 (czwartek) \u2013\u00a0 dzie\u0144 otwarty szko\u0142y podczas zebra\u0144 dla Rodzic\u00f3w. 19.02.2026 (czwartek) \u2013\u00a0 XVIII Prezentacje Nowohuckich Szk\u00f3\u0142 Ponadpodstawowych. 28.03.2026 (sobota) &#8211; dzie\u0144 otwarty szko\u0142y w ramach tygodnia zawodowc\u00f3w, w godz. 9:00 do 14:00. Dodatkowe atrakcje: symulator lot\u00f3w, strzelnica. 13.04.2026 (poniedzia\u0142ek) \u2013 dzie\u0144&hellip; <br \/> <a class=\"read-more\" href=\"https:\/\/zse-2.krakow.pl\/index.php\/dni-otwarte\/\">Dowiedz si\u0119 wi\u0119cej<\/a><\/p>\n","protected":false},"author":1,"featured_media":0,"parent":0,"menu_order":0,"comment_status":"closed","ping_status":"closed","template":"","meta":{"footnotes":""},"class_list":["post-3341","page","type-page","status-publish","hentry"],"_links":{"self":[{"href":"https:\/\/zse-2.krakow.pl\/index.php\/wp-json\/wp\/v2\/pages\/3341","targetHints":{"allow":["GET"]}}],"collection":[{"href":"https:\/\/zse-2.krakow.pl\/index.php\/wp-json\/wp\/v2\/pages"}],"about":[{"href":"https:\/\/zse-2.krakow.pl\/index.php\/wp-json\/wp\/v2\/types\/page"}],"author":[{"embeddable":true,"href":"https:\/\/zse-2.krakow.pl\/index.php\/wp-json\/wp\/v2\/users\/1"}],"replies":[{"embeddable":true,"href":"https:\/\/zse-2.krakow.pl\/index.php\/wp-json\/wp\/v2\/comments?post=3341"}],"version-history":[{"count":29,"href":"https:\/\/zse-2.krakow.pl\/index.php\/wp-json\/wp\/v2\/pages\/3341\/revisions"}],"predecessor-version":[{"id":6958,"href":"https:\/\/zse-2.krakow.pl\/index.php\/wp-json\/wp\/v2\/pages\/3341\/revisions\/6958"}],"wp:attachment":[{"href":"https:\/\/zse-2.krakow.pl\/index.php\/wp-json\/wp\/v2\/media?parent=3341"}],"curies":[{"name":"wp","href":"https:\/\/api.w.org\/{rel}","templated":true}]}}