{"id":3407,"date":"2023-11-22T16:03:45","date_gmt":"2023-11-22T15:03:45","guid":{"rendered":"https:\/\/zse-2.krakow.pl\/?page_id=3407"},"modified":"2023-11-22T16:36:10","modified_gmt":"2023-11-22T15:36:10","slug":"gabinet-stomatologiczny","status":"publish","type":"page","link":"https:\/\/zse-2.krakow.pl\/index.php\/gabinet-stomatologiczny\/","title":{"rendered":"Gabinet stomatologiczny"},"content":{"rendered":"<p><img loading=\"lazy\" decoding=\"async\" class=\"aligncenter wp-image-3408 size-large\" src=\"https:\/\/zse-2.krakow.pl\/wp-content\/uploads\/2023\/11\/dentist-2530983_1280-1024x680.jpg\" alt=\"\" width=\"1024\" height=\"680\" srcset=\"https:\/\/zse-2.krakow.pl\/wp-content\/uploads\/2023\/11\/dentist-2530983_1280-1024x680.jpg 1024w, https:\/\/zse-2.krakow.pl\/wp-content\/uploads\/2023\/11\/dentist-2530983_1280-300x199.jpg 300w, https:\/\/zse-2.krakow.pl\/wp-content\/uploads\/2023\/11\/dentist-2530983_1280-768x510.jpg 768w, https:\/\/zse-2.krakow.pl\/wp-content\/uploads\/2023\/11\/dentist-2530983_1280.jpg 1280w\" sizes=\"auto, (max-width: 1024px) 100vw, 1024px\" \/><\/p>\n<p>&nbsp;<\/p>\n<p style=\"text-align: left;\">Godziny pracy gabinetu stomatologicznego w\u00a0Zespole Szk\u00f3\u0142 Og\u00f3lnokszta\u0142c\u0105cych nr 14, os. Dywizjonu 303 nr 66:<\/p>\n\n<table id=\"tablepress-9\" class=\"tablepress tablepress-id-9\">\n<tbody class=\"row-striping row-hover\">\n<tr class=\"row-1\">\n\t<td class=\"column-1\">Poniedzia\u0142ek<\/td><td class=\"column-2\">8:00 - 14:00<\/td>\n<\/tr>\n<tr class=\"row-2\">\n\t<td class=\"column-1\">Wtorek<\/td><td class=\"column-2\">8:00 - 14:00<\/td>\n<\/tr>\n<tr class=\"row-3\">\n\t<td class=\"column-1\">\u015aroda<\/td><td class=\"column-2\">8:00 - 13:00<\/td>\n<\/tr>\n<tr class=\"row-4\">\n\t<td class=\"column-1\">Czwartek<\/td><td class=\"column-2\">8:00 - 14:00<\/td>\n<\/tr>\n<tr class=\"row-5\">\n\t<td class=\"column-1\">Pi\u0105tek<\/td><td class=\"column-2\">8:00 - 11:00<\/td>\n<\/tr>\n<\/tbody>\n<\/table>\n<!-- #tablepress-9 from cache -->\n<p><img loading=\"lazy\" decoding=\"async\" class=\"alignleft wp-image-199\" src=\"https:\/\/zse-2.krakow.pl\/wp-content\/uploads\/2022\/03\/phone-g829622d27_640-300x300.png\" alt=\"telefon\" width=\"52\" height=\"52\" srcset=\"https:\/\/zse-2.krakow.pl\/wp-content\/uploads\/2022\/03\/phone-g829622d27_640-300x300.png 300w, https:\/\/zse-2.krakow.pl\/wp-content\/uploads\/2022\/03\/phone-g829622d27_640-150x150.png 150w, https:\/\/zse-2.krakow.pl\/wp-content\/uploads\/2022\/03\/phone-g829622d27_640.png 640w\" sizes=\"auto, (max-width: 52px) 100vw, 52px\" \/><\/p>\n<p>&nbsp;<\/p>\n<p>&nbsp;<\/p>\n<p style=\"text-align: left;\">Umawianie wizyt pod nr tel. 668 441 470<\/p>\n","protected":false},"excerpt":{"rendered":"<p>&nbsp; Godziny pracy gabinetu stomatologicznego w\u00a0Zespole Szk\u00f3\u0142 Og\u00f3lnokszta\u0142c\u0105cych nr 14, os. Dywizjonu 303 nr 66: &nbsp; &nbsp; Umawianie wizyt pod nr tel. 668 441 470<\/p>\n","protected":false},"author":1,"featured_media":0,"parent":0,"menu_order":0,"comment_status":"closed","ping_status":"closed","template":"","meta":{"footnotes":""},"class_list":["post-3407","page","type-page","status-publish","hentry"],"_links":{"self":[{"href":"https:\/\/zse-2.krakow.pl\/index.php\/wp-json\/wp\/v2\/pages\/3407","targetHints":{"allow":["GET"]}}],"collection":[{"href":"https:\/\/zse-2.krakow.pl\/index.php\/wp-json\/wp\/v2\/pages"}],"about":[{"href":"https:\/\/zse-2.krakow.pl\/index.php\/wp-json\/wp\/v2\/types\/page"}],"author":[{"embeddable":true,"href":"https:\/\/zse-2.krakow.pl\/index.php\/wp-json\/wp\/v2\/users\/1"}],"replies":[{"embeddable":true,"href":"https:\/\/zse-2.krakow.pl\/index.php\/wp-json\/wp\/v2\/comments?post=3407"}],"version-history":[{"count":8,"href":"https:\/\/zse-2.krakow.pl\/index.php\/wp-json\/wp\/v2\/pages\/3407\/revisions"}],"predecessor-version":[{"id":3420,"href":"https:\/\/zse-2.krakow.pl\/index.php\/wp-json\/wp\/v2\/pages\/3407\/revisions\/3420"}],"wp:attachment":[{"href":"https:\/\/zse-2.krakow.pl\/index.php\/wp-json\/wp\/v2\/media?parent=3407"}],"curies":[{"name":"wp","href":"https:\/\/api.w.org\/{rel}","templated":true}]}}