{"id":362,"date":"2022-03-16T10:11:19","date_gmt":"2022-03-16T09:11:19","guid":{"rendered":"https:\/\/2022.zse-2.krakow.pl\/?page_id=362"},"modified":"2025-10-03T14:05:53","modified_gmt":"2025-10-03T12:05:53","slug":"pedagog","status":"publish","type":"page","link":"https:\/\/zse-2.krakow.pl\/index.php\/pedagog\/","title":{"rendered":"Pedagog i psycholog"},"content":{"rendered":"<p><img loading=\"lazy\" decoding=\"async\" class=\"aligncenter wp-image-861 size-full\" src=\"https:\/\/zse-2.krakow.pl\/wp-content\/uploads\/2022\/04\/gm3.jpg\" alt=\"Gra\u017cyna Marczyd\u0142o\" width=\"1000\" height=\"687\" srcset=\"https:\/\/zse-2.krakow.pl\/wp-content\/uploads\/2022\/04\/gm3.jpg 1000w, https:\/\/zse-2.krakow.pl\/wp-content\/uploads\/2022\/04\/gm3-300x206.jpg 300w, https:\/\/zse-2.krakow.pl\/wp-content\/uploads\/2022\/04\/gm3-768x528.jpg 768w\" sizes=\"auto, (max-width: 1000px) 100vw, 1000px\" \/><br \/>\n<strong>Gra\u017cyna Marczyd\u0142o<\/strong> &#8211; pedagog, socjoterapeutka Gestalt, trener profilaktyki uzale\u017cnie\u0144, profilaktyk zagro\u017ce\u0144 edukacyjnych. E-mail: gmarczydlo@zse-2.krakow.pl<br \/>\n<strong>Izabela Kluczy\u0144ska<\/strong> &#8211; pedagog specjalny, logopeda. E-mail: ikluczynska@zse-2.krakow.pl<br \/>\n<strong>Natalia Capiga<\/strong> &#8211; psycholog. E-mail: ncapiga@zse-2.krakow.pl<br \/>\n<strong>Weronika Rypel<\/strong> &#8211; pedagog, doradca zawodowy. E-mail: wrypel@zse-2.krakow.pl<br \/>\n<strong>Barbara Matejczuk<\/strong> &#8211; logopeda, neurologopeda, pedagog korekcyjny, oligofrenopedagog &#8211; indywidualne zaj\u0119cia rewalidacyjne z uczniami. E-mail: bmatejczuk@zse-2.krakow.pl<br \/>\n<strong>Magdalena Kubacka<\/strong> &#8211; Poradnia Psychologiczno \u2013 Pedagogicznej Nr 4 w Krakowie os. Kalinowe 19 \u2013 psycholog diagnozuj\u0105cy uczni\u00f3w ZSE Nr 2. Tel. 12 644 18 85<\/p>\n<p>Godziny pracy:<\/p>\n\n<table id=\"tablepress-6\" class=\"tablepress tablepress-id-6\">\n<thead>\n<tr class=\"row-1\">\n\t<td class=\"column-1\"><\/td><th class=\"column-2\"><center>Gra\u017cyna Marczyd\u0142o<\/center><\/th><th class=\"column-3\"><center>Izabela Kluczy\u0144ska<\/center><\/th><th class=\"column-4\"><center>Weronika Rypel<\/center><\/th><th class=\"column-5\"><center>Natalia Capiga<\/center><\/th>\n<\/tr>\n<\/thead>\n<tbody class=\"row-striping row-hover\">\n<tr class=\"row-2\">\n\t<td class=\"column-1\">pon.<\/td><td class=\"column-2\"><center>13<sup>00<\/sup> - 17<sup>00<\/sup><\/center><\/td><td class=\"column-3\"><center>7<sup>30<\/sup> - 12<sup>00<\/sup><\/center><\/td><td class=\"column-4\"><center>12<sup>00<\/sup> - 14<sup>00<\/sup><\/center><\/td><td class=\"column-5\"><center>7<sup>30<\/sup> - 8<sup>30<\/sup><br>9<sup>30<\/sup> - 12<sup>00<\/sup><\/center><\/td>\n<\/tr>\n<tr class=\"row-3\">\n\t<td class=\"column-1\">wt.<\/td><td class=\"column-2\"><center>7<sup>30<\/sup> - 12<sup>30<\/sup><\/center><\/td><td class=\"column-3\"><center>7<sup>30<\/sup> - 11<sup>30<\/sup><\/center><\/td><td class=\"column-4\"><center>10<sup>00<\/sup> - 15<sup>00<\/sup><\/center><\/td><td class=\"column-5\"><center>11<sup>00<\/sup> - 14<sup>00<\/sup><br>15<sup>00<\/sup> - 16<sup>00<\/sup><\/center><\/td>\n<\/tr>\n<tr class=\"row-4\">\n\t<td class=\"column-1\">\u015br.<\/td><td class=\"column-2\"><center>7<sup>30<\/sup> - 13<sup>00<\/sup><\/center><\/td><td class=\"column-3\"><center>7<sup>30<\/sup> - 12<sup>00<\/sup><\/center><\/td><td class=\"column-4\"><center>11<sup>30<\/sup> - 16<sup>30<\/sup><\/center><\/td><td class=\"column-5\"><center>11<sup>30<\/sup> - 12<sup>00<\/sup><br>13<sup>00<\/sup> - 16<sup>30<\/sup><\/center><\/td>\n<\/tr>\n<tr class=\"row-5\">\n\t<td class=\"column-1\">czw.<\/td><td class=\"column-2\"><center>7<sup>30<\/sup> - 12<sup>00<\/sup><\/center><\/td><td class=\"column-3\"><center>12<sup>45<\/sup> - 17<sup>30<\/sup><\/center><\/td><td class=\"column-4\"><center>7<sup>30<\/sup> - 11<sup>30<\/sup><\/center><\/td><td class=\"column-5\"><center>7<sup>30<\/sup> - 14<sup>00<\/sup><\/center><\/td>\n<\/tr>\n<tr class=\"row-6\">\n\t<td class=\"column-1\">pt.<\/td><td class=\"column-2\"><center>7<sup>30<\/sup> - 10<sup>30<\/sup><\/center><\/td><td class=\"column-3\"><center>12<sup>00<\/sup> - 14<sup>45<\/sup><br>15<sup>30<\/sup> - 16<sup>30<\/sup><\/center><\/td><td class=\"column-4\"><center>8<sup>00<\/sup> - 12<sup>00<\/sup><\/center><\/td><td class=\"column-5\"><center>7<sup>30<\/sup> - 10<sup>00<\/sup><br>Wybrane pi\u0105tki (06.03, 13.03, 20.03, 29.05, 12.06):<br \/>\n12<sup>30<\/sup> - 15<sup>00<\/sup><\/center><\/td>\n<\/tr>\n<\/tbody>\n<\/table>\n<!-- #tablepress-6 from cache -->\n<p style=\"text-align: left;\"><img loading=\"lazy\" decoding=\"async\" class=\"alignnone wp-image-199\" src=\"https:\/\/zse-2.krakow.pl\/wp-content\/uploads\/2022\/03\/phone-g829622d27_640-300x300.png\" alt=\"\" width=\"52\" height=\"52\" srcset=\"https:\/\/zse-2.krakow.pl\/wp-content\/uploads\/2022\/03\/phone-g829622d27_640-300x300.png 300w, https:\/\/zse-2.krakow.pl\/wp-content\/uploads\/2022\/03\/phone-g829622d27_640-150x150.png 150w, https:\/\/zse-2.krakow.pl\/wp-content\/uploads\/2022\/03\/phone-g829622d27_640.png 640w\" sizes=\"auto, (max-width: 52px) 100vw, 52px\" \/><\/p>\n<p style=\"text-align: left;\">Telefony zaufania dla dzieci i m\u0142odzie\u017cy:<\/p>\n<ul style=\"text-align: left;\">\n<li><a href=\"https:\/\/www.gov.pl\/web\/numer-alarmowy-112\/telefon-zaufania-dla-dzieci-i-mlodziezy\" target=\"_blank\" rel=\"noopener\"><strong>116 111<\/strong><\/a> (ca\u0142odobowy, 7 dni w tygodniu, po\u0142\u0105czenie bezp\u0142atne)<\/li>\n<li><a href=\"https:\/\/brpd.gov.pl\/dzieciecy-telefon-zaufania-rzecznika-praw-dziecka\/\" target=\"_blank\" rel=\"noopener\"><strong>800 12 12 12<\/strong><\/a> (ca\u0142odobowy, 7 dni w tygodniu, po\u0142\u0105czenie bezp\u0142atne)<\/li>\n<\/ul>\n<p>&nbsp;<\/p>\n","protected":false},"excerpt":{"rendered":"<p>Gra\u017cyna Marczyd\u0142o &#8211; pedagog, socjoterapeutka Gestalt, trener profilaktyki uzale\u017cnie\u0144, profilaktyk zagro\u017ce\u0144 edukacyjnych. E-mail: gmarczydlo@zse-2.krakow.pl Izabela Kluczy\u0144ska &#8211; pedagog specjalny, logopeda. E-mail: ikluczynska@zse-2.krakow.pl Natalia Capiga &#8211; psycholog. E-mail: ncapiga@zse-2.krakow.pl Weronika Rypel &#8211; pedagog, doradca zawodowy. E-mail: wrypel@zse-2.krakow.pl Barbara Matejczuk &#8211; logopeda, neurologopeda, pedagog korekcyjny, oligofrenopedagog &#8211; indywidualne zaj\u0119cia rewalidacyjne z uczniami. E-mail: bmatejczuk@zse-2.krakow.pl Magdalena Kubacka &#8211;&hellip; <br \/> <a class=\"read-more\" href=\"https:\/\/zse-2.krakow.pl\/index.php\/pedagog\/\">Dowiedz si\u0119 wi\u0119cej<\/a><\/p>\n","protected":false},"author":1,"featured_media":861,"parent":0,"menu_order":0,"comment_status":"closed","ping_status":"closed","template":"","meta":{"footnotes":""},"class_list":["post-362","page","type-page","status-publish","has-post-thumbnail","hentry"],"_links":{"self":[{"href":"https:\/\/zse-2.krakow.pl\/index.php\/wp-json\/wp\/v2\/pages\/362","targetHints":{"allow":["GET"]}}],"collection":[{"href":"https:\/\/zse-2.krakow.pl\/index.php\/wp-json\/wp\/v2\/pages"}],"about":[{"href":"https:\/\/zse-2.krakow.pl\/index.php\/wp-json\/wp\/v2\/types\/page"}],"author":[{"embeddable":true,"href":"https:\/\/zse-2.krakow.pl\/index.php\/wp-json\/wp\/v2\/users\/1"}],"replies":[{"embeddable":true,"href":"https:\/\/zse-2.krakow.pl\/index.php\/wp-json\/wp\/v2\/comments?post=362"}],"version-history":[{"count":33,"href":"https:\/\/zse-2.krakow.pl\/index.php\/wp-json\/wp\/v2\/pages\/362\/revisions"}],"predecessor-version":[{"id":5989,"href":"https:\/\/zse-2.krakow.pl\/index.php\/wp-json\/wp\/v2\/pages\/362\/revisions\/5989"}],"wp:featuredmedia":[{"embeddable":true,"href":"https:\/\/zse-2.krakow.pl\/index.php\/wp-json\/wp\/v2\/media\/861"}],"wp:attachment":[{"href":"https:\/\/zse-2.krakow.pl\/index.php\/wp-json\/wp\/v2\/media?parent=362"}],"curies":[{"name":"wp","href":"https:\/\/api.w.org\/{rel}","templated":true}]}}