{"id":375,"date":"2022-03-16T10:28:37","date_gmt":"2022-03-16T09:28:37","guid":{"rendered":"https:\/\/2022.zse-2.krakow.pl\/?page_id=375"},"modified":"2025-09-08T15:53:18","modified_gmt":"2025-09-08T13:53:18","slug":"dyrekcja","status":"publish","type":"page","link":"https:\/\/zse-2.krakow.pl\/index.php\/dyrekcja\/","title":{"rendered":"Dyrekcja"},"content":{"rendered":"<h3><\/h3>\n<h3 style=\"text-align: center;\">Dyrekcja Zespo\u0142u Szk\u00f3\u0142 Ekonomicznych Nr 2<\/h3>\n<p style=\"text-align: center;\"><strong>mgr Dariusz B\u0142\u0105dek <\/strong>\u2013 dyrektor<\/p>\n<p style=\"text-align: center;\"><strong>mgr Danuta G\u00f3rska <\/strong>\u2013 wicedyrektor<\/p>\n<p style=\"text-align: center;\"><strong>mgr Irena Kania <\/strong>\u2013 wicedyrektor<\/p>\n<p style=\"text-align: center;\"><strong>mgr Dorota St\u0119pak-Sad\u0142ocha <\/strong>\u2013 wicedyrektor<\/p>\n<p style=\"text-align: center;\"><strong>mgr Alina Trzopek <\/strong>&#8211; kierownik szkolenia praktycznego<\/p>\n<h3><img loading=\"lazy\" decoding=\"async\" class=\"wp-image-890 size-large aligncenter\" src=\"https:\/\/zse-2.krakow.pl\/wp-content\/uploads\/2022\/04\/blockchain-g05b6b84fd_1280-1024x232.jpg\" alt=\"\" width=\"1024\" height=\"232\" srcset=\"https:\/\/zse-2.krakow.pl\/wp-content\/uploads\/2022\/04\/blockchain-g05b6b84fd_1280-1024x232.jpg 1024w, https:\/\/zse-2.krakow.pl\/wp-content\/uploads\/2022\/04\/blockchain-g05b6b84fd_1280-300x68.jpg 300w, https:\/\/zse-2.krakow.pl\/wp-content\/uploads\/2022\/04\/blockchain-g05b6b84fd_1280-768x174.jpg 768w, https:\/\/zse-2.krakow.pl\/wp-content\/uploads\/2022\/04\/blockchain-g05b6b84fd_1280.jpg 1280w\" sizes=\"auto, (max-width: 1024px) 100vw, 1024px\" \/><\/h3>\n<h3 style=\"text-align: center;\">Dy\u017cury kadry kierowniczej w roku szkolnym 2025\/2026<\/h3>\n\n<table id=\"tablepress-5\" class=\"tablepress tablepress-id-5\">\n<tbody class=\"row-striping row-hover\">\n<tr class=\"row-1\">\n\t<td class=\"column-1\"><center>Poniedzia\u0142ek<\/center><\/td><td class=\"column-2\"><center>7<sup>20<\/sup> - 13<sup>00<\/sup><br\/>D.  G\u00f3rska<\/center><\/td><td class=\"column-3\"><center>od 13<sup>00<\/sup> do  ostatniej lekcji <br\/>D. St\u0119pak-Sad\u0142ocha<\/center><\/td>\n<\/tr>\n<tr class=\"row-2\">\n\t<td class=\"column-1\"><center>Wtorek<\/center><\/td><td class=\"column-2\"><center>7<sup>20<\/sup> - 13<sup>00<\/sup><br\/>I. Kania<\/center><\/td><td class=\"column-3\"><center>od 13<sup>00<\/sup> do  ostatniej lekcji <br\/>D. G\u00f3rska<\/center><\/td>\n<\/tr>\n<tr class=\"row-3\">\n\t<td class=\"column-1\"><center>\u015aroda<\/center><\/td><td class=\"column-2\"><center>7<sup>20<\/sup> - 13<sup>00<\/sup><br\/>I. Kania<\/center><\/td><td class=\"column-3\"><center>od 13<sup>00<\/sup> do  ostatniej lekcji <br\/>D. St\u0119pak-Sad\u0142ocha<\/center><\/td>\n<\/tr>\n<tr class=\"row-4\">\n\t<td class=\"column-1\"><center>Czwartek<\/center><\/td><td class=\"column-2\"><center>7<sup>20<\/sup> - 13<sup>00<\/sup><br\/>D. St\u0119pak-Sad\u0142ocha<\/center><\/td><td class=\"column-3\"><center>od 13<sup>00<\/sup> do  ostatniej lekcji <br\/>A. Trzopek<\/center><\/td>\n<\/tr>\n<tr class=\"row-5\">\n\t<td class=\"column-1\"><center>Pi\u0105tek<\/center><\/td><td class=\"column-2\"><center>7<sup>20<\/sup> - 13<sup>00<\/sup><br\/>A. Trzopek<\/center><\/td><td class=\"column-3\"><center>od 13<sup>00<\/sup> do  ostatniej lekcji <br\/>D. G\u00f3rska<\/center><\/td>\n<\/tr>\n<\/tbody>\n<\/table>\n<!-- #tablepress-5 from cache -->\n","protected":false},"excerpt":{"rendered":"<p>Dyrekcja Zespo\u0142u Szk\u00f3\u0142 Ekonomicznych Nr 2 mgr Dariusz B\u0142\u0105dek \u2013 dyrektor mgr Danuta G\u00f3rska \u2013 wicedyrektor mgr Irena Kania \u2013 wicedyrektor mgr Dorota St\u0119pak-Sad\u0142ocha \u2013 wicedyrektor mgr Alina Trzopek &#8211; kierownik szkolenia praktycznego Dy\u017cury kadry kierowniczej w roku szkolnym 2025\/2026<\/p>\n","protected":false},"author":1,"featured_media":890,"parent":0,"menu_order":0,"comment_status":"closed","ping_status":"closed","template":"","meta":{"footnotes":""},"class_list":["post-375","page","type-page","status-publish","has-post-thumbnail","hentry"],"_links":{"self":[{"href":"https:\/\/zse-2.krakow.pl\/index.php\/wp-json\/wp\/v2\/pages\/375","targetHints":{"allow":["GET"]}}],"collection":[{"href":"https:\/\/zse-2.krakow.pl\/index.php\/wp-json\/wp\/v2\/pages"}],"about":[{"href":"https:\/\/zse-2.krakow.pl\/index.php\/wp-json\/wp\/v2\/types\/page"}],"author":[{"embeddable":true,"href":"https:\/\/zse-2.krakow.pl\/index.php\/wp-json\/wp\/v2\/users\/1"}],"replies":[{"embeddable":true,"href":"https:\/\/zse-2.krakow.pl\/index.php\/wp-json\/wp\/v2\/comments?post=375"}],"version-history":[{"count":11,"href":"https:\/\/zse-2.krakow.pl\/index.php\/wp-json\/wp\/v2\/pages\/375\/revisions"}],"predecessor-version":[{"id":5905,"href":"https:\/\/zse-2.krakow.pl\/index.php\/wp-json\/wp\/v2\/pages\/375\/revisions\/5905"}],"wp:featuredmedia":[{"embeddable":true,"href":"https:\/\/zse-2.krakow.pl\/index.php\/wp-json\/wp\/v2\/media\/890"}],"wp:attachment":[{"href":"https:\/\/zse-2.krakow.pl\/index.php\/wp-json\/wp\/v2\/media?parent=375"}],"curies":[{"name":"wp","href":"https:\/\/api.w.org\/{rel}","templated":true}]}}