{"id":3805,"date":"2024-01-31T14:40:48","date_gmt":"2024-01-31T13:40:48","guid":{"rendered":"https:\/\/zse-2.krakow.pl\/?page_id=3805"},"modified":"2024-12-02T16:08:55","modified_gmt":"2024-12-02T15:08:55","slug":"strzelnica","status":"publish","type":"page","link":"https:\/\/zse-2.krakow.pl\/index.php\/strzelnica\/","title":{"rendered":"Strzelnica"},"content":{"rendered":"<p style=\"text-align: left;\">Informujemy, \u017ce w Zespole Szk\u00f3\u0142 Ekonomicznych Nr 2 w Krakowie jest realizowany <strong>program\u00a0 Ministerstwa Obrony Narodowej \u201eStrzelnica w powiecie 2023\u201d<\/strong>.<\/p>\n<p style=\"text-align: left;\">Program ma na celu:<\/p>\n<ol style=\"text-align: left;\">\n<li>Rozw\u00f3j sportu strzeleckiego w Polsce;<\/li>\n<li>Zwi\u0119kszenie dost\u0119pu do szkole\u0144 strzeleckich dla uczni\u00f3w szk\u00f3\u0142, kt\u00f3re prowadz\u0105 dzia\u0142alno\u015b\u0107 dydaktyczno \u2013 wychowawcz\u0105 w dziedzinie obronno\u015bci pa\u0144stwa;<\/li>\n<li>Podniesienie atrakcyjno\u015bci sportu strzeleckiego, kszta\u0142towanie i utrwalanie prawid\u0142owych nawyk\u00f3w strzeleckich w\u015br\u00f3d uczni\u00f3w szk\u00f3\u0142 i cz\u0142onk\u00f3w organizacji pro-obronnych, w sytuacjach zbli\u017conych do rzeczywistych reali\u00f3w u\u017cycia broni palnej;<\/li>\n<li>Aktywizacja formacji uzbrojonych niewchodz\u0105cych w sk\u0142ad Si\u0142 Zbrojnych zainteresowanych sportem strzeleckim.<\/li>\n<\/ol>\n<p style=\"text-align: left;\">Wirtualna strzelnica w Zespole Szk\u00f3\u0142 Ekonomicznych Nr 2\u00a0 przeznaczona jest do prowadzenia szkolenia strzeleckiego\u00a0w oparciu o multimedialny, laserowy system szkolno &#8211; treningowy \u201ePOJEDYNEK\u201d\u00a0. Umo\u017cliwia on\u00a0 nauk\u0119 \u00a0i doskonalenie umiej\u0119tno\u015bci w bezpiecznym pos\u0142ugiwaniu si\u0119 broni\u0105 oraz realizacji strzela\u0144 o zr\u00f3\u017cnicowanym \u00a0stopniu trudno\u015bci, na r\u00f3\u017cnych wirtualnych odleg\u0142o\u015bciach, przy zmiennych warunkach o\u015bwietlenia, \u00a0z postaw strzeleckich: le\u017c\u0105c, kl\u0119cz\u0105c, stoj\u0105c. Strzelnica umo\u017cliwia prowadzenie \u0107wicze\u0144 jednocze\u015bnie dla 4 strzelaj\u0105cych z wykorzystaniem r\u00f3\u017cnych rodzaj\u00f3w broni treningowej \u2013 karabink\u00f3w i\/lub pistolet\u00f3w (laserowych symulator\u00f3w broni).<\/p>\n<div class='embed-container'><iframe loading=\"lazy\" title=\"Pojedynek - prezentacja systemu szkolno-treningowego\" width=\"1920\" height=\"1080\" src=\"https:\/\/www.youtube.com\/embed\/4sljT0YZPJk?feature=oembed\" frameborder=\"0\" allow=\"accelerometer; autoplay; clipboard-write; encrypted-media; gyroscope; picture-in-picture; web-share\" referrerpolicy=\"strict-origin-when-cross-origin\" allowfullscreen><\/iframe><\/div>\n<p style=\"text-align: left;\">Prawo korzystania z wirtualnej strzelnicy maj\u0105 uczniowie szk\u00f3\u0142 prowadz\u0105cych dzia\u0142alno\u015b\u0107 dydaktyczno &#8211; wychowawcz\u0105 w dziedzinie obronno\u015bci pa\u0144stwa, uczniowie Zespo\u0142u Szk\u00f3\u0142 Ekonomicznych Nr 2 w Krakowie, organizacje pozarz\u0105dowe prowadz\u0105ce dzia\u0142alno\u015b\u0107 na rzecz obronno\u015bci pa\u0144stwa oraz inne osoby upowa\u017cnione przez Dyrekcj\u0119 Szko\u0142y.<\/p>\n<p style=\"text-align: left;\">Strzelnica jest dost\u0119pna dla os\u00f3b zainteresowanych od poniedzia\u0142ku do pi\u0105tku w godzinach od 15:00\u00a0 do 20:00 po wcze\u015bniejszym uzgodnieniu terminu.<\/p>\n<p style=\"text-align: left;\"><strong>Kontakt telefoniczny\u00a0\u00a0 12 644 22 59\u00a0 \u00a0\u00a0lub\u00a0 \u00a0\u00a0adres e-mail: sekretariat@zse-2.krakow.pl<\/strong><\/p>\n<p style=\"text-align: left;\">Korzystanie z wirtualnej strzelnicy jest mo\u017cliwe tylko i wy\u0142\u0105cznie za wiedz\u0105 i zgod\u0105 Dyrekcji Szko\u0142y oraz osoby upowa\u017cnionej do zarz\u0105dzania strzelnic\u0105.<\/p>\n<p><a href=\"https:\/\/zse-2.krakow.pl\/wp-content\/uploads\/2024\/01\/regulamin-strzelnicy-A3.pdf\" target=\"_blank\" rel=\"noopener\">Regulamin strzelnicy<\/a><\/p>\n<p>Galeria zdj\u0119\u0107 z naszej strzelnicy:<\/p>\n<style type=\"text\/css\">\n#foogallery-gallery-3817 .fg-image { width: 150px; }\n#foogallery-gallery-3817 { --fg-gutter: 10px; }<\/style>\n\t\t\t<div class=\"foogallery foogallery-container foogallery-default foogallery-lightbox-foogallery fg-center fg-m-col2 fg-default fg-ready fg-light fg-border-thin fg-shadow-outline fg-loading-default fg-loaded-fade-in fg-caption-hover fg-hover-fade fg-hover-zoom\" id=\"foogallery-gallery-3817\" data-foogallery=\"{&quot;item&quot;:{&quot;showCaptionTitle&quot;:true,&quot;showCaptionDescription&quot;:true},&quot;lazy&quot;:true}\" data-foogallery-lightbox=\"{&quot;thumbs&quot;:&quot;bottom&quot;,&quot;thumbsCaptions&quot;:false,&quot;thumbsBestFit&quot;:false,&quot;thumbsSmall&quot;:false,&quot;thumbsCaptionsAlign&quot;:&quot;default&quot;,&quot;info&quot;:&quot;bottom&quot;,&quot;infoVisible&quot;:true,&quot;infoOverlay&quot;:true,&quot;infoAlign&quot;:&quot;default&quot;,&quot;transition&quot;:&quot;fade&quot;,&quot;hoverButtons&quot;:false,&quot;fitMedia&quot;:false,&quot;noScrollbars&quot;:true,&quot;preserveButtonSpace&quot;:true,&quot;buttons&quot;:{&quot;fullscreen&quot;:true,&quot;info&quot;:true,&quot;thumbs&quot;:false},&quot;video&quot;:{&quot;autoPlay&quot;:true}}\" style=\"--fg-title-line-clamp: 0; --fg-description-line-clamp: 0;\" >\n\t<div class=\"fg-item fg-type-image fg-idle\"><figure class=\"fg-item-inner\"><a href=\"https:\/\/zse-2.krakow.pl\/wp-content\/uploads\/2024\/02\/strzelnica_ZSE2_2024_02.jpg\" data-attachment-id=\"3819\" data-type=\"image\" class=\"fg-thumb\"><span class=\"fg-image-wrap\"><img decoding=\"async\" width=\"150\" height=\"150\" class=\"skip-lazy fg-image\" data-src-fg=\"https:\/\/zse-2.krakow.pl\/wp-content\/uploads\/cache\/2024\/02\/strzelnica_ZSE2_2024_02\/20911511.jpg\" src=\"data:image\/svg+xml,%3Csvg%20xmlns%3D%22http%3A%2F%2Fwww.w3.org%2F2000%2Fsvg%22%20width%3D%22150%22%20height%3D%22150%22%20viewBox%3D%220%200%20150%20150%22%3E%3C%2Fsvg%3E\" loading=\"eager\"><\/span><span class=\"fg-image-overlay\"><\/span><\/a><\/figure><div class=\"fg-loader\"><\/div><\/div><div class=\"fg-item fg-type-image fg-idle\"><figure class=\"fg-item-inner\"><a href=\"https:\/\/zse-2.krakow.pl\/wp-content\/uploads\/2024\/02\/strzelnica_ZSE2_2024_03.jpg\" data-attachment-id=\"3820\" data-type=\"image\" class=\"fg-thumb\"><span class=\"fg-image-wrap\"><img decoding=\"async\" width=\"150\" height=\"150\" class=\"skip-lazy fg-image\" data-src-fg=\"https:\/\/zse-2.krakow.pl\/wp-content\/uploads\/cache\/2024\/02\/strzelnica_ZSE2_2024_03\/1125375209.jpg\" src=\"data:image\/svg+xml,%3Csvg%20xmlns%3D%22http%3A%2F%2Fwww.w3.org%2F2000%2Fsvg%22%20width%3D%22150%22%20height%3D%22150%22%20viewBox%3D%220%200%20150%20150%22%3E%3C%2Fsvg%3E\" loading=\"eager\"><\/span><span class=\"fg-image-overlay\"><\/span><\/a><\/figure><div class=\"fg-loader\"><\/div><\/div><div class=\"fg-item fg-type-image fg-idle\"><figure class=\"fg-item-inner\"><a href=\"https:\/\/zse-2.krakow.pl\/wp-content\/uploads\/2024\/02\/strzelnica_ZSE2_2024_04.jpg\" data-attachment-id=\"3821\" data-type=\"image\" class=\"fg-thumb\"><span class=\"fg-image-wrap\"><img decoding=\"async\" width=\"150\" height=\"150\" class=\"skip-lazy fg-image\" data-src-fg=\"https:\/\/zse-2.krakow.pl\/wp-content\/uploads\/cache\/2024\/02\/strzelnica_ZSE2_2024_04\/3352378154.jpg\" src=\"data:image\/svg+xml,%3Csvg%20xmlns%3D%22http%3A%2F%2Fwww.w3.org%2F2000%2Fsvg%22%20width%3D%22150%22%20height%3D%22150%22%20viewBox%3D%220%200%20150%20150%22%3E%3C%2Fsvg%3E\" loading=\"eager\"><\/span><span class=\"fg-image-overlay\"><\/span><\/a><\/figure><div class=\"fg-loader\"><\/div><\/div><div class=\"fg-item fg-type-image fg-idle\"><figure class=\"fg-item-inner\"><a href=\"https:\/\/zse-2.krakow.pl\/wp-content\/uploads\/2024\/02\/strzelnica_ZSE2_2024_05.jpg\" data-attachment-id=\"3822\" data-type=\"image\" class=\"fg-thumb\"><span class=\"fg-image-wrap\"><img decoding=\"async\" width=\"150\" height=\"150\" class=\"skip-lazy fg-image\" data-src-fg=\"https:\/\/zse-2.krakow.pl\/wp-content\/uploads\/cache\/2024\/02\/strzelnica_ZSE2_2024_05\/1107431067.jpg\" src=\"data:image\/svg+xml,%3Csvg%20xmlns%3D%22http%3A%2F%2Fwww.w3.org%2F2000%2Fsvg%22%20width%3D%22150%22%20height%3D%22150%22%20viewBox%3D%220%200%20150%20150%22%3E%3C%2Fsvg%3E\" loading=\"eager\"><\/span><span class=\"fg-image-overlay\"><\/span><\/a><\/figure><div class=\"fg-loader\"><\/div><\/div><div class=\"fg-item fg-type-image fg-idle\"><figure class=\"fg-item-inner\"><a href=\"https:\/\/zse-2.krakow.pl\/wp-content\/uploads\/2024\/02\/strzelnica_ZSE2_2024_06.jpg\" data-attachment-id=\"3823\" data-type=\"image\" class=\"fg-thumb\"><span class=\"fg-image-wrap\"><img decoding=\"async\" width=\"150\" height=\"150\" class=\"skip-lazy fg-image\" data-src-fg=\"https:\/\/zse-2.krakow.pl\/wp-content\/uploads\/cache\/2024\/02\/strzelnica_ZSE2_2024_06\/1116399522.jpg\" src=\"data:image\/svg+xml,%3Csvg%20xmlns%3D%22http%3A%2F%2Fwww.w3.org%2F2000%2Fsvg%22%20width%3D%22150%22%20height%3D%22150%22%20viewBox%3D%220%200%20150%20150%22%3E%3C%2Fsvg%3E\" loading=\"eager\"><\/span><span class=\"fg-image-overlay\"><\/span><\/a><\/figure><div class=\"fg-loader\"><\/div><\/div><div class=\"fg-item fg-type-image fg-idle\"><figure class=\"fg-item-inner\"><a href=\"https:\/\/zse-2.krakow.pl\/wp-content\/uploads\/2024\/02\/strzelnica_ZSE2_2024_09.jpg\" data-attachment-id=\"3826\" data-type=\"image\" class=\"fg-thumb\"><span class=\"fg-image-wrap\"><img decoding=\"async\" width=\"150\" height=\"150\" class=\"skip-lazy fg-image\" data-src-fg=\"https:\/\/zse-2.krakow.pl\/wp-content\/uploads\/cache\/2024\/02\/strzelnica_ZSE2_2024_09\/1075948159.jpg\" src=\"data:image\/svg+xml,%3Csvg%20xmlns%3D%22http%3A%2F%2Fwww.w3.org%2F2000%2Fsvg%22%20width%3D%22150%22%20height%3D%22150%22%20viewBox%3D%220%200%20150%20150%22%3E%3C%2Fsvg%3E\" loading=\"eager\"><\/span><span class=\"fg-image-overlay\"><\/span><\/a><\/figure><div class=\"fg-loader\"><\/div><\/div><div class=\"fg-item fg-type-image fg-idle\"><figure class=\"fg-item-inner\"><a href=\"https:\/\/zse-2.krakow.pl\/wp-content\/uploads\/2024\/02\/strzelnica_ZSE2_2024_10.jpg\" data-attachment-id=\"3827\" data-type=\"image\" class=\"fg-thumb\"><span class=\"fg-image-wrap\"><img decoding=\"async\" width=\"150\" height=\"150\" class=\"skip-lazy fg-image\" data-src-fg=\"https:\/\/zse-2.krakow.pl\/wp-content\/uploads\/cache\/2024\/02\/strzelnica_ZSE2_2024_10\/3323087821.jpg\" src=\"data:image\/svg+xml,%3Csvg%20xmlns%3D%22http%3A%2F%2Fwww.w3.org%2F2000%2Fsvg%22%20width%3D%22150%22%20height%3D%22150%22%20viewBox%3D%220%200%20150%20150%22%3E%3C%2Fsvg%3E\" loading=\"eager\"><\/span><span class=\"fg-image-overlay\"><\/span><\/a><\/figure><div class=\"fg-loader\"><\/div><\/div><div class=\"fg-item fg-type-image fg-idle\"><figure class=\"fg-item-inner\"><a href=\"https:\/\/zse-2.krakow.pl\/wp-content\/uploads\/2024\/02\/strzelnica_ZSE2_2024_12.jpg\" data-attachment-id=\"3829\" data-type=\"image\" class=\"fg-thumb\"><span class=\"fg-image-wrap\"><img decoding=\"async\" width=\"150\" height=\"150\" class=\"skip-lazy fg-image\" data-src-fg=\"https:\/\/zse-2.krakow.pl\/wp-content\/uploads\/cache\/2024\/02\/strzelnica_ZSE2_2024_12\/3185329592.jpg\" src=\"data:image\/svg+xml,%3Csvg%20xmlns%3D%22http%3A%2F%2Fwww.w3.org%2F2000%2Fsvg%22%20width%3D%22150%22%20height%3D%22150%22%20viewBox%3D%220%200%20150%20150%22%3E%3C%2Fsvg%3E\" loading=\"eager\"><\/span><span class=\"fg-image-overlay\"><\/span><\/a><\/figure><div class=\"fg-loader\"><\/div><\/div><div class=\"fg-item fg-type-image fg-idle\"><figure class=\"fg-item-inner\"><a href=\"https:\/\/zse-2.krakow.pl\/wp-content\/uploads\/2024\/02\/strzelnica_ZSE2_2024_01.jpg\" data-attachment-id=\"3818\" data-type=\"image\" class=\"fg-thumb\"><span class=\"fg-image-wrap\"><img decoding=\"async\" width=\"150\" height=\"150\" class=\"skip-lazy fg-image\" data-src-fg=\"https:\/\/zse-2.krakow.pl\/wp-content\/uploads\/cache\/2024\/02\/strzelnica_ZSE2_2024_01\/28834990.jpg\" src=\"data:image\/svg+xml,%3Csvg%20xmlns%3D%22http%3A%2F%2Fwww.w3.org%2F2000%2Fsvg%22%20width%3D%22150%22%20height%3D%22150%22%20viewBox%3D%220%200%20150%20150%22%3E%3C%2Fsvg%3E\" loading=\"eager\"><\/span><span class=\"fg-image-overlay\"><\/span><\/a><\/figure><div class=\"fg-loader\"><\/div><\/div><\/div>\n\n","protected":false},"excerpt":{"rendered":"<p>Informujemy, \u017ce w Zespole Szk\u00f3\u0142 Ekonomicznych Nr 2 w Krakowie jest realizowany program\u00a0 Ministerstwa Obrony Narodowej \u201eStrzelnica w powiecie 2023\u201d. Program ma na celu: Rozw\u00f3j sportu strzeleckiego w Polsce; Zwi\u0119kszenie dost\u0119pu do szkole\u0144 strzeleckich dla uczni\u00f3w szk\u00f3\u0142, kt\u00f3re prowadz\u0105 dzia\u0142alno\u015b\u0107 dydaktyczno \u2013 wychowawcz\u0105 w dziedzinie obronno\u015bci pa\u0144stwa; Podniesienie atrakcyjno\u015bci sportu strzeleckiego, kszta\u0142towanie i utrwalanie prawid\u0142owych&hellip; <br \/> <a class=\"read-more\" href=\"https:\/\/zse-2.krakow.pl\/index.php\/strzelnica\/\">Dowiedz si\u0119 wi\u0119cej<\/a><\/p>\n","protected":false},"author":1,"featured_media":3811,"parent":0,"menu_order":0,"comment_status":"closed","ping_status":"closed","template":"","meta":{"footnotes":""},"class_list":["post-3805","page","type-page","status-publish","has-post-thumbnail","hentry"],"_links":{"self":[{"href":"https:\/\/zse-2.krakow.pl\/index.php\/wp-json\/wp\/v2\/pages\/3805","targetHints":{"allow":["GET"]}}],"collection":[{"href":"https:\/\/zse-2.krakow.pl\/index.php\/wp-json\/wp\/v2\/pages"}],"about":[{"href":"https:\/\/zse-2.krakow.pl\/index.php\/wp-json\/wp\/v2\/types\/page"}],"author":[{"embeddable":true,"href":"https:\/\/zse-2.krakow.pl\/index.php\/wp-json\/wp\/v2\/users\/1"}],"replies":[{"embeddable":true,"href":"https:\/\/zse-2.krakow.pl\/index.php\/wp-json\/wp\/v2\/comments?post=3805"}],"version-history":[{"count":7,"href":"https:\/\/zse-2.krakow.pl\/index.php\/wp-json\/wp\/v2\/pages\/3805\/revisions"}],"predecessor-version":[{"id":4884,"href":"https:\/\/zse-2.krakow.pl\/index.php\/wp-json\/wp\/v2\/pages\/3805\/revisions\/4884"}],"wp:featuredmedia":[{"embeddable":true,"href":"https:\/\/zse-2.krakow.pl\/index.php\/wp-json\/wp\/v2\/media\/3811"}],"wp:attachment":[{"href":"https:\/\/zse-2.krakow.pl\/index.php\/wp-json\/wp\/v2\/media?parent=3805"}],"curies":[{"name":"wp","href":"https:\/\/api.w.org\/{rel}","templated":true}]}}