{"id":4089,"date":"2024-04-15T15:14:15","date_gmt":"2024-04-15T13:14:15","guid":{"rendered":"https:\/\/zse-2.krakow.pl\/?page_id=4089"},"modified":"2024-12-02T16:21:48","modified_gmt":"2024-12-02T15:21:48","slug":"symulator-lotu","status":"publish","type":"page","link":"https:\/\/zse-2.krakow.pl\/index.php\/symulator-lotu\/","title":{"rendered":"Symulator lotu"},"content":{"rendered":"<p style=\"text-align: left;\"><span style=\"font-family: Arial;\">W naszej szkole zosta\u0142 zbudowany stacjonarny symulator lot\u00f3w. Maszyna zainstalowana jest w sali informatycznej nr 49 i zosta\u0142a podpi\u0119ta do tablicy, kt\u00f3ra stanowi ekran naszych lataj\u0105cych maszyn. <\/span><span style=\"font-family: Arial;\">Symulator daje mo\u017cliwo\u015b\u0107 wcielenia si\u0119 w pilota jednego z 30 samolot\u00f3w takich jak: Airbus 320, Boeing 737 \u2013 800, Cessna 172, F-18 i wiele innych.\u00a0<\/span><\/p>\n<p style=\"text-align: left;\"><span style=\"font-family: Arial;\">Urz\u0105dzenie bazuje na aplikacji\u00a0<b>Microsoft Flight Symulator 2020<\/b> i jest obs\u0142ugiwane przez pot\u0119\u017cny komputer. Doskona\u0142ych wra\u017ce\u0144 d\u017awi\u0119kowych dostarcza karta d\u017awi\u0119kowa\u00a0Sound BlasterX AE-5. <\/span><span style=\"font-family: Arial;\">Kokpit samolotu stanowi\u0105 elektroniczne i manualne urz\u0105dzenia:<\/span><\/p>\n<ul>\n<li style=\"text-align: left;\"><span style=\"font-family: Arial;\">Logitech G Saitek Pro Flight Instrument Panel<\/span><\/li>\n<li style=\"text-align: left;\"><span style=\"font-family: Arial;\">Logitech G Saitek Pro Flight Multi Panel<\/span><\/li>\n<li style=\"text-align: left;\"><span style=\"font-family: Arial;\">Logitech G Saitek Pro Flight Switch Panel<\/span><\/li>\n<li style=\"text-align: left;\"><span style=\"font-family: Arial;\">Turtle Beach VelocityOne Flight<\/span><\/li>\n<li style=\"text-align: left;\"><span style=\"font-family: Arial;\">Thrustmaster TCA Sidestick Airbus Edition<\/span><\/li>\n<\/ul>\n<p style=\"text-align: left;\"><span style=\"font-family: Arial;\">Wybieraj\u0105c scenariusze, mo\u017cemy przeprowadzi\u0107 podstawowe szkolenia na r\u00f3\u017cnych samolotach. <\/span><span style=\"font-family: Arial;\">Za pomoc\u0105 dost\u0119pnej mapy \u015bwiata potrafimy zobaczy\u0107 ka\u017cde lotnisko i jego otoczenie. Pilotowanie samolotu w nocy, w deszczu, ponad chmurami? Nie ma problemu! Wystarczy odpowiednio skonfigurowa\u0107 warunki pogodowe lotu. Wyzwania l\u0105dowania daj\u0105 mo\u017cliwo\u015b\u0107 sprawdzenia swoich umiej\u0119tno\u015bci w najtrudniejszych portach lotniczych \u015bwiata. Natomiast modu\u0142 \u201eciekawe miejsca\u201d pozwoli zwiedzi\u0107 najwi\u0119ksze miasta, parki narodowe, a nawet zobaczy\u0107 sw\u00f3j dom. Zawansowani piloci wirtualni mog\u0105 korzysta\u0107 z komunikacji radiowej i zarz\u0105dza\u0107 komputerem pok\u0142adowym, planuj\u0105c lot w dowolne miejsce na \u015bwiece. <\/span><span style=\"font-family: Arial;\">Symulator korzysta z olbrzymiej bazy wszystkich port\u00f3w lotniczych \u015bwiata, a scenerie i ukszta\u0142towanie terenu odwzorowuje na podstawie zdj\u0119\u0107 satelitarnych.\u00a0<\/span><\/p>\n<p style=\"text-align: left;\"><span style=\"font-family: Arial;\">Zainstalowany sprz\u0119t stanowi narz\u0119dzie do nauki dla technik\u00f3w lotniskowych s\u0142u\u017cb operacyjnych, daj\u0105c mo\u017cliwo\u015b\u0107 poznania procedur lotniskowych oraz budowy statk\u00f3w powietrznych.<\/span><\/p>\n<p style=\"text-align: left;\"><span style=\"font-family: Arial;\">Zapraszamy wszystkich zainteresowanych uczni\u00f3w naszej szko\u0142y i kandydat\u00f3w podczas dni otwartych i targ\u00f3w edukacyjnych na zaj\u0119cia pokazowe, na kt\u00f3rych poznacie mo\u017cliwo\u015bci naszego symulatora i poczujecie si\u0119 jak zawodowi piloci.<\/span><\/p>\n<p style=\"text-align: left;\"><span style=\"font-family: Arial;\">Zg\u0142oszenia prosz\u0119 kierowa\u0107 do opiekuna symulatora Pana Macieja Belcarza.<\/span><\/p>\n<style type=\"text\/css\">\n#foogallery-gallery-4067 .fg-image { width: 150px; }\n#foogallery-gallery-4067 { --fg-gutter: 10px; }<\/style>\n\t\t\t<div class=\"foogallery foogallery-container foogallery-default foogallery-lightbox-foogallery fg-center fg-m-col2 fg-default fg-ready fg-light fg-border-thin fg-shadow-outline fg-loading-default fg-loaded-fade-in fg-caption-hover fg-hover-fade fg-hover-zoom\" id=\"foogallery-gallery-4067\" data-foogallery=\"{&quot;item&quot;:{&quot;showCaptionTitle&quot;:true,&quot;showCaptionDescription&quot;:true},&quot;lazy&quot;:true}\" data-foogallery-lightbox=\"{&quot;thumbs&quot;:&quot;bottom&quot;,&quot;thumbsCaptions&quot;:false,&quot;thumbsBestFit&quot;:false,&quot;thumbsSmall&quot;:false,&quot;thumbsCaptionsAlign&quot;:&quot;default&quot;,&quot;info&quot;:&quot;bottom&quot;,&quot;infoVisible&quot;:true,&quot;infoOverlay&quot;:true,&quot;infoAlign&quot;:&quot;default&quot;,&quot;transition&quot;:&quot;fade&quot;,&quot;hoverButtons&quot;:false,&quot;fitMedia&quot;:false,&quot;noScrollbars&quot;:true,&quot;preserveButtonSpace&quot;:true,&quot;buttons&quot;:{&quot;fullscreen&quot;:true,&quot;info&quot;:true,&quot;thumbs&quot;:false},&quot;video&quot;:{&quot;autoPlay&quot;:true}}\" style=\"--fg-title-line-clamp: 0; --fg-description-line-clamp: 0;\" >\n\t<div class=\"fg-item fg-type-image fg-idle\"><figure class=\"fg-item-inner\"><a href=\"https:\/\/zse-2.krakow.pl\/wp-content\/uploads\/2024\/04\/symulator_01.jpg\" data-attachment-id=\"4068\" data-type=\"image\" class=\"fg-thumb\"><span class=\"fg-image-wrap\"><img decoding=\"async\" width=\"150\" height=\"150\" class=\"skip-lazy fg-image\" data-src-fg=\"https:\/\/zse-2.krakow.pl\/wp-content\/uploads\/cache\/2024\/04\/symulator_01\/4145232285.jpg\" src=\"data:image\/svg+xml,%3Csvg%20xmlns%3D%22http%3A%2F%2Fwww.w3.org%2F2000%2Fsvg%22%20width%3D%22150%22%20height%3D%22150%22%20viewBox%3D%220%200%20150%20150%22%3E%3C%2Fsvg%3E\" loading=\"eager\"><\/span><span class=\"fg-image-overlay\"><\/span><\/a><\/figure><div class=\"fg-loader\"><\/div><\/div><div class=\"fg-item fg-type-image fg-idle\"><figure class=\"fg-item-inner\"><a href=\"https:\/\/zse-2.krakow.pl\/wp-content\/uploads\/2024\/04\/symulator_02.jpg\" data-attachment-id=\"4069\" data-type=\"image\" class=\"fg-thumb\"><span class=\"fg-image-wrap\"><img decoding=\"async\" width=\"150\" height=\"150\" class=\"skip-lazy fg-image\" data-src-fg=\"https:\/\/zse-2.krakow.pl\/wp-content\/uploads\/cache\/2024\/04\/symulator_02\/2922583750.jpg\" src=\"data:image\/svg+xml,%3Csvg%20xmlns%3D%22http%3A%2F%2Fwww.w3.org%2F2000%2Fsvg%22%20width%3D%22150%22%20height%3D%22150%22%20viewBox%3D%220%200%20150%20150%22%3E%3C%2Fsvg%3E\" loading=\"eager\"><\/span><span class=\"fg-image-overlay\"><\/span><\/a><\/figure><div class=\"fg-loader\"><\/div><\/div><div class=\"fg-item fg-type-image fg-idle\"><figure class=\"fg-item-inner\"><a href=\"https:\/\/zse-2.krakow.pl\/wp-content\/uploads\/2024\/04\/symulator_03.jpg\" data-attachment-id=\"4070\" data-type=\"image\" class=\"fg-thumb\"><span class=\"fg-image-wrap\"><img decoding=\"async\" width=\"150\" height=\"150\" class=\"skip-lazy fg-image\" data-src-fg=\"https:\/\/zse-2.krakow.pl\/wp-content\/uploads\/cache\/2024\/04\/symulator_03\/2073555187.jpg\" src=\"data:image\/svg+xml,%3Csvg%20xmlns%3D%22http%3A%2F%2Fwww.w3.org%2F2000%2Fsvg%22%20width%3D%22150%22%20height%3D%22150%22%20viewBox%3D%220%200%20150%20150%22%3E%3C%2Fsvg%3E\" loading=\"eager\"><\/span><span class=\"fg-image-overlay\"><\/span><\/a><\/figure><div class=\"fg-loader\"><\/div><\/div><div class=\"fg-item fg-type-image fg-idle\"><figure class=\"fg-item-inner\"><a href=\"https:\/\/zse-2.krakow.pl\/wp-content\/uploads\/2024\/04\/symulator_04.jpg\" data-attachment-id=\"4071\" data-type=\"image\" class=\"fg-thumb\"><span class=\"fg-image-wrap\"><img decoding=\"async\" width=\"150\" height=\"150\" class=\"skip-lazy fg-image\" data-src-fg=\"https:\/\/zse-2.krakow.pl\/wp-content\/uploads\/cache\/2024\/04\/symulator_04\/2801652050.jpg\" src=\"data:image\/svg+xml,%3Csvg%20xmlns%3D%22http%3A%2F%2Fwww.w3.org%2F2000%2Fsvg%22%20width%3D%22150%22%20height%3D%22150%22%20viewBox%3D%220%200%20150%20150%22%3E%3C%2Fsvg%3E\" loading=\"eager\"><\/span><span class=\"fg-image-overlay\"><\/span><\/a><\/figure><div class=\"fg-loader\"><\/div><\/div><div class=\"fg-item fg-type-image fg-idle\"><figure class=\"fg-item-inner\"><a href=\"https:\/\/zse-2.krakow.pl\/wp-content\/uploads\/2024\/04\/symulator_05.jpg\" data-attachment-id=\"4072\" data-type=\"image\" class=\"fg-thumb\"><span class=\"fg-image-wrap\"><img decoding=\"async\" width=\"150\" height=\"150\" class=\"skip-lazy fg-image\" data-src-fg=\"https:\/\/zse-2.krakow.pl\/wp-content\/uploads\/cache\/2024\/04\/symulator_05\/3386355269.jpg\" src=\"data:image\/svg+xml,%3Csvg%20xmlns%3D%22http%3A%2F%2Fwww.w3.org%2F2000%2Fsvg%22%20width%3D%22150%22%20height%3D%22150%22%20viewBox%3D%220%200%20150%20150%22%3E%3C%2Fsvg%3E\" loading=\"eager\"><\/span><span class=\"fg-image-overlay\"><\/span><\/a><\/figure><div class=\"fg-loader\"><\/div><\/div><div class=\"fg-item fg-type-image fg-idle\"><figure class=\"fg-item-inner\"><a href=\"https:\/\/zse-2.krakow.pl\/wp-content\/uploads\/2024\/04\/symulator_06.jpg\" data-attachment-id=\"4073\" data-type=\"image\" class=\"fg-thumb\"><span class=\"fg-image-wrap\"><img decoding=\"async\" width=\"150\" height=\"150\" class=\"skip-lazy fg-image\" data-src-fg=\"https:\/\/zse-2.krakow.pl\/wp-content\/uploads\/cache\/2024\/04\/symulator_06\/2432139550.jpg\" src=\"data:image\/svg+xml,%3Csvg%20xmlns%3D%22http%3A%2F%2Fwww.w3.org%2F2000%2Fsvg%22%20width%3D%22150%22%20height%3D%22150%22%20viewBox%3D%220%200%20150%20150%22%3E%3C%2Fsvg%3E\" loading=\"eager\"><\/span><span class=\"fg-image-overlay\"><\/span><\/a><\/figure><div class=\"fg-loader\"><\/div><\/div><div class=\"fg-item fg-type-image fg-idle\"><figure class=\"fg-item-inner\"><a href=\"https:\/\/zse-2.krakow.pl\/wp-content\/uploads\/2024\/04\/symulator_07.jpg\" data-attachment-id=\"4074\" data-type=\"image\" class=\"fg-thumb\"><span class=\"fg-image-wrap\"><img decoding=\"async\" width=\"150\" height=\"150\" class=\"skip-lazy fg-image\" data-src-fg=\"https:\/\/zse-2.krakow.pl\/wp-content\/uploads\/cache\/2024\/04\/symulator_07\/394481771.jpg\" src=\"data:image\/svg+xml,%3Csvg%20xmlns%3D%22http%3A%2F%2Fwww.w3.org%2F2000%2Fsvg%22%20width%3D%22150%22%20height%3D%22150%22%20viewBox%3D%220%200%20150%20150%22%3E%3C%2Fsvg%3E\" loading=\"eager\"><\/span><span class=\"fg-image-overlay\"><\/span><\/a><\/figure><div class=\"fg-loader\"><\/div><\/div><div class=\"fg-item fg-type-image fg-idle\"><figure class=\"fg-item-inner\"><a href=\"https:\/\/zse-2.krakow.pl\/wp-content\/uploads\/2024\/04\/symulator_08.jpg\" data-attachment-id=\"4075\" data-type=\"image\" class=\"fg-thumb\"><span class=\"fg-image-wrap\"><img decoding=\"async\" width=\"150\" height=\"150\" class=\"skip-lazy fg-image\" data-src-fg=\"https:\/\/zse-2.krakow.pl\/wp-content\/uploads\/cache\/2024\/04\/symulator_08\/420244095.jpg\" src=\"data:image\/svg+xml,%3Csvg%20xmlns%3D%22http%3A%2F%2Fwww.w3.org%2F2000%2Fsvg%22%20width%3D%22150%22%20height%3D%22150%22%20viewBox%3D%220%200%20150%20150%22%3E%3C%2Fsvg%3E\" loading=\"eager\"><\/span><span class=\"fg-image-overlay\"><\/span><\/a><\/figure><div class=\"fg-loader\"><\/div><\/div><div class=\"fg-item fg-type-image fg-idle\"><figure class=\"fg-item-inner\"><a href=\"https:\/\/zse-2.krakow.pl\/wp-content\/uploads\/2024\/04\/symulator_09.jpg\" data-attachment-id=\"4076\" data-type=\"image\" class=\"fg-thumb\"><span class=\"fg-image-wrap\"><img decoding=\"async\" width=\"150\" height=\"150\" class=\"skip-lazy fg-image\" data-src-fg=\"https:\/\/zse-2.krakow.pl\/wp-content\/uploads\/cache\/2024\/04\/symulator_09\/1982207336.jpg\" src=\"data:image\/svg+xml,%3Csvg%20xmlns%3D%22http%3A%2F%2Fwww.w3.org%2F2000%2Fsvg%22%20width%3D%22150%22%20height%3D%22150%22%20viewBox%3D%220%200%20150%20150%22%3E%3C%2Fsvg%3E\" loading=\"eager\"><\/span><span class=\"fg-image-overlay\"><\/span><\/a><\/figure><div class=\"fg-loader\"><\/div><\/div><div class=\"fg-item fg-type-image fg-idle\"><figure class=\"fg-item-inner\"><a href=\"https:\/\/zse-2.krakow.pl\/wp-content\/uploads\/2024\/04\/symulator_10.jpg\" data-attachment-id=\"4077\" data-type=\"image\" class=\"fg-thumb\"><span class=\"fg-image-wrap\"><img decoding=\"async\" width=\"150\" height=\"150\" class=\"skip-lazy fg-image\" data-src-fg=\"https:\/\/zse-2.krakow.pl\/wp-content\/uploads\/cache\/2024\/04\/symulator_10\/2847748792.jpg\" src=\"data:image\/svg+xml,%3Csvg%20xmlns%3D%22http%3A%2F%2Fwww.w3.org%2F2000%2Fsvg%22%20width%3D%22150%22%20height%3D%22150%22%20viewBox%3D%220%200%20150%20150%22%3E%3C%2Fsvg%3E\" loading=\"eager\"><\/span><span class=\"fg-image-overlay\"><\/span><\/a><\/figure><div class=\"fg-loader\"><\/div><\/div><div class=\"fg-item fg-type-image fg-idle\"><figure class=\"fg-item-inner\"><a href=\"https:\/\/zse-2.krakow.pl\/wp-content\/uploads\/2024\/04\/symulator_11.jpg\" data-attachment-id=\"4078\" data-type=\"image\" class=\"fg-thumb\"><span class=\"fg-image-wrap\"><img decoding=\"async\" width=\"150\" height=\"150\" class=\"skip-lazy fg-image\" data-src-fg=\"https:\/\/zse-2.krakow.pl\/wp-content\/uploads\/cache\/2024\/04\/symulator_11\/621132104.jpg\" src=\"data:image\/svg+xml,%3Csvg%20xmlns%3D%22http%3A%2F%2Fwww.w3.org%2F2000%2Fsvg%22%20width%3D%22150%22%20height%3D%22150%22%20viewBox%3D%220%200%20150%20150%22%3E%3C%2Fsvg%3E\" loading=\"eager\"><\/span><span class=\"fg-image-overlay\"><\/span><\/a><\/figure><div class=\"fg-loader\"><\/div><\/div><div class=\"fg-item fg-type-image fg-idle\"><figure class=\"fg-item-inner\"><a href=\"https:\/\/zse-2.krakow.pl\/wp-content\/uploads\/2024\/04\/symulator_12.jpg\" data-attachment-id=\"4079\" data-type=\"image\" class=\"fg-thumb\"><span class=\"fg-image-wrap\"><img decoding=\"async\" width=\"150\" height=\"150\" class=\"skip-lazy fg-image\" data-src-fg=\"https:\/\/zse-2.krakow.pl\/wp-content\/uploads\/cache\/2024\/04\/symulator_12\/2082838035.jpg\" src=\"data:image\/svg+xml,%3Csvg%20xmlns%3D%22http%3A%2F%2Fwww.w3.org%2F2000%2Fsvg%22%20width%3D%22150%22%20height%3D%22150%22%20viewBox%3D%220%200%20150%20150%22%3E%3C%2Fsvg%3E\" loading=\"eager\"><\/span><span class=\"fg-image-overlay\"><\/span><\/a><\/figure><div class=\"fg-loader\"><\/div><\/div><div class=\"fg-item fg-type-image fg-idle\"><figure class=\"fg-item-inner\"><a href=\"https:\/\/zse-2.krakow.pl\/wp-content\/uploads\/2024\/04\/symulator_13.jpg\" data-attachment-id=\"4080\" data-type=\"image\" class=\"fg-thumb\"><span class=\"fg-image-wrap\"><img decoding=\"async\" width=\"150\" height=\"150\" class=\"skip-lazy fg-image\" data-src-fg=\"https:\/\/zse-2.krakow.pl\/wp-content\/uploads\/cache\/2024\/04\/symulator_13\/3332815460.jpg\" src=\"data:image\/svg+xml,%3Csvg%20xmlns%3D%22http%3A%2F%2Fwww.w3.org%2F2000%2Fsvg%22%20width%3D%22150%22%20height%3D%22150%22%20viewBox%3D%220%200%20150%20150%22%3E%3C%2Fsvg%3E\" loading=\"eager\"><\/span><span class=\"fg-image-overlay\"><\/span><\/a><\/figure><div class=\"fg-loader\"><\/div><\/div><div class=\"fg-item fg-type-image fg-idle\"><figure class=\"fg-item-inner\"><a href=\"https:\/\/zse-2.krakow.pl\/wp-content\/uploads\/2024\/04\/symulator_14.jpg\" data-attachment-id=\"4081\" data-type=\"image\" class=\"fg-thumb\"><span class=\"fg-image-wrap\"><img decoding=\"async\" width=\"150\" height=\"150\" class=\"skip-lazy fg-image\" data-src-fg=\"https:\/\/zse-2.krakow.pl\/wp-content\/uploads\/cache\/2024\/04\/symulator_14\/466394053.jpg\" src=\"data:image\/svg+xml,%3Csvg%20xmlns%3D%22http%3A%2F%2Fwww.w3.org%2F2000%2Fsvg%22%20width%3D%22150%22%20height%3D%22150%22%20viewBox%3D%220%200%20150%20150%22%3E%3C%2Fsvg%3E\" loading=\"eager\"><\/span><span class=\"fg-image-overlay\"><\/span><\/a><\/figure><div class=\"fg-loader\"><\/div><\/div><div class=\"fg-item fg-type-image fg-idle\"><figure class=\"fg-item-inner\"><a href=\"https:\/\/zse-2.krakow.pl\/wp-content\/uploads\/2024\/04\/symulator_15.jpg\" data-attachment-id=\"4082\" data-type=\"image\" class=\"fg-thumb\"><span class=\"fg-image-wrap\"><img decoding=\"async\" width=\"150\" height=\"150\" class=\"skip-lazy fg-image\" data-src-fg=\"https:\/\/zse-2.krakow.pl\/wp-content\/uploads\/cache\/2024\/04\/symulator_15\/1961288914.jpg\" src=\"data:image\/svg+xml,%3Csvg%20xmlns%3D%22http%3A%2F%2Fwww.w3.org%2F2000%2Fsvg%22%20width%3D%22150%22%20height%3D%22150%22%20viewBox%3D%220%200%20150%20150%22%3E%3C%2Fsvg%3E\" loading=\"eager\"><\/span><span class=\"fg-image-overlay\"><\/span><\/a><\/figure><div class=\"fg-loader\"><\/div><\/div><\/div>\n\n","protected":false},"excerpt":{"rendered":"<p>W naszej szkole zosta\u0142 zbudowany stacjonarny symulator lot\u00f3w. Maszyna zainstalowana jest w sali informatycznej nr 49 i zosta\u0142a podpi\u0119ta do tablicy, kt\u00f3ra stanowi ekran naszych lataj\u0105cych maszyn. Symulator daje mo\u017cliwo\u015b\u0107 wcielenia si\u0119 w pilota jednego z 30 samolot\u00f3w takich jak: Airbus 320, Boeing 737 \u2013 800, Cessna 172, F-18 i wiele innych.\u00a0 Urz\u0105dzenie bazuje na&hellip; <br \/> <a class=\"read-more\" href=\"https:\/\/zse-2.krakow.pl\/index.php\/symulator-lotu\/\">Dowiedz si\u0119 wi\u0119cej<\/a><\/p>\n","protected":false},"author":1,"featured_media":4076,"parent":0,"menu_order":0,"comment_status":"closed","ping_status":"closed","template":"","meta":{"footnotes":""},"class_list":["post-4089","page","type-page","status-publish","has-post-thumbnail","hentry"],"_links":{"self":[{"href":"https:\/\/zse-2.krakow.pl\/index.php\/wp-json\/wp\/v2\/pages\/4089","targetHints":{"allow":["GET"]}}],"collection":[{"href":"https:\/\/zse-2.krakow.pl\/index.php\/wp-json\/wp\/v2\/pages"}],"about":[{"href":"https:\/\/zse-2.krakow.pl\/index.php\/wp-json\/wp\/v2\/types\/page"}],"author":[{"embeddable":true,"href":"https:\/\/zse-2.krakow.pl\/index.php\/wp-json\/wp\/v2\/users\/1"}],"replies":[{"embeddable":true,"href":"https:\/\/zse-2.krakow.pl\/index.php\/wp-json\/wp\/v2\/comments?post=4089"}],"version-history":[{"count":6,"href":"https:\/\/zse-2.krakow.pl\/index.php\/wp-json\/wp\/v2\/pages\/4089\/revisions"}],"predecessor-version":[{"id":4894,"href":"https:\/\/zse-2.krakow.pl\/index.php\/wp-json\/wp\/v2\/pages\/4089\/revisions\/4894"}],"wp:featuredmedia":[{"embeddable":true,"href":"https:\/\/zse-2.krakow.pl\/index.php\/wp-json\/wp\/v2\/media\/4076"}],"wp:attachment":[{"href":"https:\/\/zse-2.krakow.pl\/index.php\/wp-json\/wp\/v2\/media?parent=4089"}],"curies":[{"name":"wp","href":"https:\/\/api.w.org\/{rel}","templated":true}]}}