{"id":44,"date":"2022-02-15T14:48:24","date_gmt":"2022-02-15T13:48:24","guid":{"rendered":"https:\/\/2022.zse-2.krakow.pl\/?page_id=44"},"modified":"2024-12-02T16:12:17","modified_gmt":"2024-12-02T15:12:17","slug":"deklaracja-dostepnosci","status":"publish","type":"page","link":"https:\/\/zse-2.krakow.pl\/index.php\/deklaracja-dostepnosci\/","title":{"rendered":"Deklaracja dost\u0119pno\u015bci"},"content":{"rendered":"<p style=\"text-align: left;\"><span id=\"a11y-wstep\"><strong id=\"a11y-podmiot\">Zesp\u00f3\u0142 Szk\u00f3\u0142 Ekonomicznych Nr 2 w Krakowie<\/strong> zobowi\u0105zuje si\u0119 zapewni\u0107 dost\u0119pno\u015b\u0107 swojej strony internetowej zgodnie z przepisami ustawy z dnia 4 kwietnia 2019 r. o dost\u0119pno\u015bci cyfrowej stron internetowych i aplikacji mobilnych podmiot\u00f3w publicznych. O\u015bwiadczenie w sprawie dost\u0119pno\u015bci ma zastosowanie do strony internetowej <a id=\"a11y-url\" href=\"https:\/\/zse-2.krakow.pl\">https:\/\/zse-2.krakow.pl<\/a>.<\/span><br \/>\nData publikacji strony internetowej: <span id=\"a11y-data-publikacja\">2022-04-12<\/span><br \/>\nData ostatniej istotnej aktualizacji: <span id=\"a11y-data-aktualizacja\">2024-03-20<\/span><\/p>\n<h3 style=\"text-align: left;\"><strong>Status pod wzgl\u0119dem zgodno\u015bci z ustaw\u0105<\/strong><\/h3>\n<p style=\"text-align: left;\"><span id=\"a11y-status\">Strona internetowa jest cz\u0119\u015bciowo zgodna z ustaw\u0105 z dnia 4 kwietnia 2019 r. o dost\u0119pno\u015bci cyfrowej stron internetowych i aplikacji mobilnych podmiot\u00f3w publicznych z powodu niezgodno\u015bci wymienionych poni\u017cej:<\/span><\/p>\n<ul style=\"text-align: left;\">\n<li>niekt\u00f3re z grafik nie posiadaj\u0105 tekst\u00f3w alternatywnych;<\/li>\n<li>niekt\u00f3re filmy nie posiadaj\u0105 napis\u00f3w;<\/li>\n<li>niekt\u00f3re z za\u0142\u0105cznik\u00f3w mog\u0105 nie posiada\u0107 warstwy tekstowej (skan).<\/li>\n<\/ul>\n<p style=\"text-align: left;\">Powody wy\u0142\u0105czenia:<\/p>\n<ul>\n<li style=\"text-align: left;\">mapy s\u0105 wy\u0142\u0105czone z obowi\u0105zku zapewniania dost\u0119pno\u015bci;<\/li>\n<li style=\"text-align: left;\">dokumenty archiwalne mog\u0105 nie by\u0107 w pe\u0142ni dost\u0119pne;<\/li>\n<li style=\"text-align: left;\">strona internetowa jest systematycznie dostosowywane do zgodno\u015bci z ustaw\u0105 z dnia 4 kwietnia 2019 r. o dost\u0119pno\u015bci cyfrowej stron internetowych i aplikacji mobilnych podmiot\u00f3w publicznych.<\/li>\n<\/ul>\n<h3 id=\"a11y-data-sporzadzenie\" style=\"text-align: left;\"><strong>Data sporz\u0105dzenia Deklaracji i metoda oceny dost\u0119pno\u015bci cyfrowej<\/strong><\/h3>\n<p style=\"text-align: left;\">Niniejsze o\u015bwiadczenie sporz\u0105dzono dnia: <span id=\"a11y-data-sporzadzenie\">2022-04-12<\/span><br \/>\nDeklaracj\u0119 sporz\u0105dzono na podstawie samooceny przeprowadzonej przez podmiot publiczny.<\/p>\n<h3 style=\"text-align: left;\"><strong>Skr\u00f3ty klawiaturowe<\/strong><\/h3>\n<p style=\"text-align: left;\">Na stronie internetowej mo\u017cna u\u017cywa\u0107 standardowych skr\u00f3t\u00f3w klawiaturowych przegl\u0105darki.<\/p>\n<h3 id=\"a11y-kontakt\" style=\"text-align: left;\"><strong>Informacje zwrotne i dane kontaktowe<\/strong><\/h3>\n<p style=\"text-align: left;\">W przypadku problem\u00f3w z dost\u0119pno\u015bci\u0105 strony internetowej prosimy o kontakt. Osob\u0105 kontaktow\u0105 jest <span id=\"a11y-osoba\">Marek Sotwin<\/span>, <span id=\"a11y-email\">msotwin@zse-2.krakow.pl<\/span>. Kontaktowa\u0107 mo\u017cna si\u0119 tak\u017ce dzwoni\u0105c na numer telefonu <span id=\"a11y-telefon\">+48126442259<\/span>. T\u0105 sam\u0105 drog\u0105 mo\u017cna sk\u0142ada\u0107 wnioski o udost\u0119pnienie informacji niedost\u0119pnej oraz sk\u0142ada\u0107 skargi na brak zapewnienia dost\u0119pno\u015bci.<\/p>\n<h3 id=\"a11y-procedura\" style=\"text-align: left;\"><strong>Informacje na temat procedury<\/strong><\/h3>\n<p style=\"text-align: left;\">Ka\u017cdy ma prawo do wyst\u0105pienia z \u017c\u0105daniem zapewnienia dost\u0119pno\u015bci cyfrowej strony internetowej, aplikacji mobilnej lub jakiego\u015b ich elementu. Mo\u017cna tak\u017ce za\u017c\u0105da\u0107 udost\u0119pnienia informacji za pomoc\u0105 alternatywnego sposobu dost\u0119pu, na przyk\u0142ad przez odczytanie niedost\u0119pnego cyfrowo dokumentu, opisanie zawarto\u015bci filmu itp. \u017b\u0105danie powinno zawiera\u0107 dane osoby zg\u0142aszaj\u0105cej \u017c\u0105danie, wskazanie, o kt\u00f3r\u0105 stron\u0119 internetow\u0105 lub aplikacj\u0119 mobiln\u0105 chodzi oraz spos\u00f3b kontaktu. Je\u017celi osoba \u017c\u0105daj\u0105ca zg\u0142asza potrzeb\u0119 otrzymania informacji za pomoc\u0105 alternatywnego sposobu dost\u0119pu, powinna tak\u017ce okre\u015bli\u0107 dogodny dla niej spos\u00f3b przedstawienia tej informacji. Podmiot publiczny powinien zrealizowa\u0107 \u017c\u0105danie niezw\u0142ocznie, nie p\u00f3\u017aniej ni\u017c w ci\u0105gu 7 dni od dnia wyst\u0105pienia z \u017c\u0105daniem. Je\u017celi dotrzymanie tego terminu nie jest mo\u017cliwe, podmiot publiczny niezw\u0142ocznie informuje o tym wnosz\u0105cego \u017c\u0105danie, kiedy realizacja \u017c\u0105dania b\u0119dzie mo\u017cliwa, przy czym termin ten nie mo\u017ce by\u0107 d\u0142u\u017cszy ni\u017c 2 miesi\u0105ce od dnia wyst\u0105pienia z \u017c\u0105daniem. Je\u017celi zapewnienie dost\u0119pno\u015bci cyfrowej nie jest mo\u017cliwe, podmiot publiczny mo\u017ce zaproponowa\u0107 alternatywny spos\u00f3b dost\u0119pu do informacji. W przypadku, gdy podmiot publiczny odm\u00f3wi realizacji \u017c\u0105dania zapewnienia dost\u0119pno\u015bci lub alternatywnego sposobu dost\u0119pu do informacji, wnosz\u0105cy \u017c\u0105danie mo\u017cne z\u0142o\u017cy\u0107 skarg\u0119 w sprawie zapewniana dost\u0119pno\u015bci cyfrowej strony internetowej, aplikacji mobilnej lub elementu strony internetowej, lub aplikacji mobilnej. Po wyczerpaniu wskazanej wy\u017cej procedury mo\u017cna tak\u017ce z\u0142o\u017cy\u0107 wniosek do <a href=\"https:\/\/www.rpo.gov.pl\/\" target=\"_blank\" rel=\"noopener\">Rzecznika Praw Obywatelskich<\/a>.<\/p>\n<h3 id=\"a11y-architektura\" style=\"text-align: left;\"><strong>Dost\u0119pno\u015b\u0107 architektoniczna<\/strong><\/h3>\n<p style=\"text-align: left;\">W zwi\u0105zku z ustaw\u0105 z dnia 19 lipca 2019 r. o zapewnieniu dost\u0119pno\u015bci osobom ze szczeg\u00f3lnymi potrzebami, informujemy \u017ce szko\u0142a posiada udogodnienia dla os\u00f3b ze szczeg\u00f3lnymi potrzebami:<\/p>\n<ul>\n<li style=\"text-align: left;\">Oznaczone miejsce parkingowe.<\/li>\n<li style=\"text-align: left;\">Pochylnia zapewniaj\u0105ca dost\u0119p do g\u0142\u00f3wnego wej\u015bcia szko\u0142y (na zdj\u0119ciu poni\u017cej).<\/li>\n<li style=\"text-align: left;\">Winda dla w\u00f3zk\u00f3w inwalidzkich, kt\u00f3ra zapewnia dost\u0119pno\u015b\u0107 pierwszej kondygnacji budynku.<\/li>\n<li style=\"text-align: left;\">Oznaczenie kontrastowe schod\u00f3w.<\/li>\n<li style=\"text-align: left;\">Toaleta dla os\u00f3b niepe\u0142nosprawnych na pierwszej kondygnacji.<\/li>\n<\/ul>\n<style type=\"text\/css\">\n#foogallery-gallery-4044 .fg-image { width: 150px; }\n#foogallery-gallery-4044 { --fg-gutter: 10px; }<\/style>\n\t\t\t<div class=\"foogallery foogallery-container foogallery-default foogallery-lightbox-foogallery fg-center fg-m-col2 fg-default fg-ready fg-light fg-border-thin fg-shadow-outline fg-loading-default fg-loaded-fade-in fg-caption-hover fg-hover-fade fg-hover-zoom\" id=\"foogallery-gallery-4044\" data-foogallery=\"{&quot;item&quot;:{&quot;showCaptionTitle&quot;:true,&quot;showCaptionDescription&quot;:true},&quot;lazy&quot;:true}\" data-foogallery-lightbox=\"{&quot;thumbs&quot;:&quot;bottom&quot;,&quot;thumbsCaptions&quot;:false,&quot;thumbsBestFit&quot;:false,&quot;thumbsSmall&quot;:false,&quot;thumbsCaptionsAlign&quot;:&quot;default&quot;,&quot;info&quot;:&quot;bottom&quot;,&quot;infoVisible&quot;:true,&quot;infoOverlay&quot;:true,&quot;infoAlign&quot;:&quot;default&quot;,&quot;transition&quot;:&quot;fade&quot;,&quot;hoverButtons&quot;:false,&quot;fitMedia&quot;:false,&quot;noScrollbars&quot;:true,&quot;preserveButtonSpace&quot;:true,&quot;buttons&quot;:{&quot;fullscreen&quot;:true,&quot;info&quot;:true,&quot;thumbs&quot;:false},&quot;video&quot;:{&quot;autoPlay&quot;:true}}\" style=\"--fg-title-line-clamp: 0; --fg-description-line-clamp: 0;\" >\n\t<div class=\"fg-item fg-type-image fg-idle\"><figure class=\"fg-item-inner\"><a href=\"https:\/\/zse-2.krakow.pl\/wp-content\/uploads\/2024\/03\/parking.jpg\" data-attachment-id=\"4392\" data-type=\"image\" class=\"fg-thumb\"><span class=\"fg-image-wrap\"><img decoding=\"async\" width=\"150\" height=\"150\" class=\"skip-lazy fg-image\" data-src-fg=\"https:\/\/zse-2.krakow.pl\/wp-content\/uploads\/cache\/2024\/03\/parking\/1923070171.jpg\" src=\"data:image\/svg+xml,%3Csvg%20xmlns%3D%22http%3A%2F%2Fwww.w3.org%2F2000%2Fsvg%22%20width%3D%22150%22%20height%3D%22150%22%20viewBox%3D%220%200%20150%20150%22%3E%3C%2Fsvg%3E\" loading=\"eager\"><\/span><span class=\"fg-image-overlay\"><\/span><\/a><\/figure><div class=\"fg-loader\"><\/div><\/div><div class=\"fg-item fg-type-image fg-idle\"><figure class=\"fg-item-inner\"><a href=\"https:\/\/zse-2.krakow.pl\/wp-content\/uploads\/2024\/03\/IMG_20240321_150811.jpg\" data-attachment-id=\"4046\" data-type=\"image\" class=\"fg-thumb\"><span class=\"fg-image-wrap\"><img decoding=\"async\" width=\"150\" height=\"150\" class=\"skip-lazy fg-image\" data-src-fg=\"https:\/\/zse-2.krakow.pl\/wp-content\/uploads\/cache\/2024\/03\/IMG_20240321_150811\/3310640464.jpg\" src=\"data:image\/svg+xml,%3Csvg%20xmlns%3D%22http%3A%2F%2Fwww.w3.org%2F2000%2Fsvg%22%20width%3D%22150%22%20height%3D%22150%22%20viewBox%3D%220%200%20150%20150%22%3E%3C%2Fsvg%3E\" loading=\"eager\"><\/span><span class=\"fg-image-overlay\"><\/span><\/a><\/figure><div class=\"fg-loader\"><\/div><\/div><div class=\"fg-item fg-type-image fg-idle\"><figure class=\"fg-item-inner\"><a href=\"https:\/\/zse-2.krakow.pl\/wp-content\/uploads\/2024\/03\/IMG_20240321_151119.jpg\" data-attachment-id=\"4047\" data-type=\"image\" class=\"fg-thumb\"><span class=\"fg-image-wrap\"><img decoding=\"async\" width=\"150\" height=\"150\" class=\"skip-lazy fg-image\" data-src-fg=\"https:\/\/zse-2.krakow.pl\/wp-content\/uploads\/cache\/2024\/03\/IMG_20240321_151119\/2595994900.jpg\" src=\"data:image\/svg+xml,%3Csvg%20xmlns%3D%22http%3A%2F%2Fwww.w3.org%2F2000%2Fsvg%22%20width%3D%22150%22%20height%3D%22150%22%20viewBox%3D%220%200%20150%20150%22%3E%3C%2Fsvg%3E\" loading=\"eager\"><\/span><span class=\"fg-image-overlay\"><\/span><\/a><\/figure><div class=\"fg-loader\"><\/div><\/div><div class=\"fg-item fg-type-image fg-idle\"><figure class=\"fg-item-inner\"><a href=\"https:\/\/zse-2.krakow.pl\/wp-content\/uploads\/2024\/03\/IMG_20240321_151356_1.jpg\" data-attachment-id=\"4048\" data-type=\"image\" class=\"fg-thumb\"><span class=\"fg-image-wrap\"><img decoding=\"async\" width=\"150\" height=\"150\" class=\"skip-lazy fg-image\" data-src-fg=\"https:\/\/zse-2.krakow.pl\/wp-content\/uploads\/cache\/2024\/03\/IMG_20240321_151356_1\/1654189369.jpg\" src=\"data:image\/svg+xml,%3Csvg%20xmlns%3D%22http%3A%2F%2Fwww.w3.org%2F2000%2Fsvg%22%20width%3D%22150%22%20height%3D%22150%22%20viewBox%3D%220%200%20150%20150%22%3E%3C%2Fsvg%3E\" loading=\"eager\"><\/span><span class=\"fg-image-overlay\"><\/span><\/a><\/figure><div class=\"fg-loader\"><\/div><\/div><div class=\"fg-item fg-type-image fg-idle\"><figure class=\"fg-item-inner\"><a href=\"https:\/\/zse-2.krakow.pl\/wp-content\/uploads\/2024\/03\/IMG_20240321_151638_1.jpg\" data-attachment-id=\"4049\" data-type=\"image\" class=\"fg-thumb\"><span class=\"fg-image-wrap\"><img decoding=\"async\" width=\"150\" height=\"150\" class=\"skip-lazy fg-image\" data-src-fg=\"https:\/\/zse-2.krakow.pl\/wp-content\/uploads\/cache\/2024\/03\/IMG_20240321_151638_1\/1806759087.jpg\" src=\"data:image\/svg+xml,%3Csvg%20xmlns%3D%22http%3A%2F%2Fwww.w3.org%2F2000%2Fsvg%22%20width%3D%22150%22%20height%3D%22150%22%20viewBox%3D%220%200%20150%20150%22%3E%3C%2Fsvg%3E\" loading=\"eager\"><\/span><span class=\"fg-image-overlay\"><\/span><\/a><\/figure><div class=\"fg-loader\"><\/div><\/div><div class=\"fg-item fg-type-image fg-idle\"><figure class=\"fg-item-inner\"><a href=\"https:\/\/zse-2.krakow.pl\/wp-content\/uploads\/2024\/03\/IMG_20240321_150442.jpg\" data-attachment-id=\"4045\" data-type=\"image\" class=\"fg-thumb\"><span class=\"fg-image-wrap\"><img decoding=\"async\" width=\"150\" height=\"150\" class=\"skip-lazy fg-image\" data-src-fg=\"https:\/\/zse-2.krakow.pl\/wp-content\/uploads\/cache\/2024\/03\/IMG_20240321_150442\/313715006.jpg\" src=\"data:image\/svg+xml,%3Csvg%20xmlns%3D%22http%3A%2F%2Fwww.w3.org%2F2000%2Fsvg%22%20width%3D%22150%22%20height%3D%22150%22%20viewBox%3D%220%200%20150%20150%22%3E%3C%2Fsvg%3E\" loading=\"eager\"><\/span><span class=\"fg-image-overlay\"><\/span><\/a><\/figure><div class=\"fg-loader\"><\/div><\/div><div class=\"fg-item fg-type-image fg-idle\"><figure class=\"fg-item-inner\"><a href=\"https:\/\/zse-2.krakow.pl\/wp-content\/uploads\/2024\/03\/instrukcja_windy.jpg\" data-caption-title=\"Created with GIMP\" data-attachment-id=\"4051\" data-type=\"image\" class=\"fg-thumb\"><span class=\"fg-image-wrap\"><img decoding=\"async\" title=\"Created with GIMP\" width=\"150\" height=\"150\" class=\"skip-lazy fg-image\" data-src-fg=\"https:\/\/zse-2.krakow.pl\/wp-content\/uploads\/cache\/2024\/03\/instrukcja_windy\/2683692654.jpg\" src=\"data:image\/svg+xml,%3Csvg%20xmlns%3D%22http%3A%2F%2Fwww.w3.org%2F2000%2Fsvg%22%20width%3D%22150%22%20height%3D%22150%22%20viewBox%3D%220%200%20150%20150%22%3E%3C%2Fsvg%3E\" loading=\"eager\"><\/span><span class=\"fg-image-overlay\"><\/span><\/a><figcaption class=\"fg-caption\"><div class=\"fg-caption-inner\"><div class=\"fg-caption-title\">Created with GIMP<\/div><\/div><\/figcaption><\/figure><div class=\"fg-loader\"><\/div><\/div><\/div>\n\n<div class=\"main-text\">\n<p>&nbsp;<\/p>\n<p style=\"text-align: left;\">Osoby niepe\u0142nosprawne, wchodz\u0105ce na teren szko\u0142y z psem asystuj\u0105cym, zobowi\u0105zane s\u0105 do posiadania certyfikatu potwierdzaj\u0105cego status psa asystuj\u0105cego oraz za\u015bwiadczenia o wykonaniu wymaganych szczepie\u0144 weterynaryjnych. Pies asystuj\u0105cy nie musi mie\u0107 kaga\u0144ca ani nie musi by\u0107 prowadzony przez w\u0142a\u015bciciela na smyczy, ale powinien mie\u0107 uprz\u0105\u017c. W\u0142a\u015bciciel odpowiada za swojego psa asystuj\u0105cego.<\/p>\n<p style=\"text-align: left;\">Szko\u0142a nie zapewnia t\u0142umacza j\u0119zyka migowego.<\/p>\n<\/div>\n","protected":false},"excerpt":{"rendered":"<p>Zesp\u00f3\u0142 Szk\u00f3\u0142 Ekonomicznych Nr 2 w Krakowie zobowi\u0105zuje si\u0119 zapewni\u0107 dost\u0119pno\u015b\u0107 swojej strony internetowej zgodnie z przepisami ustawy z dnia 4 kwietnia 2019 r. o dost\u0119pno\u015bci cyfrowej stron internetowych i aplikacji mobilnych podmiot\u00f3w publicznych. O\u015bwiadczenie w sprawie dost\u0119pno\u015bci ma zastosowanie do strony internetowej https:\/\/zse-2.krakow.pl. Data publikacji strony internetowej: 2022-04-12 Data ostatniej istotnej aktualizacji: 2024-03-20 Status&hellip; <br \/> <a class=\"read-more\" href=\"https:\/\/zse-2.krakow.pl\/index.php\/deklaracja-dostepnosci\/\">Dowiedz si\u0119 wi\u0119cej<\/a><\/p>\n","protected":false},"author":1,"featured_media":4046,"parent":0,"menu_order":0,"comment_status":"closed","ping_status":"closed","template":"","meta":{"footnotes":""},"class_list":["post-44","page","type-page","status-publish","has-post-thumbnail","hentry"],"_links":{"self":[{"href":"https:\/\/zse-2.krakow.pl\/index.php\/wp-json\/wp\/v2\/pages\/44","targetHints":{"allow":["GET"]}}],"collection":[{"href":"https:\/\/zse-2.krakow.pl\/index.php\/wp-json\/wp\/v2\/pages"}],"about":[{"href":"https:\/\/zse-2.krakow.pl\/index.php\/wp-json\/wp\/v2\/types\/page"}],"author":[{"embeddable":true,"href":"https:\/\/zse-2.krakow.pl\/index.php\/wp-json\/wp\/v2\/users\/1"}],"replies":[{"embeddable":true,"href":"https:\/\/zse-2.krakow.pl\/index.php\/wp-json\/wp\/v2\/comments?post=44"}],"version-history":[{"count":37,"href":"https:\/\/zse-2.krakow.pl\/index.php\/wp-json\/wp\/v2\/pages\/44\/revisions"}],"predecessor-version":[{"id":4887,"href":"https:\/\/zse-2.krakow.pl\/index.php\/wp-json\/wp\/v2\/pages\/44\/revisions\/4887"}],"wp:featuredmedia":[{"embeddable":true,"href":"https:\/\/zse-2.krakow.pl\/index.php\/wp-json\/wp\/v2\/media\/4046"}],"wp:attachment":[{"href":"https:\/\/zse-2.krakow.pl\/index.php\/wp-json\/wp\/v2\/media?parent=44"}],"curies":[{"name":"wp","href":"https:\/\/api.w.org\/{rel}","templated":true}]}}