{"id":440,"date":"2022-03-17T10:06:36","date_gmt":"2022-03-17T09:06:36","guid":{"rendered":"https:\/\/2022.zse-2.krakow.pl\/?page_id=440"},"modified":"2022-12-01T12:33:52","modified_gmt":"2022-12-01T11:33:52","slug":"technik-rachunkowosci","status":"publish","type":"page","link":"https:\/\/zse-2.krakow.pl\/index.php\/technik-rachunkowosci\/","title":{"rendered":"Technik rachunkowo\u015bci"},"content":{"rendered":"<p><!--\n<a name=\"rachunkowosc\"><\/a>\n<center><font size=5 color=#fe6800><b>Technik rachunkowo\u015bci<\/b><\/font>\n\n<\/center>\n--><br \/>\n<center><iframe loading=\"lazy\" src=\"https:\/\/www.youtube.com\/embed\/5Zia53Q9xlI\" width=\"800\" height=\"450\" frameborder=\"0\" allowfullscreen=\"allowfullscreen\"><\/iframe><\/center><\/p>\n<p style=\"text-align: left;\">Technik rachunkowo\u015bci jest idealnym zawodem dla os\u00f3b dok\u0142adnych i sumiennych, kt\u00f3rym niestraszne s\u0105 wszelkiego rodzaju rozliczenia, analizy oraz sprawozdania finansowe. Przysz\u0142y absolwent otrzymuje wykszta\u0142cenie zar\u00f3wno w zakresie prowadzenia ksi\u0119gowo\u015bci i rozliczania danin publicznych, jak i rozliczania wynagrodze\u0144, zg\u0142aszania pracownik\u00f3w do ZUS oraz rozliczania nale\u017cnych sk\u0142adek. Podczas lekcji uczniowie przygotowywani s\u0105 do prowadzenia analizy finansowej, korzystania z program\u00f3w komputerowych niezb\u0119dnych w pracy ksi\u0119gowego oraz prowadzenia rozlicze\u0144 kadrowo-p\u0142acowych. Technicy klasyfikuj\u0105 aktywa i pasywa, ucz\u0105 si\u0119 prowadzi\u0107 ksi\u0119gi rachunkowe, rozlicza\u0107 bilans, sporz\u0105dza\u0107 sprawozdania finansowe oraz dokumentacj\u0119 przebiegu inwentaryzacji. Technik rachunkowo\u015bci dokonuje tak\u017ce rozlicze\u0144 z fiskusem, zna i potrafi zastosowa\u0107 przepisy ordynacji podatkowej, prawa pracy, prawa cywilnego, gospodarczego i finans\u00f3w publicznych.<\/p>\n<p style=\"text-align: left;\">W trakcie nauki uczniowie zdobywaj\u0105 kwalifikacje zawodowe udokumentowane certyfikatami:<\/p>\n<ul style=\"text-align: left;\">\n<li>EKA.05. Prowadzenie spraw kadrowo-p\u0142acowych i gospodarki finansowej jednostek organizacyjnych<\/li>\n<li>EKA.07. Prowadzenie rachunkowo\u015bci<\/li>\n<\/ul>\n<p style=\"text-align: left;\">a po uko\u0144czeniu szko\u0142y dyplom zawodowy w zawodzie technik rachunkowo\u015bci.<br \/>\nAbsolwent technikum w zawodzie technik rachunkowo\u015bci mo\u017ce podj\u0105\u0107 prac\u0119 jako przedsi\u0119biorca, ksi\u0119gowy, zarz\u0105dza\u0107 kadrami i finansami firmy.<br \/>\nAbsolwenci naszej szko\u0142y po zdobyciu \u015bwiadectwa maturalnego s\u0105 przygotowani do podj\u0119cia studi\u00f3w na uczelniach wy\u017cszych.<br \/>\n<strong>Chcesz dowiedzie\u0107 si\u0119 wi\u0119cej o perpektywach pracy w zawodach zwi\u0105zanych z rachunkowo\u015bci\u0105 i finansami &#8211; <a href=\"https:\/\/skwpkrak-my.sharepoint.com\/:v:\/g\/personal\/admin_skwpkrak_onmicrosoft_com\/EaUoaFt-SQNBuBb7gDqBRpYBYFEJFgvDw1qWgqmLURFbfg?e=4RAbeY\" target=\"_blank\" rel=\"noopener\">obejrzyj..<\/a><\/strong><\/p>\n<p style=\"color: #fe6800; font-weight: bold; text-align: center;\">Jako poszukiwany na rynku pracy specjalista, b\u0119dziesz cz\u0142owiekiem sukcesu.<\/p>\n","protected":false},"excerpt":{"rendered":"<p>Technik rachunkowo\u015bci jest idealnym zawodem dla os\u00f3b dok\u0142adnych i sumiennych, kt\u00f3rym niestraszne s\u0105 wszelkiego rodzaju rozliczenia, analizy oraz sprawozdania finansowe. Przysz\u0142y absolwent otrzymuje wykszta\u0142cenie zar\u00f3wno w zakresie prowadzenia ksi\u0119gowo\u015bci i rozliczania danin publicznych, jak i rozliczania wynagrodze\u0144, zg\u0142aszania pracownik\u00f3w do ZUS oraz rozliczania nale\u017cnych sk\u0142adek. Podczas lekcji uczniowie przygotowywani s\u0105 do prowadzenia analizy finansowej, korzystania&hellip; <br \/> <a class=\"read-more\" href=\"https:\/\/zse-2.krakow.pl\/index.php\/technik-rachunkowosci\/\">Dowiedz si\u0119 wi\u0119cej<\/a><\/p>\n","protected":false},"author":1,"featured_media":1747,"parent":0,"menu_order":0,"comment_status":"closed","ping_status":"closed","template":"","meta":{"footnotes":""},"class_list":["post-440","page","type-page","status-publish","has-post-thumbnail","hentry"],"_links":{"self":[{"href":"https:\/\/zse-2.krakow.pl\/index.php\/wp-json\/wp\/v2\/pages\/440","targetHints":{"allow":["GET"]}}],"collection":[{"href":"https:\/\/zse-2.krakow.pl\/index.php\/wp-json\/wp\/v2\/pages"}],"about":[{"href":"https:\/\/zse-2.krakow.pl\/index.php\/wp-json\/wp\/v2\/types\/page"}],"author":[{"embeddable":true,"href":"https:\/\/zse-2.krakow.pl\/index.php\/wp-json\/wp\/v2\/users\/1"}],"replies":[{"embeddable":true,"href":"https:\/\/zse-2.krakow.pl\/index.php\/wp-json\/wp\/v2\/comments?post=440"}],"version-history":[{"count":8,"href":"https:\/\/zse-2.krakow.pl\/index.php\/wp-json\/wp\/v2\/pages\/440\/revisions"}],"predecessor-version":[{"id":1882,"href":"https:\/\/zse-2.krakow.pl\/index.php\/wp-json\/wp\/v2\/pages\/440\/revisions\/1882"}],"wp:featuredmedia":[{"embeddable":true,"href":"https:\/\/zse-2.krakow.pl\/index.php\/wp-json\/wp\/v2\/media\/1747"}],"wp:attachment":[{"href":"https:\/\/zse-2.krakow.pl\/index.php\/wp-json\/wp\/v2\/media?parent=440"}],"curies":[{"name":"wp","href":"https:\/\/api.w.org\/{rel}","templated":true}]}}