{"id":445,"date":"2022-03-17T10:15:56","date_gmt":"2022-03-17T09:15:56","guid":{"rendered":"https:\/\/2022.zse-2.krakow.pl\/?page_id=445"},"modified":"2022-10-24T10:04:01","modified_gmt":"2022-10-24T08:04:01","slug":"technik-handlowiec","status":"publish","type":"page","link":"https:\/\/zse-2.krakow.pl\/index.php\/technik-handlowiec\/","title":{"rendered":"Technik handlowiec"},"content":{"rendered":"<p><!--\n<a name=\"handlowiec\"><\/a>\n<center><font size=5 color=#0295e3><b>Technik handlowiec<\/b><\/font>\n\n<\/center>\n--><\/p>\n<p><center><iframe loading=\"lazy\" src=\"https:\/\/www.youtube.com\/embed\/pOB4LiXulhE\" width=\"800\" height=\"450\" frameborder=\"0\" allowfullscreen=\"allowfullscreen\"><\/iframe><\/center><\/p>\n<p style=\"text-align: left;\">Technik handlowiec zostanie wyposa\u017cony w wiedz\u0119 o funkcjonowaniu rynku, planowaniu dzia\u0142a\u0144 sprzeda\u017cowych i monitorowaniu ich efekt\u00f3w, realizacji transakcji kupna i sprzeda\u017cy, profesjonalnej obs\u0142udze klient\u00f3w, aktywnej komunikacji z klientem biznesowym, towaroznawstwie, dzia\u0142aniach marketingowych, technikach informatycznych, organizacji pracy w punktach sprzeda\u017cy oraz online, nowoczesnej rachunkowo\u015bci, prawie (cywilnym i handlowym) oraz regu\u0142ach wsp\u00f3\u0142pracy z kontrahentami.<br \/>\nW trakcie nauki uczniowie zdobywaj\u0105 kwalifikacje zawodowe udokumentowane certyfikatami:<\/p>\n<ul style=\"text-align: left;\">\n<li>HAN.01. Prowadzenie sprzeda\u017cy<\/li>\n<li>HAN.02. Prowadzenie dzia\u0142alno\u015bci handlowej<\/li>\n<\/ul>\n<p style=\"text-align: left;\">a po uko\u0144czeniu szko\u0142y dyplom zawodowy technika handlowca.<br \/>\nAbsolwent technikum w zawodzie technik handlowiec mo\u017ce podj\u0105\u0107 prac\u0119 jako menager handlowy, przedstawiciel handlowy, kierownik sklepu, hurtowni, zarz\u0105dza\u0107 dzia\u0142em marketingu danej firmy lub zarz\u0105dza\u0107 sklepem internetowym. Mo\u017ce te\u017c prowadzi\u0107 w\u0142asn\u0105 firm\u0119 handlow\u0105.<br \/>\nAbsolwenci po zdobyciu \u015bwiadectwa maturalnego s\u0105 przygotowani do podj\u0119cia studi\u00f3w na uczelniach wy\u017cszych.<\/p>\n<p style=\"color: #0295e3; font-weight: bold; text-align: center;\">Ten zaw\u00f3d daje Ci wiele mo\u017cliwo\u015bci.<\/p>\n","protected":false},"excerpt":{"rendered":"<p>Technik handlowiec zostanie wyposa\u017cony w wiedz\u0119 o funkcjonowaniu rynku, planowaniu dzia\u0142a\u0144 sprzeda\u017cowych i monitorowaniu ich efekt\u00f3w, realizacji transakcji kupna i sprzeda\u017cy, profesjonalnej obs\u0142udze klient\u00f3w, aktywnej komunikacji z klientem biznesowym, towaroznawstwie, dzia\u0142aniach marketingowych, technikach informatycznych, organizacji pracy w punktach sprzeda\u017cy oraz online, nowoczesnej rachunkowo\u015bci, prawie (cywilnym i handlowym) oraz regu\u0142ach wsp\u00f3\u0142pracy z kontrahentami. W trakcie nauki&hellip; <br \/> <a class=\"read-more\" href=\"https:\/\/zse-2.krakow.pl\/index.php\/technik-handlowiec\/\">Dowiedz si\u0119 wi\u0119cej<\/a><\/p>\n","protected":false},"author":1,"featured_media":1742,"parent":0,"menu_order":0,"comment_status":"closed","ping_status":"closed","template":"","meta":{"footnotes":""},"class_list":["post-445","page","type-page","status-publish","has-post-thumbnail","hentry"],"_links":{"self":[{"href":"https:\/\/zse-2.krakow.pl\/index.php\/wp-json\/wp\/v2\/pages\/445","targetHints":{"allow":["GET"]}}],"collection":[{"href":"https:\/\/zse-2.krakow.pl\/index.php\/wp-json\/wp\/v2\/pages"}],"about":[{"href":"https:\/\/zse-2.krakow.pl\/index.php\/wp-json\/wp\/v2\/types\/page"}],"author":[{"embeddable":true,"href":"https:\/\/zse-2.krakow.pl\/index.php\/wp-json\/wp\/v2\/users\/1"}],"replies":[{"embeddable":true,"href":"https:\/\/zse-2.krakow.pl\/index.php\/wp-json\/wp\/v2\/comments?post=445"}],"version-history":[{"count":2,"href":"https:\/\/zse-2.krakow.pl\/index.php\/wp-json\/wp\/v2\/pages\/445\/revisions"}],"predecessor-version":[{"id":591,"href":"https:\/\/zse-2.krakow.pl\/index.php\/wp-json\/wp\/v2\/pages\/445\/revisions\/591"}],"wp:featuredmedia":[{"embeddable":true,"href":"https:\/\/zse-2.krakow.pl\/index.php\/wp-json\/wp\/v2\/media\/1742"}],"wp:attachment":[{"href":"https:\/\/zse-2.krakow.pl\/index.php\/wp-json\/wp\/v2\/media?parent=445"}],"curies":[{"name":"wp","href":"https:\/\/api.w.org\/{rel}","templated":true}]}}