{"id":449,"date":"2022-03-17T10:20:34","date_gmt":"2022-03-17T09:20:34","guid":{"rendered":"https:\/\/2022.zse-2.krakow.pl\/?page_id=449"},"modified":"2022-10-24T10:08:06","modified_gmt":"2022-10-24T08:08:06","slug":"technik-logistyk","status":"publish","type":"page","link":"https:\/\/zse-2.krakow.pl\/index.php\/technik-logistyk\/","title":{"rendered":"Technik logistyk"},"content":{"rendered":"<p><!--\n<a name=\"logistyk\"><\/a>\n<center><font size=5 color=#68554c><b>Technik logistyk<\/b><\/font>\n\n<\/center>\n--><\/p>\n<p><center><iframe loading=\"lazy\" src=\"https:\/\/www.youtube.com\/embed\/zQK29NEE3pE\" width=\"800\" height=\"450\" frameborder=\"0\" allowfullscreen=\"allowfullscreen\"><\/iframe><\/center><\/p>\n<p style=\"text-align: left;\">Technik logistyk to zaw\u00f3d dla tych, kt\u00f3rzy s\u0105 kreatywni, odwa\u017cni i przedsi\u0119biorczy, nie boj\u0105 si\u0119 wyzwa\u0144, maj\u0105 zdolno\u015bci organizacyjne oraz potrafi\u0105 planowa\u0107.<br \/>\nLogistyk nale\u017cy obecnie do najbardziej poszukiwanych i najwy\u017cej cienionych zawod\u00f3w na rynku pracy.<br \/>\nTechnik logistyk zajmuje si\u0119 planowaniem, organizowaniem, kierowaniem i kontrolowaniem przemieszczania towar\u00f3w od producenta do konsumenta, analizuje stan zakup\u00f3w, obs\u0142uguje zam\u00f3wienia i organizuje transport wykorzystuj\u0105c w tym celu systemy informatyczne.<br \/>\nW trakcie nauki uczniowie zdobywaj\u0105 kwalifikacje zawodowe udokumentowane certyfikatami:<\/p>\n<ul style=\"text-align: left;\">\n<li>SPL.01. Obs\u0142uga magazyn\u00f3w<\/li>\n<li>SPL.04. Organizacja transportu<\/li>\n<\/ul>\n<p style=\"text-align: left;\">a po uko\u0144czeniu szko\u0142y dyplom zawodowy w zawodzie technik logistyk.<br \/>\nAbsolwent technikum w zawodzie technik logistyk mo\u017ce podj\u0105\u0107 zatrudnienie zar\u00f3wno w jednostkach miejskich us\u0142ug infrastrukturalnych: komunikacja miejska, gospodarka odpadami, dystrybucja towar\u00f3w jak i w dzia\u0142ach logistyki przedsi\u0119biorstw przemys\u0142owych, handlowych, dystrybucyjnych, transportowo-spedycyjnych i spedycyjnych. Najcz\u0119\u015bciej pracuje jako koordynatorzy zaopatrzenia i zbytu, spedytor, przedstawiciel handlowy, magazynier, specjalista do spraw sprzeda\u017cy i prognozowania popytu &#8211; planowania zakup\u00f3w, handlu elektronicznego, obs\u0142ugi klient\u00f3w czy zarz\u0105dzania centrum dystrybucyjnym, a tak\u017ce jako administrator taboru i organizator transportu.<br \/>\nAbsolwent po zdobyciu \u015bwiadectwa maturalnego jest przygotowany do podj\u0119cia studi\u00f3w na uczelniach wy\u017cszych.<\/p>\n<p style=\"color: #68554c; font-weight: bold; text-align: center;\">Ci\u0105gle masz w g\u0142owie pytania: co? gdzie? jak? kiedy? \u2013 odpowiesz &#8211; znalaz\u0142e\u015b recept\u0119 na sukces.<\/p>\n","protected":false},"excerpt":{"rendered":"<p>Technik logistyk to zaw\u00f3d dla tych, kt\u00f3rzy s\u0105 kreatywni, odwa\u017cni i przedsi\u0119biorczy, nie boj\u0105 si\u0119 wyzwa\u0144, maj\u0105 zdolno\u015bci organizacyjne oraz potrafi\u0105 planowa\u0107. Logistyk nale\u017cy obecnie do najbardziej poszukiwanych i najwy\u017cej cienionych zawod\u00f3w na rynku pracy. Technik logistyk zajmuje si\u0119 planowaniem, organizowaniem, kierowaniem i kontrolowaniem przemieszczania towar\u00f3w od producenta do konsumenta, analizuje stan zakup\u00f3w, obs\u0142uguje zam\u00f3wienia&hellip; <br \/> <a class=\"read-more\" href=\"https:\/\/zse-2.krakow.pl\/index.php\/technik-logistyk\/\">Dowiedz si\u0119 wi\u0119cej<\/a><\/p>\n","protected":false},"author":1,"featured_media":1744,"parent":0,"menu_order":0,"comment_status":"closed","ping_status":"closed","template":"","meta":{"footnotes":""},"class_list":["post-449","page","type-page","status-publish","has-post-thumbnail","hentry"],"_links":{"self":[{"href":"https:\/\/zse-2.krakow.pl\/index.php\/wp-json\/wp\/v2\/pages\/449","targetHints":{"allow":["GET"]}}],"collection":[{"href":"https:\/\/zse-2.krakow.pl\/index.php\/wp-json\/wp\/v2\/pages"}],"about":[{"href":"https:\/\/zse-2.krakow.pl\/index.php\/wp-json\/wp\/v2\/types\/page"}],"author":[{"embeddable":true,"href":"https:\/\/zse-2.krakow.pl\/index.php\/wp-json\/wp\/v2\/users\/1"}],"replies":[{"embeddable":true,"href":"https:\/\/zse-2.krakow.pl\/index.php\/wp-json\/wp\/v2\/comments?post=449"}],"version-history":[{"count":3,"href":"https:\/\/zse-2.krakow.pl\/index.php\/wp-json\/wp\/v2\/pages\/449\/revisions"}],"predecessor-version":[{"id":598,"href":"https:\/\/zse-2.krakow.pl\/index.php\/wp-json\/wp\/v2\/pages\/449\/revisions\/598"}],"wp:featuredmedia":[{"embeddable":true,"href":"https:\/\/zse-2.krakow.pl\/index.php\/wp-json\/wp\/v2\/media\/1744"}],"wp:attachment":[{"href":"https:\/\/zse-2.krakow.pl\/index.php\/wp-json\/wp\/v2\/media?parent=449"}],"curies":[{"name":"wp","href":"https:\/\/api.w.org\/{rel}","templated":true}]}}