{"id":453,"date":"2022-03-17T10:24:49","date_gmt":"2022-03-17T09:24:49","guid":{"rendered":"https:\/\/2022.zse-2.krakow.pl\/?page_id=453"},"modified":"2022-12-07T13:11:41","modified_gmt":"2022-12-07T12:11:41","slug":"technik-lotniskowych-sluzb-operacyjnych","status":"publish","type":"page","link":"https:\/\/zse-2.krakow.pl\/index.php\/technik-lotniskowych-sluzb-operacyjnych\/","title":{"rendered":"Technik lotniskowych s\u0142u\u017cb operacyjnych"},"content":{"rendered":"<p><!--\n<a name=\"lotnisko\"><span style=\"display: inline-block; width: 0px; overflow: hidden; line-height: 0;\" data-mce-type=\"bookmark\" class=\"mce_SELRES_start\"><\/span><span style=\"display: inline-block; width: 0px; overflow: hidden; line-height: 0;\" data-mce-type=\"bookmark\" class=\"mce_SELRES_start\"><\/span><\/a>\n<center><font size=5 color=#de0f12><b>Technik lotniskowych s\u0142u\u017cb operacyjnych<\/b><\/font>\n\n<\/center>\n--><\/p>\n<p><center><iframe loading=\"lazy\" src=\"https:\/\/www.youtube.com\/embed\/V8RMAt5PeZw\" width=\"800\" height=\"450\" frameborder=\"0\" allowfullscreen=\"allowfullscreen\"><\/iframe><\/center><br \/>\n<!--\n<img src='images\/articles\/samolot_b_747v2.png' width=200 style='margin:5px;' align='right'>\n\n\n<ul>\n \t\n\n<li><a href='\/downloads.php?cat_id=1&file_id=344' target='_blank' rel=\"noopener\">Prezentacja zawodu technik lotniskowych s\u0142u\u017cb operacyjnych <\/a><\/ul>\n\n\n--><\/p>\n<p style=\"text-align: left;\">Je\u017celi interesuj\u0105 Ci\u0119 zagadnienia zwi\u0105zane z funkcjonowaniem lotniska, fascynuje Ci\u0119 jak zorganizowane s\u0105 dzia\u0142ania lotniskowych s\u0142u\u017cb operacyjnych to zaw\u00f3d dla Ciebie.<br \/>\nTechnik lotniskowych s\u0142u\u017cb operacyjnych mo\u017ce pracowa\u0107 przy obs\u0142udze pasa\u017cer\u00f3w w punktach informacyjnych, przy stanowiskach check- in podczas odprawy pasa\u017cer\u00f3w, jako dy\u017curny operacyjny portu lotniczego nadzoruj\u0105c bezpiecze\u0144stwo ruchu samolotu, pojazd\u00f3w, \u0142adunk\u00f3w i os\u00f3b pieszych na terenie lotniska. Uzyskanie tytu\u0142u technika lotniskowych s\u0142u\u017cb operacyjnych stanowi\u0107 mo\u017ce punkt wyj\u015bciowy do dalszej edukacji w kierunku S\u0142u\u017cby Celnej, S\u0142u\u017cby Granicznej jak r\u00f3wnie\u017c w zarz\u0105dzaniu infrastruktur\u0105 lotniskow\u0105.<br \/>\nW trakcie nauki uczniowie zdobywaj\u0105 kwalifikacje zawodowe udokumentowane certyfikatem:<\/p>\n<ul style=\"text-align: left;\">\n<li>TLO.02. Obs\u0142uga operacyjna portu lotniczego i wsp\u00f3\u0142praca ze s\u0142u\u017cbami \u017ceglugi powietrznej.<\/li>\n<\/ul>\n<p style=\"text-align: left;\">a po uko\u0144czeniu szko\u0142y dyplom zawodowy w zawodzie technik lotniskowych s\u0142u\u017cb operacyjnych.<br \/>\nAbsolwent po zdobyciu \u015bwiadectwa maturalnego jest przygotowany do podj\u0119cia studi\u00f3w na uczelniach wy\u017cszych.<\/p>\n<p style=\"color: #de0f12; font-weight: bold; text-align: center;\">U nas dostaniesz skrzyde\u0142 do dalszego presti\u017cowego \u017cycia.<\/p>\n<p style=\"text-align: left;\">Zobacz te\u017c:<\/p>\n<ul>\n<li style=\"text-align: left;\"><a href=\"https:\/\/www.bankier.pl\/wiadomosc\/Rosnie-zapotrzebowanie-na-kadry-dla-lotniska-W-samym-CPK-jest-37-tys-nowych-miejsc-pracy-7751007.html\" target=\"_blank\" rel=\"noopener\">Ro\u015bnie zapotrzebowanie na kadry dla lotniska<\/a>;<\/li>\n<li style=\"text-align: left;\"><a href=\"https:\/\/www.youtube.com\/watch?v=l2pX4_JzL2A\" target=\"_blank\" rel=\"noopener\">Film przedstawiaj\u0105cy prac\u0119 na lotnisku;<\/a><\/li>\n<li style=\"text-align: left;\"><a href=\"https:\/\/www.youtube.com\/watch?v=Jh7bcpf-kl0\" target=\"_blank\" rel=\"noopener\">II Lotniskowe Targi Zawodoznawcze<\/a><\/li>\n<\/ul>\n","protected":false},"excerpt":{"rendered":"<p>Je\u017celi interesuj\u0105 Ci\u0119 zagadnienia zwi\u0105zane z funkcjonowaniem lotniska, fascynuje Ci\u0119 jak zorganizowane s\u0105 dzia\u0142ania lotniskowych s\u0142u\u017cb operacyjnych to zaw\u00f3d dla Ciebie. Technik lotniskowych s\u0142u\u017cb operacyjnych mo\u017ce pracowa\u0107 przy obs\u0142udze pasa\u017cer\u00f3w w punktach informacyjnych, przy stanowiskach check- in podczas odprawy pasa\u017cer\u00f3w, jako dy\u017curny operacyjny portu lotniczego nadzoruj\u0105c bezpiecze\u0144stwo ruchu samolotu, pojazd\u00f3w, \u0142adunk\u00f3w i os\u00f3b pieszych na&hellip; <br \/> <a class=\"read-more\" href=\"https:\/\/zse-2.krakow.pl\/index.php\/technik-lotniskowych-sluzb-operacyjnych\/\">Dowiedz si\u0119 wi\u0119cej<\/a><\/p>\n","protected":false},"author":1,"featured_media":1745,"parent":0,"menu_order":0,"comment_status":"closed","ping_status":"closed","template":"","meta":{"footnotes":""},"class_list":["post-453","page","type-page","status-publish","has-post-thumbnail","hentry"],"_links":{"self":[{"href":"https:\/\/zse-2.krakow.pl\/index.php\/wp-json\/wp\/v2\/pages\/453","targetHints":{"allow":["GET"]}}],"collection":[{"href":"https:\/\/zse-2.krakow.pl\/index.php\/wp-json\/wp\/v2\/pages"}],"about":[{"href":"https:\/\/zse-2.krakow.pl\/index.php\/wp-json\/wp\/v2\/types\/page"}],"author":[{"embeddable":true,"href":"https:\/\/zse-2.krakow.pl\/index.php\/wp-json\/wp\/v2\/users\/1"}],"replies":[{"embeddable":true,"href":"https:\/\/zse-2.krakow.pl\/index.php\/wp-json\/wp\/v2\/comments?post=453"}],"version-history":[{"count":6,"href":"https:\/\/zse-2.krakow.pl\/index.php\/wp-json\/wp\/v2\/pages\/453\/revisions"}],"predecessor-version":[{"id":1896,"href":"https:\/\/zse-2.krakow.pl\/index.php\/wp-json\/wp\/v2\/pages\/453\/revisions\/1896"}],"wp:featuredmedia":[{"embeddable":true,"href":"https:\/\/zse-2.krakow.pl\/index.php\/wp-json\/wp\/v2\/media\/1745"}],"wp:attachment":[{"href":"https:\/\/zse-2.krakow.pl\/index.php\/wp-json\/wp\/v2\/media?parent=453"}],"curies":[{"name":"wp","href":"https:\/\/api.w.org\/{rel}","templated":true}]}}