{"id":458,"date":"2022-03-17T10:39:25","date_gmt":"2022-03-17T09:39:25","guid":{"rendered":"https:\/\/2022.zse-2.krakow.pl\/?page_id=458"},"modified":"2024-01-08T13:38:56","modified_gmt":"2024-01-08T12:38:56","slug":"technik-organizacji-turystyki","status":"publish","type":"page","link":"https:\/\/zse-2.krakow.pl\/index.php\/technik-organizacji-turystyki\/","title":{"rendered":"Technik organizacji turystyki"},"content":{"rendered":"<p><!--\n<a name=\"turystyk\"><\/a>\n<center><font size=5 color=#4e6ba6 ><b>Technik organizacji turystyki<\/b><\/font>\n\n<\/center>\n--><\/p>\n<p><center><iframe loading=\"lazy\" src=\"https:\/\/www.youtube.com\/embed\/fEHvDlqm3kQ?si=jD9bV5jJvG1J1cAs\" width=\"800\" height=\"450\" frameborder=\"0\" allowfullscreen=\"allowfullscreen\"><\/iframe><\/center><\/p>\n<p style=\"text-align: left;\"><i>&#8222;To Travel is to Live&#8221;<\/i> &#8211; Hans Christian Andersen<br \/>\nTechnik organizacji turystyki to zaw\u00f3d stworzony dla ludzi kt\u00f3rzy kochaj\u0105 pi\u0119kno \u015bwiata i natury, pragn\u0105 spe\u0142nia\u0107 marzenia swoje i innych o podr\u00f3\u017cach. Je\u017celi jeste\u015b ciekaw \u015bwiata oraz fascynuj\u0105 Ci\u0119 podr\u00f3\u017ce &#8211; te ma\u0142e i du\u017ce to zaw\u00f3d dla Ciebie &#8211; Twoja przysz\u0142o\u015b\u0107.<br \/>\nW trakcie nauki nauczysz si\u0119 wielu praktycznych umiej\u0119tno\u015bci przydatnych w zawodzie:<br \/>\nsporz\u0105dza\u0107 programy, organizowa\u0107 i obs\u0142ugiwa\u0107 imprezy turystyczne, konferencje, kongresy czy targi, planowa\u0107 i kalkulowa\u0107 koszty imprez i us\u0142ug turystycznych, korzysta\u0107 ze specjalistycznych program\u00f3w komputerowych stosowanych do obs\u0142ugi ruchu turystycznego, zaplanowa\u0107 trasy podr\u00f3\u017cy i dokonywa\u0107 rezerwacji u r\u00f3\u017cnych dostawc\u00f3w us\u0142ug turystycznych, prowadzi\u0107 informacj\u0119 turystyczn\u0105, opracowywa\u0107 materia\u0142y promocyjne, informatory i katalogi us\u0142ug turystycznych, prowadzi\u0107 sprzeda\u017c i rozliczanie us\u0142ug i imprez turystycznych, j\u0119zyka obcego zawodowego (pos\u0142ugiwa\u0107 si\u0119 j\u0119zykiem obcym w bran\u017cy turystycznej).<br \/>\nW trakcie nauki uczniowie zdobywaj\u0105 kwalifikacje zawodowe udokumentowane certyfikatami:<\/p>\n<ul style=\"text-align: left;\">\n<li>HGT.07. Przygotowanie imprez i us\u0142ug turystycznych<\/li>\n<li>HGT.08. Obs\u0142uga klienta oraz rozliczanie imprez i us\u0142ug turystycznych<\/li>\n<\/ul>\n<p style=\"text-align: left;\">a po uko\u0144czeniu szko\u0142y dyplom zawodowy w zawodzie technik organizacji turystyki.<br \/>\nJako absolwent mo\u017cesz podj\u0105\u0107 prac\u0119 jako: organizator imprez turystycznych, specjalista ds. turystyki, specjalista ds. sprzeda\u017cy i obs\u0142ugi turystycznej, organizator konferencji i kongres\u00f3w, pilot wycieczek, rezydent biura podr\u00f3\u017cy, animator czasu wolnego, pracownik informacji turystycznej, przewodnik turystyczny.<br \/>\nMo\u017cesz pracowa\u0107 w:<\/p>\n<ul style=\"text-align: left;\">\n<li>biurach podr\u00f3\u017cy,<\/li>\n<li>o\u015brodkach informacji turystycznej,<\/li>\n<li>hotelach i innych obiektach noclegowych,<\/li>\n<li>wydawnictwach opracowuj\u0105cych i publikuj\u0105cych przewodniki i albumy turystyczne,<\/li>\n<li>instytucjach zajmuj\u0105cych si\u0119 organizacj\u0105 i promocj\u0105 turystyki regionalnej, og\u00f3lnopolskiej lub mi\u0119dzynarodowej,<\/li>\n<li>prowadzi\u0107 w\u0142asn\u0105 dzia\u0142alno\u015b\u0107 gospodarcz\u0105 w zakresie us\u0142ug turystycznych.<\/li>\n<\/ul>\n<p style=\"text-align: left;\">Absolwent po zdobyciu \u015bwiadectwa maturalnego jest przygotowany do podj\u0119cia studi\u00f3w na uczelniach wy\u017cszych.<\/p>\n<p style=\"color: #4e6ba6; font-weight: bold; text-align: center;\">Ka\u017cd\u0105 podr\u00f3\u017c rozpoczyna pierwszy krok. Zr\u00f3b go z nami.<\/p>\n","protected":false},"excerpt":{"rendered":"<p>&#8222;To Travel is to Live&#8221; &#8211; Hans Christian Andersen Technik organizacji turystyki to zaw\u00f3d stworzony dla ludzi kt\u00f3rzy kochaj\u0105 pi\u0119kno \u015bwiata i natury, pragn\u0105 spe\u0142nia\u0107 marzenia swoje i innych o podr\u00f3\u017cach. Je\u017celi jeste\u015b ciekaw \u015bwiata oraz fascynuj\u0105 Ci\u0119 podr\u00f3\u017ce &#8211; te ma\u0142e i du\u017ce to zaw\u00f3d dla Ciebie &#8211; Twoja przysz\u0142o\u015b\u0107. W trakcie nauki nauczysz&hellip; <br \/> <a class=\"read-more\" href=\"https:\/\/zse-2.krakow.pl\/index.php\/technik-organizacji-turystyki\/\">Dowiedz si\u0119 wi\u0119cej<\/a><\/p>\n","protected":false},"author":1,"featured_media":1746,"parent":0,"menu_order":0,"comment_status":"closed","ping_status":"closed","template":"","meta":{"footnotes":""},"class_list":["post-458","page","type-page","status-publish","has-post-thumbnail","hentry"],"_links":{"self":[{"href":"https:\/\/zse-2.krakow.pl\/index.php\/wp-json\/wp\/v2\/pages\/458","targetHints":{"allow":["GET"]}}],"collection":[{"href":"https:\/\/zse-2.krakow.pl\/index.php\/wp-json\/wp\/v2\/pages"}],"about":[{"href":"https:\/\/zse-2.krakow.pl\/index.php\/wp-json\/wp\/v2\/types\/page"}],"author":[{"embeddable":true,"href":"https:\/\/zse-2.krakow.pl\/index.php\/wp-json\/wp\/v2\/users\/1"}],"replies":[{"embeddable":true,"href":"https:\/\/zse-2.krakow.pl\/index.php\/wp-json\/wp\/v2\/comments?post=458"}],"version-history":[{"count":5,"href":"https:\/\/zse-2.krakow.pl\/index.php\/wp-json\/wp\/v2\/pages\/458\/revisions"}],"predecessor-version":[{"id":3708,"href":"https:\/\/zse-2.krakow.pl\/index.php\/wp-json\/wp\/v2\/pages\/458\/revisions\/3708"}],"wp:featuredmedia":[{"embeddable":true,"href":"https:\/\/zse-2.krakow.pl\/index.php\/wp-json\/wp\/v2\/media\/1746"}],"wp:attachment":[{"href":"https:\/\/zse-2.krakow.pl\/index.php\/wp-json\/wp\/v2\/media?parent=458"}],"curies":[{"name":"wp","href":"https:\/\/api.w.org\/{rel}","templated":true}]}}