{"id":462,"date":"2022-03-17T10:42:41","date_gmt":"2022-03-17T09:42:41","guid":{"rendered":"https:\/\/2022.zse-2.krakow.pl\/?page_id=462"},"modified":"2024-01-08T13:45:17","modified_gmt":"2024-01-08T12:45:17","slug":"technik-hotelarstwa","status":"publish","type":"page","link":"https:\/\/zse-2.krakow.pl\/index.php\/technik-hotelarstwa\/","title":{"rendered":"Technik hotelarstwa"},"content":{"rendered":"<p><!--\n<a name=\"hotelarz\"><span style=\"display: inline-block; width: 0px; overflow: hidden; line-height: 0;\" data-mce-type=\"bookmark\" class=\"mce_SELRES_start\"><\/span><\/a>\n<center><span style=\"color: purple; font-size: x-large;\"><b>Technik hotelarstwa<\/b><\/span><\/center>&nbsp;\n--><\/p>\n<p><center><iframe loading=\"lazy\" src=\"https:\/\/www.youtube.com\/embed\/pABDfUTzAzU?si=ZWStrVroZoZZkF7a\" width=\"800\" height=\"450\" frameborder=\"0\" allowfullscreen=\"allowfullscreen\"><span style=\"display: inline-block; width: 0px; overflow: hidden; line-height: 0;\" data-mce-type=\"bookmark\" class=\"mce_SELRES_start\">\ufeff<\/span><\/iframe><\/center><\/p>\n<p style=\"text-align: left;\">Technik hotelarstwa to praca w mi\u0119dzynarodowym \u015brodowisku. Zajmuje si\u0119 planowaniem, organizowaniem, oferowaniem oraz koordynowaniem i wykonywaniem us\u0142ug w obiektach hotelowych.<br \/>\nPrzygotowuje rezerwacje i ustala szczeg\u00f3\u0142y dotycz\u0105ce zakresu zam\u00f3wionych us\u0142ug, sposobu ich \u015bwiadczenia oraz preferowanej formy zap\u0142aty.<br \/>\nMa za zadanie przyjmowanie go\u015bci do obiekt\u00f3w hotelowych oraz wykwaterowywanie z obiekt\u00f3w. Zajmuje si\u0119 rozliczaniem koszt\u00f3w pobytu go\u015bci oraz przyjmowaniem nale\u017cno\u015bci.<br \/>\nZajmuje si\u0119 r\u00f3wnie\u017c organizowaniem oraz oferowaniem us\u0142ug o charakterze konferencyjnym, turystycznym, rekreacyjno-sportowym oraz Wellness i SPA, a tak\u017ce realizuje imprezy okoliczno\u015bciowe.<br \/>\nDo obowi\u0105zk\u00f3w technika hotelarstwa nale\u017cy tak\u017ce: prowadzenie korespondencji z odbiorcami us\u0142ug hotelowych oraz obs\u0142uga sprz\u0119tu biurowego. Obs\u0142uguje programy komputerowe u\u017cywane w hotelarstwie. Zajmuje si\u0119 tak\u017ce promocj\u0105 us\u0142ug z wykorzystaniem r\u00f3\u017cnych form reklamy, sprzeda\u017cy, promocji sprzeda\u017cy oraz technik z zakresu public relations.<br \/>\nProwadzi dokumentacj\u0119 eksploatacyjn\u0105 obiektu hotelarskiego, oblicza i interpretuje wska\u017aniki wykorzystania bazy hotelowej oraz wska\u017aniki sprzeda\u017cy i op\u0142acalno\u015bci prowadzonej dzia\u0142alno\u015bci. Utrzymuje czysto\u015b\u0107 i porz\u0105dek w obiekcie hotelarskim. Przygotowuje i podaje \u015bniadania.<br \/>\nMo\u017cesz pracowa\u0107 w:<\/p>\n<ul style=\"text-align: left;\">\n<li>hotelach i pensjonatach,<\/li>\n<li>uzdrowiskach, o\u015brodkach wypoczynkowych a tak\u017ce na promach, statkach.<\/li>\n<\/ul>\n<p style=\"text-align: left;\">W trakcie nauki uczniowie zdobywaj\u0105 kwalifikacje zawodowe udokumentowane certyfikatami:<\/p>\n<ul style=\"text-align: left;\">\n<li>HGT3 \u2013 obs\u0142uga go\u015bci w obiekcie \u015bwiadcz\u0105ce us\u0142ugi hotelarskie<\/li>\n<li>HG6 \u2013 planowanie i realizacja us\u0142ug w recepcji<\/li>\n<\/ul>\n<p style=\"text-align: left;\">a po uko\u0144czeniu szko\u0142y dyplom zawodowy w zawodzie technik hotelarstwa.<br \/>\nAbsolwent po zdobyciu \u015bwiadectwa maturalnego jest przygotowany do podj\u0119cia studi\u00f3w na uczelniach wy\u017cszych.<\/p>\n<p style=\"color: purple; font-weight: bold; text-align: center;\">Twoja praca nie musi by\u0107 nudna.<\/p>\n","protected":false},"excerpt":{"rendered":"<p>\ufeff Technik hotelarstwa to praca w mi\u0119dzynarodowym \u015brodowisku. Zajmuje si\u0119 planowaniem, organizowaniem, oferowaniem oraz koordynowaniem i wykonywaniem us\u0142ug w obiektach hotelowych. Przygotowuje rezerwacje i ustala szczeg\u00f3\u0142y dotycz\u0105ce zakresu zam\u00f3wionych us\u0142ug, sposobu ich \u015bwiadczenia oraz preferowanej formy zap\u0142aty. Ma za zadanie przyjmowanie go\u015bci do obiekt\u00f3w hotelowych oraz wykwaterowywanie z obiekt\u00f3w. Zajmuje si\u0119 rozliczaniem koszt\u00f3w pobytu go\u015bci&hellip; <br \/> <a class=\"read-more\" href=\"https:\/\/zse-2.krakow.pl\/index.php\/technik-hotelarstwa\/\">Dowiedz si\u0119 wi\u0119cej<\/a><\/p>\n","protected":false},"author":1,"featured_media":180,"parent":0,"menu_order":0,"comment_status":"closed","ping_status":"closed","template":"","meta":{"footnotes":""},"class_list":["post-462","page","type-page","status-publish","has-post-thumbnail","hentry"],"_links":{"self":[{"href":"https:\/\/zse-2.krakow.pl\/index.php\/wp-json\/wp\/v2\/pages\/462","targetHints":{"allow":["GET"]}}],"collection":[{"href":"https:\/\/zse-2.krakow.pl\/index.php\/wp-json\/wp\/v2\/pages"}],"about":[{"href":"https:\/\/zse-2.krakow.pl\/index.php\/wp-json\/wp\/v2\/types\/page"}],"author":[{"embeddable":true,"href":"https:\/\/zse-2.krakow.pl\/index.php\/wp-json\/wp\/v2\/users\/1"}],"replies":[{"embeddable":true,"href":"https:\/\/zse-2.krakow.pl\/index.php\/wp-json\/wp\/v2\/comments?post=462"}],"version-history":[{"count":7,"href":"https:\/\/zse-2.krakow.pl\/index.php\/wp-json\/wp\/v2\/pages\/462\/revisions"}],"predecessor-version":[{"id":3710,"href":"https:\/\/zse-2.krakow.pl\/index.php\/wp-json\/wp\/v2\/pages\/462\/revisions\/3710"}],"wp:featuredmedia":[{"embeddable":true,"href":"https:\/\/zse-2.krakow.pl\/index.php\/wp-json\/wp\/v2\/media\/180"}],"wp:attachment":[{"href":"https:\/\/zse-2.krakow.pl\/index.php\/wp-json\/wp\/v2\/media?parent=462"}],"curies":[{"name":"wp","href":"https:\/\/api.w.org\/{rel}","templated":true}]}}