{"id":47,"date":"2022-02-15T14:51:45","date_gmt":"2022-02-15T13:51:45","guid":{"rendered":"https:\/\/2022.zse-2.krakow.pl\/?page_id=47"},"modified":"2026-04-16T16:53:14","modified_gmt":"2026-04-16T14:53:14","slug":"kontakt","status":"publish","type":"page","link":"https:\/\/zse-2.krakow.pl\/index.php\/kontakt\/","title":{"rendered":"Kontakt"},"content":{"rendered":"<p><strong>Adres:<\/strong><strong><br \/>\n<\/strong>Zesp\u00f3\u0142 Szk\u00f3\u0142 Ekonomicznych Nr 2<br \/>\nos. Sp\u00f3\u0142dzielcze 6, 31-943 Krak\u00f3w<\/p>\n<p>Szko\u0142a jest po\u0142o\u017cona pomi\u0119dzy Rondem Czy\u017cy\u0144skim a Rondem Kocmyrzowskim, dok\u0142adnie naprzeciw bazaru Tomex.<\/p>\n<p><center><iframe loading=\"lazy\" style=\"border: 0;\" src=\"https:\/\/www.google.com\/maps\/embed?pb=!1m14!1m8!1m3!1d20483.861959497714!2d20.025061!3d50.077248!3m2!1i1024!2i768!4f13.1!3m3!1m2!1s0x0%3A0xac9a2b1273236952!2sTechnikum%20Ekonomiczno-Handlowe%20Nr%205%20%7C%20Zesp%C3%B3%C5%82%20Szk%C3%B3%C5%82%20Ekonomicznych%20nr%202%20im.%20I.%20Daszy%C5%84skiego!5e0!3m2!1spl!2spl!4v1647433965539!5m2!1spl!2spl\" width=\"600\" height=\"450\" allowfullscreen=\"allowfullscreen\"><\/iframe><\/center><br \/>\n<img loading=\"lazy\" decoding=\"async\" class=\"alignnone wp-image-199\" src=\"https:\/\/zse-2.krakow.pl\/wp-content\/uploads\/2022\/03\/phone-g829622d27_640-300x300.png\" alt=\"\" width=\"73\" height=\"73\" srcset=\"https:\/\/zse-2.krakow.pl\/wp-content\/uploads\/2022\/03\/phone-g829622d27_640-300x300.png 300w, https:\/\/zse-2.krakow.pl\/wp-content\/uploads\/2022\/03\/phone-g829622d27_640-150x150.png 150w, https:\/\/zse-2.krakow.pl\/wp-content\/uploads\/2022\/03\/phone-g829622d27_640.png 640w\" sizes=\"auto, (max-width: 73px) 100vw, 73px\" \/><\/p>\n<p style=\"text-align: left;\"><strong>Telefony:<\/strong><br \/>\nSekretariat g\u0142\u00f3wny: <strong>12 644 22 59\u00a0\u00a0\u00a0\u00a0\u00a0\u00a0\u00a0\u00a0\u00a0\u00a0\u00a0\u00a0\u00a0\u00a0\u00a0\u00a0\u00a0\u00a0\u00a0\u00a0\u00a0\u00a0\u00a0\u00a0\u00a0\u00a0\u00a0\u00a0 <\/strong><br \/>\nPortiernia: <strong>12 644 73 94<\/strong><br \/>\nCentrala: <strong>12 643 77 88<\/strong><\/p>\n<p style=\"text-align: left;\"><strong><u><br \/>\n<\/u><\/strong><strong>Numery wewn\u0119trzne:<\/strong><\/p>\n<ul>\n<li style=\"text-align: left;\">Sekretariat g\u0142\u00f3wny: <strong>120<\/strong><\/li>\n<li style=\"text-align: left;\">Sekretariat uczniowski: <strong>114 <\/strong><\/li>\n<li style=\"text-align: left;\">Dyrektor Dariusz B\u0142\u0105dek &#8211; <strong>122<\/strong><\/li>\n<li style=\"text-align: left;\">Wicedyrektor Irena Kania &#8211; <strong>121<\/strong><\/li>\n<li style=\"text-align: left;\">Wicedyrektor Danuta G\u00f3rska &#8211; <strong>111<\/strong><\/li>\n<li style=\"text-align: left;\">Wicedyrektor Dorota St\u0119pak-Sad\u0142ocha &#8211; <strong>111<br \/>\n<\/strong><\/li>\n<li style=\"text-align: left;\">Kierownik szkolenia praktycznego Alina Trzopek &#8211; <strong>116<\/strong><\/li>\n<li style=\"text-align: left;\">Pedagog Gra\u017cyna Marczyd\u0142o, pedagog Izabela Kluczy\u0144ska &#8211; <strong>125<\/strong><\/li>\n<li style=\"text-align: left;\">Psycholog <span class=\"notranslate\">Natalia Capiga, pedagog Weronika Rypel<\/span>\u00a0&#8211; <strong>128<\/strong><\/li>\n<li style=\"text-align: left;\">Pok\u00f3j nauczycielski &#8211; <strong>123<\/strong><\/li>\n<li style=\"text-align: left;\">Nauczyciele wf &#8211; <strong>103<\/strong><\/li>\n<li style=\"text-align: left;\">Biblioteka &#8211; <strong>126<\/strong><\/li>\n<li style=\"text-align: left;\">Kierownik gospodarczy &#8211; <strong>115<\/strong><\/li>\n<li style=\"text-align: left;\">Dzia\u0142 kadr &#8211; <strong>113<\/strong><\/li>\n<li style=\"text-align: left;\">Ksi\u0119gowo\u015b\u0107 &#8211; <strong>130<\/strong><\/li>\n<li style=\"text-align: left;\">G\u0142\u00f3wny ksi\u0119gowy &#8211; <strong>131<\/strong><\/li>\n<li style=\"text-align: left;\">Gabinet profilaktyki zdrowotnej i pomocy przedlekarskiej &#8211; <strong>101<\/strong><\/li>\n<li style=\"text-align: left;\">Portiernia \u2013 <strong>110<\/strong><\/li>\n<\/ul>\n<p>&nbsp;<\/p>\n<p><img loading=\"lazy\" decoding=\"async\" class=\"alignnone wp-image-198\" src=\"https:\/\/zse-2.krakow.pl\/wp-content\/uploads\/2022\/03\/letter-g47f227346_640-300x214.png\" alt=\"\" width=\"68\" height=\"49\" srcset=\"https:\/\/zse-2.krakow.pl\/wp-content\/uploads\/2022\/03\/letter-g47f227346_640-300x214.png 300w, https:\/\/zse-2.krakow.pl\/wp-content\/uploads\/2022\/03\/letter-g47f227346_640.png 640w\" sizes=\"auto, (max-width: 68px) 100vw, 68px\" \/><\/p>\n<p><strong>Adresy e-mail:<\/strong><\/p>\n\n<table id=\"tablepress-3\" class=\"tablepress tablepress-id-3\">\n<tbody class=\"row-striping row-hover\">\n<tr class=\"row-1\">\n\t<td class=\"column-1\"><\/td><td class=\"column-2\">Sekretariat<\/td><td class=\"column-3\">sekretariat@zse-2.krakow.pl<\/td>\n<\/tr>\n<tr class=\"row-2\">\n\t<td class=\"column-1\"><\/td><td class=\"column-2\">Dzia\u0142 rekrutacji<\/td><td class=\"column-3\">rekrutacja@zse-2.krakow.pl<\/td>\n<\/tr>\n<tr class=\"row-3\">\n\t<td class=\"column-1\"><span class=\"notranslate\"> Dariusz B\u0142\u0105dek<\/span> <\/td><td class=\"column-2\">Dyrektor<\/td><td class=\"column-3\">dbladek@zse-2.krakow.pl<\/td>\n<\/tr>\n<tr class=\"row-4\">\n\t<td class=\"column-1\"><span class=\"notranslate\"> Danuta G\u00f3rska<\/span><\/td><td class=\"column-2\">Wicedyrektor<\/td><td class=\"column-3\">dgorska@zse-2.krakow.pl<\/td>\n<\/tr>\n<tr class=\"row-5\">\n\t<td class=\"column-1\"><span class=\"notranslate\"> Irena Kania<\/span><\/td><td class=\"column-2\">Wicedyrektor<\/td><td class=\"column-3\">ikania@zse-2.krakow.pl<\/td>\n<\/tr>\n<tr class=\"row-6\">\n\t<td class=\"column-1\"><span class=\"notranslate\"> Dorota St\u0119pak-Sad\u0142ocha<\/span><\/td><td class=\"column-2\">Wicedyrektor<\/td><td class=\"column-3\">dstepak@zse-2.krakow.pl<\/td>\n<\/tr>\n<tr class=\"row-7\">\n\t<td class=\"column-1\"><span class=\"notranslate\"> Alina Trzopek<\/span> <\/td><td class=\"column-2\">Kierownik szkolenia praktycznego<\/td><td class=\"column-3\">atrzopek@zse-2.krakow.pl<\/td>\n<\/tr>\n<tr class=\"row-8\">\n\t<td class=\"column-1\"><span class=\"notranslate\"> Czes\u0142aw Pazdur<\/span> <\/td><td class=\"column-2\">Kierownik administracji<\/td><td class=\"column-3\">cpazdur@zse-2.krakow.pl<\/td>\n<\/tr>\n<tr class=\"row-9\">\n\t<td class=\"column-1\"><span class=\"notranslate\">Danuta Maria Wolak<\/span> <\/td><td class=\"column-2\">G\u0142\u00f3wny ksi\u0119gowy<\/td><td class=\"column-3\">dwolak@zse-2.krakow.pl<\/td>\n<\/tr>\n<tr class=\"row-10\">\n\t<td class=\"column-1\"><span class=\"notranslate\"> Magdalena Juras<\/span> <\/td><td class=\"column-2\">Specjalista ds. ekonomicznych<\/td><td class=\"column-3\">mjuras@zse-2.krakow.pl<\/td>\n<\/tr>\n<tr class=\"row-11\">\n\t<td class=\"column-1\"><span class=\"notranslate\"> Aleksandra Koz\u0142owska<\/span> <\/td><td class=\"column-2\">Specjalista ds. kadr<\/td><td class=\"column-3\">kadry@zse-2.krakow.pl<\/td>\n<\/tr>\n<tr class=\"row-12\">\n\t<td class=\"column-1\">Magdalena Laso\u0144<\/td><td class=\"column-2\">Specjalista ds. BHP<\/td><td class=\"column-3\">mlason@zse-2.krakow.pl<\/td>\n<\/tr>\n<tr class=\"row-13\">\n\t<td class=\"column-1\"><span class=\"notranslate\"> Ma\u0142gorzata Wargulec<\/span> <\/td><td class=\"column-2\">Sekretarz szko\u0142y<\/td><td class=\"column-3\">mwargulec@zse-2.krakow.pl<\/td>\n<\/tr>\n<tr class=\"row-14\">\n\t<td class=\"column-1\"><span class=\"notranslate\"> Paulina Wargulec<\/span><\/td><td class=\"column-2\">Sekretarz szko\u0142y<\/td><td class=\"column-3\">pwargulec@zse-2.krakow.pl<\/td>\n<\/tr>\n<\/tbody>\n<\/table>\n<!-- #tablepress-3 from cache -->\n<p><a href=\"https:\/\/zse-2.krakow.pl\/index.php\/pedagog\/\">Pedagog i psycholog<\/a><\/p>\n<p><a href=\"https:\/\/zse-2.krakow.pl\/index.php\/biblioteka\/\">Biblioteka<\/a><\/p>\n","protected":false},"excerpt":{"rendered":"<p>Adres: Zesp\u00f3\u0142 Szk\u00f3\u0142 Ekonomicznych Nr 2 os. Sp\u00f3\u0142dzielcze 6, 31-943 Krak\u00f3w Szko\u0142a jest po\u0142o\u017cona pomi\u0119dzy Rondem Czy\u017cy\u0144skim a Rondem Kocmyrzowskim, dok\u0142adnie naprzeciw bazaru Tomex. Telefony: Sekretariat g\u0142\u00f3wny: 12 644 22 59\u00a0\u00a0\u00a0\u00a0\u00a0\u00a0\u00a0\u00a0\u00a0\u00a0\u00a0\u00a0\u00a0\u00a0\u00a0\u00a0\u00a0\u00a0\u00a0\u00a0\u00a0\u00a0\u00a0\u00a0\u00a0\u00a0\u00a0\u00a0 Portiernia: 12 644 73 94 Centrala: 12 643 77 88 Numery wewn\u0119trzne: Sekretariat g\u0142\u00f3wny: 120 Sekretariat uczniowski: 114 Dyrektor Dariusz B\u0142\u0105dek &#8211; 122 Wicedyrektor&hellip; <br \/> <a class=\"read-more\" href=\"https:\/\/zse-2.krakow.pl\/index.php\/kontakt\/\">Dowiedz si\u0119 wi\u0119cej<\/a><\/p>\n","protected":false},"author":1,"featured_media":1734,"parent":0,"menu_order":0,"comment_status":"closed","ping_status":"closed","template":"","meta":{"footnotes":""},"class_list":["post-47","page","type-page","status-publish","has-post-thumbnail","hentry"],"_links":{"self":[{"href":"https:\/\/zse-2.krakow.pl\/index.php\/wp-json\/wp\/v2\/pages\/47","targetHints":{"allow":["GET"]}}],"collection":[{"href":"https:\/\/zse-2.krakow.pl\/index.php\/wp-json\/wp\/v2\/pages"}],"about":[{"href":"https:\/\/zse-2.krakow.pl\/index.php\/wp-json\/wp\/v2\/types\/page"}],"author":[{"embeddable":true,"href":"https:\/\/zse-2.krakow.pl\/index.php\/wp-json\/wp\/v2\/users\/1"}],"replies":[{"embeddable":true,"href":"https:\/\/zse-2.krakow.pl\/index.php\/wp-json\/wp\/v2\/comments?post=47"}],"version-history":[{"count":27,"href":"https:\/\/zse-2.krakow.pl\/index.php\/wp-json\/wp\/v2\/pages\/47\/revisions"}],"predecessor-version":[{"id":7019,"href":"https:\/\/zse-2.krakow.pl\/index.php\/wp-json\/wp\/v2\/pages\/47\/revisions\/7019"}],"wp:featuredmedia":[{"embeddable":true,"href":"https:\/\/zse-2.krakow.pl\/index.php\/wp-json\/wp\/v2\/media\/1734"}],"wp:attachment":[{"href":"https:\/\/zse-2.krakow.pl\/index.php\/wp-json\/wp\/v2\/media?parent=47"}],"curies":[{"name":"wp","href":"https:\/\/api.w.org\/{rel}","templated":true}]}}