{"id":490,"date":"2022-03-18T09:16:11","date_gmt":"2022-03-18T08:16:11","guid":{"rendered":"https:\/\/2022.zse-2.krakow.pl\/?page_id=490"},"modified":"2026-03-26T21:40:27","modified_gmt":"2026-03-26T20:40:27","slug":"for-foreign-candidates","status":"publish","type":"page","link":"https:\/\/zse-2.krakow.pl\/index.php\/for-foreign-candidates\/","title":{"rendered":"For foreign candidates"},"content":{"rendered":"<p style=\"text-align: left;\"><img loading=\"lazy\" decoding=\"async\" class=\"aligncenter wp-image-6927 size-full\" src=\"https:\/\/zse-2.krakow.pl\/wp-content\/uploads\/2026\/03\/for_foreign_candidates6.png\" alt=\"\" width=\"1024\" height=\"724\" srcset=\"https:\/\/zse-2.krakow.pl\/wp-content\/uploads\/2026\/03\/for_foreign_candidates6.png 1024w, https:\/\/zse-2.krakow.pl\/wp-content\/uploads\/2026\/03\/for_foreign_candidates6-300x212.png 300w, https:\/\/zse-2.krakow.pl\/wp-content\/uploads\/2026\/03\/for_foreign_candidates6-768x543.png 768w\" sizes=\"auto, (max-width: 1024px) 100vw, 1024px\" \/><\/p>\n<p style=\"text-align: left;\">\u0421\u0432\u0435\u0434\u0435\u043d\u0438\u044f \u0434\u043b\u044f \u0438\u043d\u043e\u0441\u0442\u0440\u0430\u043d\u0446\u0435\u0432 \u043f\u043e\u0441\u0442\u0443\u043f\u0430\u044e\u0449\u0438\u0445 \u0432 \u041e\u0431\u044a\u0435\u0434\u0438\u043d\u0435\u043d\u0438\u0435 \u042d\u043a\u043e\u043d\u043e\u043c\u0438\u0447\u0435\u0441\u043a\u0438\u0445 \u0428\u043a\u043e\u043b \u2116 2 \u0438\u043c. \u0418. \u0414\u0430\u0448\u0438\u043d\u0441\u043a\u043e\u0433\u043e \u0432 \u041a\u0440\u0430\u043a\u043e\u0432\u0435.<\/p>\n<p style=\"text-align: left;\">\u041a\u0430\u043d\u0434\u0438\u0434\u0430\u0442\u0430\u043c \u0432 \u043d\u0430\u0448\u0443 \u0448\u043a\u043e\u043b\u0443 \u043d\u0435\u043e\u0431\u0445\u043e\u0434\u0438\u043c\u044b \u0441\u043b\u0435\u0434\u0443\u044e\u0449\u0438\u0435 \u0434\u043e\u043a\u0443\u043c\u0435\u043d\u0442\u044b:<\/p>\n<ul style=\"text-align: left;\">\n<li>\u0441\u0432\u0438\u0434\u0435\u0442\u0435\u043b\u044c\u0441\u0442\u0432\u043e \u043f\u043e\u0434\u0442\u0432\u0435\u0440\u0436\u0434\u0430\u044e\u0449\u0435\u0435 \u043e\u043a\u043e\u043d\u0447\u0430\u043d\u0438\u0435 9 \u043a\u043b\u0430\u0441\u0441\u0430 \u2013 \u043e\u0440\u0438\u0433\u0438\u043d\u0430\u043b \u0438 \u043f\u0435\u0440\u0435\u0432\u043e\u0434 \u043d\u0430 \u043f\u043e\u043b\u044c\u0441\u043a\u0438\u0439 \u044f\u0437\u044b\u043a \u043f\u0440\u0438\u0441\u044f\u0436\u043d\u044b\u043c \u043f\u0435\u0440\u0435\u0432\u043e\u0434\u0447\u0438\u043a\u043e\u043c,<\/li>\n<li>\u0441\u0432\u0438\u0434\u0435\u0442\u0435\u043b\u044c\u0441\u0442\u0432\u043e \u043e \u0440\u043e\u0434\u0436\u0435\u043d\u0438\u0438 \u0441 \u043f\u0435\u0440\u0435\u0432\u043e\u0434\u043e\u043c \u043d\u0430 \u043f\u043e\u043b\u044c\u0441\u043a\u0438\u0439 \u044f\u0437\u044b\u043a,<\/li>\n<li>\u043a\u0441\u0435\u0440\u043e\u043a\u043e\u043f\u0438\u044f \u0437\u0430\u0433\u0440\u0430\u043d\u043f\u0430\u0441\u043f\u043e\u0440\u0442\u0430.<\/li>\n<\/ul>\n<p style=\"text-align: left;\">\u0423 \u043a\u0430\u043d\u0434\u0438\u0434\u0430\u0442\u0430 \u0434\u043e\u043b\u0436\u0435\u043d \u0431\u044b\u0442\u044c \u043d\u043e\u0442\u0430\u0440\u0438\u0430\u043b\u044c\u043d\u043e \u0443\u0441\u0442\u0430\u043d\u043e\u0432\u043b\u0435\u043d\u043d\u044b\u0439 \u043e\u043f\u0435\u043a\u0443\u043d \u043f\u0440\u043e\u0436\u0438\u0432\u0430\u044e\u0449\u0438\u0439 \u0432 \u041f\u043e\u043b\u044c\u0448\u0435.<\/p>\n<p style=\"text-align: left;\">\u0412\u0441\u0435\u0445 \u0437\u0430\u0438\u043d\u0442\u0435\u0440\u0435\u0441\u043e\u0432\u0430\u043d\u043d\u044b\u0445 \u043b\u0438\u0446 \u043f\u0440\u0438\u0433\u043b\u0430\u0448\u0430\u0435\u043c \u043a \u043a\u043e\u043d\u0442\u0430\u043a\u0442\u0443:<br \/>\nZesp\u00f3\u0142 Szk\u00f3\u0142 Ekonomicznych nr 2 im. I. Daszy\u0144skiego<br \/>\nos. Sp\u00f3\u0142dzielcze 6, 31-943 Krak\u00f3w<br \/>\n\u0442\u0435\u043b. +48 12 6437788, +48 12 6442259<br \/>\ne-mail:<br \/>\nsekretariat@zse-2.krakow.pl<br \/>\nrekrutacja@zse-2.krakow.pl<\/p>\n<p style=\"text-align: left;\">Important information for foreign candidates concerning school admissions at Zesp\u00f3\u0142 Szk\u00f3\u0142 Ekonomicznych Nr 2 im. I. Daszy\u0144skiego, os. Sp\u00f3\u0142dzielcze 6, Krak\u00f3w.<\/p>\n<p style=\"text-align: left;\">All candidates interested in studying at Zesp\u00f3\u0142 Szk\u00f3\u0142 Ekonomicznych Nr 2 im. I. Daszy\u0144skiego, os. Sp\u00f3\u0142dzielcze 6, Krak\u00f3w must hold:<\/p>\n<ul style=\"text-align: left;\">\n<li>an original version of school report\/ diploma confirming the graduation of 9th grade, the document has to be translated into Polish by a sworn translator<\/li>\n<li>a duplicate of birth certificate along with translation into Polish<\/li>\n<li>a copy of passport.<\/li>\n<\/ul>\n<p style=\"text-align: left;\">Candidates should have a legal guardian, notarially certified, who is a Polish resident.<\/p>\n<p style=\"text-align: left;\">Should you have any questions, do not hesitate to contact us:<br \/>\nZesp\u00f3\u0142 Szk\u00f3\u0142 Ekonomicznych nr 2 im. I. Daszy\u0144skiego<br \/>\nos. Sp\u00f3\u0142dzielcze 6, 31-943 Krak\u00f3w<br \/>\nphone number: +48 12 6437788, +48 12 6442259<br \/>\ne-mail:<br \/>\nsekretariat@zse-2.krakow.pl<br \/>\nrekrutacja@zse-2.krakow.pl<\/p>\n<p><img loading=\"lazy\" decoding=\"async\" class=\"aligncenter wp-image-491 size-full\" src=\"https:\/\/zse-2.krakow.pl\/wp-content\/uploads\/2022\/03\/for_foreign_candidates1.png\" alt=\"\" width=\"1024\" height=\"724\" srcset=\"https:\/\/zse-2.krakow.pl\/wp-content\/uploads\/2022\/03\/for_foreign_candidates1.png 1024w, https:\/\/zse-2.krakow.pl\/wp-content\/uploads\/2022\/03\/for_foreign_candidates1-300x212.png 300w, https:\/\/zse-2.krakow.pl\/wp-content\/uploads\/2022\/03\/for_foreign_candidates1-768x543.png 768w\" sizes=\"auto, (max-width: 1024px) 100vw, 1024px\" \/><\/p>\n","protected":false},"excerpt":{"rendered":"<p>\u0421\u0432\u0435\u0434\u0435\u043d\u0438\u044f \u0434\u043b\u044f \u0438\u043d\u043e\u0441\u0442\u0440\u0430\u043d\u0446\u0435\u0432 \u043f\u043e\u0441\u0442\u0443\u043f\u0430\u044e\u0449\u0438\u0445 \u0432 \u041e\u0431\u044a\u0435\u0434\u0438\u043d\u0435\u043d\u0438\u0435 \u042d\u043a\u043e\u043d\u043e\u043c\u0438\u0447\u0435\u0441\u043a\u0438\u0445 \u0428\u043a\u043e\u043b \u2116 2 \u0438\u043c. \u0418. \u0414\u0430\u0448\u0438\u043d\u0441\u043a\u043e\u0433\u043e \u0432 \u041a\u0440\u0430\u043a\u043e\u0432\u0435. \u041a\u0430\u043d\u0434\u0438\u0434\u0430\u0442\u0430\u043c \u0432 \u043d\u0430\u0448\u0443 \u0448\u043a\u043e\u043b\u0443 \u043d\u0435\u043e\u0431\u0445\u043e\u0434\u0438\u043c\u044b \u0441\u043b\u0435\u0434\u0443\u044e\u0449\u0438\u0435 \u0434\u043e\u043a\u0443\u043c\u0435\u043d\u0442\u044b: \u0441\u0432\u0438\u0434\u0435\u0442\u0435\u043b\u044c\u0441\u0442\u0432\u043e \u043f\u043e\u0434\u0442\u0432\u0435\u0440\u0436\u0434\u0430\u044e\u0449\u0435\u0435 \u043e\u043a\u043e\u043d\u0447\u0430\u043d\u0438\u0435 9 \u043a\u043b\u0430\u0441\u0441\u0430 \u2013 \u043e\u0440\u0438\u0433\u0438\u043d\u0430\u043b \u0438 \u043f\u0435\u0440\u0435\u0432\u043e\u0434 \u043d\u0430 \u043f\u043e\u043b\u044c\u0441\u043a\u0438\u0439 \u044f\u0437\u044b\u043a \u043f\u0440\u0438\u0441\u044f\u0436\u043d\u044b\u043c \u043f\u0435\u0440\u0435\u0432\u043e\u0434\u0447\u0438\u043a\u043e\u043c, \u0441\u0432\u0438\u0434\u0435\u0442\u0435\u043b\u044c\u0441\u0442\u0432\u043e \u043e \u0440\u043e\u0434\u0436\u0435\u043d\u0438\u0438 \u0441 \u043f\u0435\u0440\u0435\u0432\u043e\u0434\u043e\u043c \u043d\u0430 \u043f\u043e\u043b\u044c\u0441\u043a\u0438\u0439 \u044f\u0437\u044b\u043a, \u043a\u0441\u0435\u0440\u043e\u043a\u043e\u043f\u0438\u044f \u0437\u0430\u0433\u0440\u0430\u043d\u043f\u0430\u0441\u043f\u043e\u0440\u0442\u0430. \u0423 \u043a\u0430\u043d\u0434\u0438\u0434\u0430\u0442\u0430 \u0434\u043e\u043b\u0436\u0435\u043d \u0431\u044b\u0442\u044c \u043d\u043e\u0442\u0430\u0440\u0438\u0430\u043b\u044c\u043d\u043e \u0443\u0441\u0442\u0430\u043d\u043e\u0432\u043b\u0435\u043d\u043d\u044b\u0439 \u043e\u043f\u0435\u043a\u0443\u043d \u043f\u0440\u043e\u0436\u0438\u0432\u0430\u044e\u0449\u0438\u0439 \u0432&hellip; <br \/> <a class=\"read-more\" href=\"https:\/\/zse-2.krakow.pl\/index.php\/for-foreign-candidates\/\">Dowiedz si\u0119 wi\u0119cej<\/a><\/p>\n","protected":false},"author":1,"featured_media":0,"parent":0,"menu_order":0,"comment_status":"closed","ping_status":"closed","template":"","meta":{"footnotes":""},"class_list":["post-490","page","type-page","status-publish","hentry"],"_links":{"self":[{"href":"https:\/\/zse-2.krakow.pl\/index.php\/wp-json\/wp\/v2\/pages\/490","targetHints":{"allow":["GET"]}}],"collection":[{"href":"https:\/\/zse-2.krakow.pl\/index.php\/wp-json\/wp\/v2\/pages"}],"about":[{"href":"https:\/\/zse-2.krakow.pl\/index.php\/wp-json\/wp\/v2\/types\/page"}],"author":[{"embeddable":true,"href":"https:\/\/zse-2.krakow.pl\/index.php\/wp-json\/wp\/v2\/users\/1"}],"replies":[{"embeddable":true,"href":"https:\/\/zse-2.krakow.pl\/index.php\/wp-json\/wp\/v2\/comments?post=490"}],"version-history":[{"count":8,"href":"https:\/\/zse-2.krakow.pl\/index.php\/wp-json\/wp\/v2\/pages\/490\/revisions"}],"predecessor-version":[{"id":6928,"href":"https:\/\/zse-2.krakow.pl\/index.php\/wp-json\/wp\/v2\/pages\/490\/revisions\/6928"}],"wp:attachment":[{"href":"https:\/\/zse-2.krakow.pl\/index.php\/wp-json\/wp\/v2\/media?parent=490"}],"curies":[{"name":"wp","href":"https:\/\/api.w.org\/{rel}","templated":true}]}}