{"id":5618,"date":"2025-06-04T13:35:42","date_gmt":"2025-06-04T11:35:42","guid":{"rendered":"https:\/\/zse-2.krakow.pl\/?page_id=5618"},"modified":"2026-04-09T15:27:04","modified_gmt":"2026-04-09T13:27:04","slug":"centrum-kompetencji-zawodowych-3-edycja","status":"publish","type":"page","link":"https:\/\/zse-2.krakow.pl\/index.php\/centrum-kompetencji-zawodowych-3-edycja\/","title":{"rendered":"Centrum Kompetencji Zawodowych &#8211; 3 edycja"},"content":{"rendered":"<p><img loading=\"lazy\" decoding=\"async\" class=\"aligncenter wp-image-1052 size-mesmerize-full-hd\" src=\"https:\/\/zse-2.krakow.pl\/wp-content\/uploads\/2022\/04\/EFS_kolor-300dpi_RGB-1920x164.jpg\" alt=\"EFS\" width=\"1920\" height=\"164\" srcset=\"https:\/\/zse-2.krakow.pl\/wp-content\/uploads\/2022\/04\/EFS_kolor-300dpi_RGB-1920x164.jpg 1920w, https:\/\/zse-2.krakow.pl\/wp-content\/uploads\/2022\/04\/EFS_kolor-300dpi_RGB-300x26.jpg 300w, https:\/\/zse-2.krakow.pl\/wp-content\/uploads\/2022\/04\/EFS_kolor-300dpi_RGB-1024x87.jpg 1024w, https:\/\/zse-2.krakow.pl\/wp-content\/uploads\/2022\/04\/EFS_kolor-300dpi_RGB-768x66.jpg 768w, https:\/\/zse-2.krakow.pl\/wp-content\/uploads\/2022\/04\/EFS_kolor-300dpi_RGB-1536x131.jpg 1536w, https:\/\/zse-2.krakow.pl\/wp-content\/uploads\/2022\/04\/EFS_kolor-300dpi_RGB-2048x175.jpg 2048w\" sizes=\"auto, (max-width: 1920px) 100vw, 1920px\" \/><\/p>\n<p style=\"text-align: left;\"><strong>&#8222;Centrum Kompetencji Zawodowych w Gminie Miejskiej Krak\u00f3w&#8221; <\/strong>\u2013 to projekt dofinansowany w ramach programu Fundusze Europejskie dla Ma\u0142opolski 2021-2027,\u00a0Priorytet 6 Fundusze europejskie dla rynku pracy, edukacji i w\u0142\u0105czenia spo\u0142ecznego, Dzia\u0142anie 6.31 Wsparcie kszta\u0142cenia zawodowego \u2013 ZIT, wsp\u00f3\u0142finansowanego ze \u015brodk\u00f3w Europejskiego Funduszu Spo\u0142ecznego Plus.<\/p>\n<p style=\"text-align: left;\">Ca\u0142kowita warto\u015b\u0107 Projektu wynosi: <strong>24 560 751,60 z\u0142<\/strong><br \/>\nw tym:<br \/>\nDofinansowanie UE:\u00a0<strong>20\u00a0876 638,07 z\u0142<\/strong><br \/>\nDofinansowanie BP:\u00a0<strong>1\u00a0228\u00a0037,53 z\u0142<\/strong><\/p>\n<p style=\"text-align: left;\">Okres realizacji projekt\u00f3w:\u00a0<strong>01.02.2025 \u2013 30.06.2029<\/strong><\/p>\n<p style=\"text-align: left;\">G\u0142\u00f3wnym celem projektu jest poprawa jako\u015bci kszta\u0142cenia zawodowego dla uczni\u00f3w poprzez dostosowanie oferty szkolnictwa zawodowego do potrzeb rynku pracy, wzmocnienie relacji z\u00a0przedsi\u0119biorcami oraz zwi\u0119kszenie szans uczni\u00f3w na zatrudnienie poprzez organizacj\u0119 sta\u017cy.<br \/>\nW\u00a0projekcie realizowane b\u0119d\u0105 nast\u0119puj\u0105ce formy wsparcia:<\/p>\n<ul style=\"text-align: left;\">\n<li>sta\u017ce uczniowskie;<\/li>\n<li>kursy i\u00a0szkolenia doskonal\u0105ce umiej\u0119tno\u015bci zawodowe bran\u017cowe i\u00a0og\u00f3lnozawodowe;<\/li>\n<li>wizyty w\u00a0ma\u0142opolskich instytucjach popularyzuj\u0105cych nauk\u0119.<\/li>\n<\/ul>\n<p style=\"text-align: left;\">W projekcie b\u0119dzie mog\u0142o wzi\u0105\u0107 udzia\u0142 140 uczni\u00f3w w sta\u017cach uczniowskich oraz \u00a0120 uczni\u00f3w w kursach prowadzonych przez wyspecjalizowane firmy zewn\u0119trzne. W\u015br\u00f3d kurs\u00f3w daj\u0105cych dodatkowe kwalifikacje i kompetencje przewidziano:<\/p>\n<ul style=\"text-align: left;\">\n<li>kurs operatora w\u00f3zka wid\u0142owego dla 30 uczni\u00f3w;<\/li>\n<li>szkolenia baristyczne i\u00a0barma\u0144skie dla 60 uczni\u00f3w;<\/li>\n<li>kurs prawa jazdy dla 30 uczni\u00f3w.<\/li>\n<\/ul>\n<p style=\"text-align: left;\">Dodatkowo 60 uczni\u00f3w b\u0119dzie mog\u0142o odwiedzi\u0107 Ma\u0142opolskie Centrum Nauki Cogiteon.<\/p>\n<p style=\"text-align: left;\">Dokumenty:<\/p>\n<ul>\n<li style=\"text-align: left;\"><a href=\"https:\/\/zse-2.krakow.pl\/wp-content\/uploads\/2026\/02\/SKM_C224e25060211520.pdf\" target=\"_blank\" rel=\"noopener\">Regulamin uczestnictwa w projekcie<\/a><\/li>\n<li style=\"text-align: left;\"><a href=\"https:\/\/zse-2.krakow.pl\/wp-content\/uploads\/2025\/06\/Zal_1_Harmonogram-realizacji-zadan-merytorycznych.xls\" target=\"_blank\" rel=\"noopener\">Za\u0142\u0105cznik 1 &#8211; Harmonogram realizacji zada\u0144 merytorycznych<\/a><\/li>\n<li style=\"text-align: left;\"><a href=\"https:\/\/zse-2.krakow.pl\/wp-content\/uploads\/2025\/06\/Zal_2_Formularz-zgloszeniowy.doc\" target=\"_blank\" rel=\"noopener\">Za\u0142\u0105cznik 2 &#8211; Formularz zg\u0142oszeniowy<\/a><\/li>\n<li style=\"text-align: left;\"><a href=\"https:\/\/zse-2.krakow.pl\/wp-content\/uploads\/2025\/06\/Zal_3_Karta-oceny.doc\" target=\"_blank\" rel=\"noopener\">Za\u0142\u0105cznik 3 &#8211; Karta oceny<\/a><\/li>\n<li style=\"text-align: left;\"><a href=\"https:\/\/zse-2.krakow.pl\/wp-content\/uploads\/2025\/06\/Zal_4_Deklaracja-uczestnictwa-w-projekcie.doc\" target=\"_blank\" rel=\"noopener\">Za\u0142\u0105cznik 4 &#8211; Deklaracja uczestnictwa w projekcie<\/a><\/li>\n<li style=\"text-align: left;\"><a href=\"https:\/\/zse-2.krakow.pl\/wp-content\/uploads\/2025\/06\/Zal_5_Oswiadczenie-uczestnika-projektu.docx\" target=\"_blank\" rel=\"noopener\">Za\u0142\u0105cznik 5 &#8211; O\u015bwiadczenie uczestnika projektu<\/a><\/li>\n<li style=\"text-align: left;\"><a href=\"https:\/\/zse-2.krakow.pl\/wp-content\/uploads\/2025\/06\/Zal_6_Zakres-danych-osobowych-powierzonych-do-przetwarzania.doc\" target=\"_blank\" rel=\"noopener\">Za\u0142\u0105cznik 6 &#8211; Zakres danych osobowych powierzonych do przetwarzania<\/a><\/li>\n<li style=\"text-align: left;\"><a href=\"https:\/\/zse-2.krakow.pl\/wp-content\/uploads\/2025\/06\/Zal_7_Oswiadczenie-o-braku-udzialu-w-innym-projekcie.doc\" target=\"_blank\" rel=\"noopener\">Za\u0142\u0105cznik 7 &#8211; O\u015bwiadczenie o braku udzia\u0142u w innym projekcie<\/a><\/li>\n<li style=\"text-align: left;\"><a href=\"https:\/\/zse-2.krakow.pl\/wp-content\/uploads\/2025\/06\/Zal_8_Protokol-rekrutacji.doc\" target=\"_blank\" rel=\"noopener\">Za\u0142\u0105cznik 8 &#8211; Protok\u00f3\u0142 rekrutacji<\/a><\/li>\n<\/ul>\n<p>&nbsp;<\/p>\n","protected":false},"excerpt":{"rendered":"<p>&#8222;Centrum Kompetencji Zawodowych w Gminie Miejskiej Krak\u00f3w&#8221; \u2013 to projekt dofinansowany w ramach programu Fundusze Europejskie dla Ma\u0142opolski 2021-2027,\u00a0Priorytet 6 Fundusze europejskie dla rynku pracy, edukacji i w\u0142\u0105czenia spo\u0142ecznego, Dzia\u0142anie 6.31 Wsparcie kszta\u0142cenia zawodowego \u2013 ZIT, wsp\u00f3\u0142finansowanego ze \u015brodk\u00f3w Europejskiego Funduszu Spo\u0142ecznego Plus. Ca\u0142kowita warto\u015b\u0107 Projektu wynosi: 24 560 751,60 z\u0142 w tym: Dofinansowanie UE:\u00a020\u00a0876&hellip; <br \/> <a class=\"read-more\" href=\"https:\/\/zse-2.krakow.pl\/index.php\/centrum-kompetencji-zawodowych-3-edycja\/\">Dowiedz si\u0119 wi\u0119cej<\/a><\/p>\n","protected":false},"author":1,"featured_media":67,"parent":0,"menu_order":0,"comment_status":"closed","ping_status":"closed","template":"","meta":{"footnotes":""},"class_list":["post-5618","page","type-page","status-publish","has-post-thumbnail","hentry"],"_links":{"self":[{"href":"https:\/\/zse-2.krakow.pl\/index.php\/wp-json\/wp\/v2\/pages\/5618","targetHints":{"allow":["GET"]}}],"collection":[{"href":"https:\/\/zse-2.krakow.pl\/index.php\/wp-json\/wp\/v2\/pages"}],"about":[{"href":"https:\/\/zse-2.krakow.pl\/index.php\/wp-json\/wp\/v2\/types\/page"}],"author":[{"embeddable":true,"href":"https:\/\/zse-2.krakow.pl\/index.php\/wp-json\/wp\/v2\/users\/1"}],"replies":[{"embeddable":true,"href":"https:\/\/zse-2.krakow.pl\/index.php\/wp-json\/wp\/v2\/comments?post=5618"}],"version-history":[{"count":8,"href":"https:\/\/zse-2.krakow.pl\/index.php\/wp-json\/wp\/v2\/pages\/5618\/revisions"}],"predecessor-version":[{"id":6700,"href":"https:\/\/zse-2.krakow.pl\/index.php\/wp-json\/wp\/v2\/pages\/5618\/revisions\/6700"}],"wp:featuredmedia":[{"embeddable":true,"href":"https:\/\/zse-2.krakow.pl\/index.php\/wp-json\/wp\/v2\/media\/67"}],"wp:attachment":[{"href":"https:\/\/zse-2.krakow.pl\/index.php\/wp-json\/wp\/v2\/media?parent=5618"}],"curies":[{"name":"wp","href":"https:\/\/api.w.org\/{rel}","templated":true}]}}