{"id":575,"date":"2022-03-22T14:05:25","date_gmt":"2022-03-22T13:05:25","guid":{"rendered":"https:\/\/2022.zse-2.krakow.pl\/?page_id=575"},"modified":"2024-12-02T16:12:54","modified_gmt":"2024-12-02T15:12:54","slug":"biblioteka","status":"publish","type":"page","link":"https:\/\/zse-2.krakow.pl\/index.php\/biblioteka\/","title":{"rendered":"Biblioteka"},"content":{"rendered":"<p><img loading=\"lazy\" decoding=\"async\" class=\"aligncenter wp-image-574 size-full\" src=\"https:\/\/zse-2.krakow.pl\/wp-content\/uploads\/2022\/03\/Biblioteka.jpg\" alt=\"\" width=\"1000\" height=\"601\" srcset=\"https:\/\/zse-2.krakow.pl\/wp-content\/uploads\/2022\/03\/Biblioteka.jpg 1000w, https:\/\/zse-2.krakow.pl\/wp-content\/uploads\/2022\/03\/Biblioteka-300x180.jpg 300w, https:\/\/zse-2.krakow.pl\/wp-content\/uploads\/2022\/03\/Biblioteka-768x462.jpg 768w\" sizes=\"auto, (max-width: 1000px) 100vw, 1000px\" \/><\/p>\n<p style=\"text-align: left;\">Nauczyciele-bibliotekarze:<\/p>\n<ul style=\"text-align: left;\">\n<li>mgr Ma\u0142gorzata \u017bmudzka &#8211; mzmudzka@zse-2.krakow.pl<\/li>\n<li>mgr Bogus\u0142awa Matuszewska &#8211; bmatuszewska@zse-2.krakow.pl<\/li>\n<\/ul>\n<p style=\"text-align: left;\">W godzinach pracy biblioteki zapraszamy do skorzystania z oferty wypo\u017cyczalni.<\/p>\n<p style=\"text-align: left;\">\n<table id=\"tablepress-7\" class=\"tablepress tablepress-id-7\">\n<tbody class=\"row-striping row-hover\">\n<tr class=\"row-1\">\n\t<td class=\"column-1\">Poniedzia\u0142ek<\/td><td class=\"column-2\">8:00 - 16:00<\/td>\n<\/tr>\n<tr class=\"row-2\">\n\t<td class=\"column-1\">Wtorek<\/td><td class=\"column-2\">8:00 - 16:00<\/td>\n<\/tr>\n<tr class=\"row-3\">\n\t<td class=\"column-1\">\u015aroda<\/td><td class=\"column-2\">8:00 - 16:00<\/td>\n<\/tr>\n<tr class=\"row-4\">\n\t<td class=\"column-1\">Czwartek<\/td><td class=\"column-2\">8:00 - 16:00<\/td>\n<\/tr>\n<tr class=\"row-5\">\n\t<td class=\"column-1\">Pi\u0105tek<\/td><td class=\"column-2\">8:00 - 16:00<\/td>\n<\/tr>\n<\/tbody>\n<\/table>\n<!-- #tablepress-7 from cache --><br \/>\nW szkolnym ksi\u0119gozbiorze znajdziecie: beletrystyk\u0119 (r\u00f3wnie\u017c literackie nowo\u015bci!), literatur\u0119 popularnonaukow\u0105 czy podr\u0119czniki i czasopisma bran\u017cowe. \u00a0Przyjd\u017a, zobacz i wypo\u017cycz! <a href=\"https:\/\/zse-2.krakow.pl\/wp-content\/uploads\/2022\/05\/lista-ksiazek.pdf\" target=\"_blank\" rel=\"noopener\">Lista najnowszych ksi\u0105\u017cek&#8230;<\/a><\/p>\n<p style=\"text-align: left;\">Je\u015bli chcesz podzieli\u0107 si\u0119 swoimi wra\u017ceniami z lektury, prze\u015blij nam recenzj\u0119, a my opublikujemy j\u0105 na szkolnej stronie.<\/p>\n<p style=\"text-align: left;\">Masz w domu interesuj\u0105c\u0105 ksi\u0105\u017ck\u0119, kt\u00f3ra ju\u017c nie b\u0119dzie Ci potrzebna? \u00a0Przynie\u015b j\u0105 do naszej szko\u0142y i pozw\u00f3l, by s\u0142u\u017cy\u0142a innym czytelnikom. W cz\u0119\u015bci korytarza prowadz\u0105cego do sal lekcyjnych Czytelnia I i Czytelnia II oraz Biblioteki zosta\u0142 ustawiony rega\u0142 biblioteczny, gdzie b\u0119dzie mo\u017cliwa taka wymiana ksi\u0105\u017cek w\u015br\u00f3d uczni\u00f3w i nauczycieli naszej szko\u0142y. <strong><u>Po przeczytaniu, dana pozycja powinna wr\u00f3ci\u0107 na p\u00f3\u0142k\u0119 z kt\u00f3rej zosta\u0142a zabrana,<\/u><\/strong> tak aby da\u0107 mo\u017cliwo\u015b\u0107 przeczytania jej przez nast\u0119pn\u0105 osob\u0119.<\/p>\n","protected":false},"excerpt":{"rendered":"<p>Nauczyciele-bibliotekarze: mgr Ma\u0142gorzata \u017bmudzka &#8211; mzmudzka@zse-2.krakow.pl mgr Bogus\u0142awa Matuszewska &#8211; bmatuszewska@zse-2.krakow.pl W godzinach pracy biblioteki zapraszamy do skorzystania z oferty wypo\u017cyczalni. W szkolnym ksi\u0119gozbiorze znajdziecie: beletrystyk\u0119 (r\u00f3wnie\u017c literackie nowo\u015bci!), literatur\u0119 popularnonaukow\u0105 czy podr\u0119czniki i czasopisma bran\u017cowe. \u00a0Przyjd\u017a, zobacz i wypo\u017cycz! Lista najnowszych ksi\u0105\u017cek&#8230; Je\u015bli chcesz podzieli\u0107 si\u0119 swoimi wra\u017ceniami z lektury, prze\u015blij nam recenzj\u0119, a&hellip; <br \/> <a class=\"read-more\" href=\"https:\/\/zse-2.krakow.pl\/index.php\/biblioteka\/\">Dowiedz si\u0119 wi\u0119cej<\/a><\/p>\n","protected":false},"author":1,"featured_media":574,"parent":0,"menu_order":0,"comment_status":"closed","ping_status":"closed","template":"","meta":{"footnotes":""},"class_list":["post-575","page","type-page","status-publish","has-post-thumbnail","hentry"],"_links":{"self":[{"href":"https:\/\/zse-2.krakow.pl\/index.php\/wp-json\/wp\/v2\/pages\/575","targetHints":{"allow":["GET"]}}],"collection":[{"href":"https:\/\/zse-2.krakow.pl\/index.php\/wp-json\/wp\/v2\/pages"}],"about":[{"href":"https:\/\/zse-2.krakow.pl\/index.php\/wp-json\/wp\/v2\/types\/page"}],"author":[{"embeddable":true,"href":"https:\/\/zse-2.krakow.pl\/index.php\/wp-json\/wp\/v2\/users\/1"}],"replies":[{"embeddable":true,"href":"https:\/\/zse-2.krakow.pl\/index.php\/wp-json\/wp\/v2\/comments?post=575"}],"version-history":[{"count":14,"href":"https:\/\/zse-2.krakow.pl\/index.php\/wp-json\/wp\/v2\/pages\/575\/revisions"}],"predecessor-version":[{"id":4888,"href":"https:\/\/zse-2.krakow.pl\/index.php\/wp-json\/wp\/v2\/pages\/575\/revisions\/4888"}],"wp:featuredmedia":[{"embeddable":true,"href":"https:\/\/zse-2.krakow.pl\/index.php\/wp-json\/wp\/v2\/media\/574"}],"wp:attachment":[{"href":"https:\/\/zse-2.krakow.pl\/index.php\/wp-json\/wp\/v2\/media?parent=575"}],"curies":[{"name":"wp","href":"https:\/\/api.w.org\/{rel}","templated":true}]}}