{"id":604,"date":"2022-03-23T13:03:46","date_gmt":"2022-03-23T12:03:46","guid":{"rendered":"https:\/\/2022.zse-2.krakow.pl\/?page_id=604"},"modified":"2025-09-11T18:01:40","modified_gmt":"2025-09-11T16:01:40","slug":"matura","status":"publish","type":"page","link":"https:\/\/zse-2.krakow.pl\/index.php\/matura\/","title":{"rendered":"Matura"},"content":{"rendered":"<p><img loading=\"lazy\" decoding=\"async\" class=\"aligncenter wp-image-613\" src=\"https:\/\/zse-2.krakow.pl\/wp-content\/uploads\/2022\/03\/man-ga4f5c942d_1280-1024x682.jpg\" alt=\"\" width=\"800\" height=\"533\" srcset=\"https:\/\/zse-2.krakow.pl\/wp-content\/uploads\/2022\/03\/man-ga4f5c942d_1280-1024x682.jpg 1024w, https:\/\/zse-2.krakow.pl\/wp-content\/uploads\/2022\/03\/man-ga4f5c942d_1280-300x200.jpg 300w, https:\/\/zse-2.krakow.pl\/wp-content\/uploads\/2022\/03\/man-ga4f5c942d_1280-768x512.jpg 768w, https:\/\/zse-2.krakow.pl\/wp-content\/uploads\/2022\/03\/man-ga4f5c942d_1280.jpg 1280w\" sizes=\"auto, (max-width: 800px) 100vw, 800px\" \/><br \/>\n<!--\n&nbsp;\n\n\n<ol>\n \t\n\n<li style=\"text-align: left;\">Egzamin maturalny jest przeprowadzany z przedmiot\u00f3w obowi\u0105zkowych oraz przedmiot\u00f3w dodatkowych i w 2023 r. sk\u0142ada si\u0119 z cz\u0119\u015bci ustnej oraz cz\u0119\u015bci pisemnej.<\/li>\n\n\n \t\n\n<li style=\"text-align: left;\">Egzamin maturalny w cz\u0119\u015bci pisemnej z przedmiot\u00f3w obowi\u0105zkowych jest przeprowadzany na poziomie podstawowym i obejmuje wymagania egzaminacyjne dla poziomu podstawowego. Dla egzaminu maturalnego w cz\u0119\u015bci ustnej z przedmiot\u00f3w obowi\u0105zkowych nie okre\u015bla si\u0119 poziomu egzaminu.<\/li>\n\n\n \t\n\n<li style=\"text-align: left;\">Egzamin maturalny w cz\u0119\u015bci pisemnej z przedmiot\u00f3w dodatkowych \u2013 z wyj\u0105tkiem j\u0119zyk\u00f3w obcych nowo\u017cytnych \u2013 jest przeprowadzany na poziomie rozszerzonym i obejmuje wymagania egzaminacyjne dla poziomu podstawowego i rozszerzonego. Dla egzaminu maturalnego w cz\u0119\u015bci ustnej z przedmiot\u00f3w dodatkowych nie okre\u015bla si\u0119 poziomu egzaminu (z wyj\u0105tkiem j\u0119zyk\u00f3w obcych nowo\u017cytnych).<\/li>\n\n\n \t\n\n<li style=\"text-align: left;\">Egzamin maturalny w cz\u0119\u015bci pisemnej z j\u0119zyka obcego nowo\u017cytnego jako przedmiotu dodatkowego jest przeprowadzany na poziomie:\na) rozszerzonym i obejmuje wymagania egzaminacyjne dla poziomu podstawowego i rozszerzonego albo\nb) dwuj\u0119zycznym i obejmuje wymagania egzaminacyjne dla poziomu dwuj\u0119zycznego.<\/li>\n\n\n \t\n\n<li style=\"text-align: left;\">Absolwent, przyst\u0119puj\u0105c do egzaminu maturalnego w 2023 r., zdaje obowi\u0105zkowo\n1) w cz\u0119\u015bci ustnej \u2013 egzaminy, dla kt\u00f3rych nie okre\u015bla si\u0119 poziomu, z nast\u0119puj\u0105cych przedmiot\u00f3w:\n- j\u0119zyk polski\n- j\u0119zyk obcy nowo\u017cytny wybrany spo\u015br\u00f3d j\u0119zyk\u00f3w: angielskiego, francuskiego, hiszpa\u0144skiego, niemieckiego, rosyjskiego i w\u0142oskiego\n2) w cz\u0119\u015bci pisemnej \u2013 egzaminy na poziomie podstawowym z nast\u0119puj\u0105cych przedmiot\u00f3w:\n- j\u0119zyk polski\n- matematyka\n- j\u0119zyk obcy nowo\u017cytny<\/li>\n\n\n \t\n\n<li style=\"text-align: left;\">Aby w 2023 r. uzyska\u0107 \u015bwiadectwo dojrza\u0142o\u015bci, absolwent obowi\u0105zkowo przyst\u0119puje r\u00f3wnie\u017c do cz\u0119\u015bci pisemnej egzaminu z jednego przedmiotu dodatkowego na poziomie rozszerzonym lub \u2013 w przypadku j\u0119zyka obcego nowo\u017cytnego \u2013 na poziomie rozszerzonym albo dwuj\u0119zycznym, z zastrze\u017ceniem pkt 2.1.13. Wyboru dokonuje spo\u015br\u00f3d nast\u0119puj\u0105cych przedmiot\u00f3w:\n- biologia\n- chemia\n- filozofia\n- fizyka\n- geografia\n- historia\n- historia muzyki\n- historia sztuki\n- informatyka\n- j\u0119zyk \u0142aci\u0144ski i kultura antyczna\n- j\u0119zyk mniejszo\u015bci narodowej (wyb\u00f3r spo\u015br\u00f3d nast\u0119puj\u0105cych j\u0119zyk\u00f3w: bia\u0142oruski, litewski, niemiecki, ukrai\u0144ski)\n- j\u0119zyk obcy nowo\u017cytny (wyb\u00f3r spo\u015br\u00f3d nast\u0119puj\u0105cych j\u0119zyk\u00f3w: angielski, francuski, hiszpa\u0144ski, niemiecki, rosyjski, w\u0142oski)\n- j\u0119zyk polski\n- matematyka\n- wiedza o spo\u0142ecze\u0144stwie.<\/li>\n\n\n \t\n\n<li style=\"text-align: left;\">W 2023 r. do egzaminu z jednego przedmiotu dodatkowego, nie musi przyst\u0105pi\u0107 absolwent wybranych typ\u00f3w szk\u00f3\u0142, kt\u00f3ry posiada dokumenty po\u015bwiadczaj\u0105ce uzyskanie dyplomu zawodowego na poziomie technika. Dokumenty te nie zwalniaj\u0105 z obowi\u0105zku przyst\u0105pienia do egzaminu.<\/li>\n\n\n \t\n\n<li style=\"text-align: left;\">W 2023 r. absolwent mo\u017ce ponadto przyst\u0105pi\u0107 do egzaminu maturalnego z nie wi\u0119cej ni\u017c pi\u0119ciu kolejnych przedmiot\u00f3w dodatkowych wybranych spo\u015br\u00f3d pozosta\u0142ych przedmiot\u00f3w, na poziomie rozszerzonym, a w przypadku j\u0119zyk\u00f3w obcych nowo\u017cytnych \u2013 na poziomie rozszerzonym albo dwuj\u0119zycznym.<\/li>\n\n\n \t\n\n<li style=\"text-align: left;\">W przypadku gdy ucze\u0144\/absolwent wybra\u0142 na egzaminie maturalnym jako przedmiot dodatkowy j\u0119zyk polski, zdaje ten egzamin tylko w cz\u0119\u015bci pisemnej (na poziomie rozszerzonym).<\/li>\n\n\n \t\n\n<li style=\"text-align: left;\">Egzamin maturalny z j\u0119zyka obcego nowo\u017cytnego, z j\u0119zyka mniejszo\u015bci narodowej, j\u0119zyka mniejszo\u015bci etnicznej lub j\u0119zyka regionalnego, jako przedmiotu dodatkowego, mo\u017ce by\u0107 zdawany tylko w cz\u0119\u015bci pisemnej albo w cz\u0119\u015bci pisemnej i w cz\u0119\u015bci ustnej z tego samego j\u0119zyka.<\/li>\n\n\n \t\n\n<li style=\"text-align: left;\">W 2023 r. cz\u0119\u015b\u0107 ustna jest obowi\u0105zkowa dla wszystkich zdaj\u0105cych, w tym dla zdaj\u0105cych, kt\u00f3rzy przyst\u0105pili do egzaminu maturalnego po raz pierwszy w latach 2020\u20132022, kiedy cz\u0119\u015b\u0107 ustna egzaminu maturalnego nie by\u0142a przeprowadzana. Osoba, kt\u00f3ra w latach 2020\u20132022 nie zda\u0142a egzaminu z przedmiotu lub przedmiot\u00f3w w cz\u0119\u015bci pisemnej, przyst\u0119puj\u0105c do egzaminu maturalnego w 2023 r., ma r\u00f3wnie\u017c obowi\u0105zek przyst\u0105pi\u0107 do egzaminu maturalnego w cz\u0119\u015bci ustnej.<\/li>\n\n\n \t\n\n<li style=\"text-align: left;\">Absolwent, kt\u00f3ry nie przyst\u0105pi\u0142 do egzaminu maturalnego z co najmniej jednego przedmiotu dodatkowego w cz\u0119\u015bci pisemnej albo kt\u00f3remu ten egzamin zosta\u0142 uniewa\u017cniony i nie otrzyma\u0142 \u015bwiadectwa dojrza\u0142o\u015bci, mo\u017ce przyst\u0105pi\u0107 ponownie do egzaminu maturalnego z dowolnego przedmiotu dodatkowego, zgodnie z przepisami obowi\u0105zuj\u0105cymi w roku, w kt\u00f3rym ponownie przyst\u0119puje do egzaminu maturalnego, w okresie 5 lat od pierwszego egzaminu maturalnego, licz\u0105c od pa\u017adziernika roku, w kt\u00f3rym absolwent przyst\u0105pi\u0142 do egzaminu maturalnego po raz pierwszy.<\/li>\n\n\n \t\n\n<li style=\"text-align: left;\">Absolwent, kt\u00f3ry przyst\u0119puje do egzaminu maturalnego z tego samego przedmiotu dodatkowego, kt\u00f3ry w poprzednim roku lub poprzednich latach zg\u0142asza\u0142 w deklaracji przyst\u0105pienia do egzaminu, ale nie przyst\u0105pi\u0142 do egzaminu maturalnego z tego przedmiotu, ponosi op\u0142at\u0119 za egzamin maturalny (por. sekcja 20.). Niewniesienie op\u0142aty w terminie 1 stycznia 2023 r. \u2013 7 marca 2023 r. skutkuje brakiem mo\u017cliwo\u015bci przyst\u0105pienia do tego egzaminu.<\/li>\n\n\n \t\n\n<li style=\"text-align: left;\">Absolwent, kt\u00f3ry w latach 2020\u20132022 nie zda\u0142 egzaminu maturalnego z jednego lub wi\u0119cej przedmiot\u00f3w obowi\u0105zkowych w cz\u0119\u015bci pisemnej, ale przyst\u0105pi\u0142 do egzaminu z jednego przedmiotu dodatkowego na poziomie rozszerzonym, przyst\u0119puj\u0105c do egzaminu maturalnego w roku 2023, przyst\u0119puje do egzaminu z niezdanego przedmiotu lub przedmiot\u00f3w w cz\u0119\u015bci pisemnej oraz przyst\u0119puje do cz\u0119\u015bci ustnej egzaminu maturalnego z przedmiot\u00f3w obowi\u0105zkowych.<\/li>\n\n\n \t\n\n<li style=\"text-align: left;\">Absolwenci, kt\u00f3rzy przyst\u0119powali do egzaminu maturalnego w 2021 r., kiedy przyst\u0105pienie do cz\u0119\u015bci pisemnej egzaminu z przedmiotu dodatkowego nie by\u0142o obowi\u0105zkowe, i nie zdali egzaminu maturalnego, w 2023 r. maj\u0105 obowi\u0105zek przyst\u0105pi\u0107 r\u00f3wnie\u017c do cz\u0119\u015bci pisemnej egzaminu z przedmiotu dodatkowego, nawet je\u017celi takiego obowi\u0105zku nie mieli, kiedy przyst\u0119powali do egzaminu maturalnego po raz pierwszy.<\/li>\n\n\n \t\n\n<li style=\"text-align: left;\">Nie maj\u0105 obowi\u0105zku przyst\u0105pienia do egzaminu z jednego przedmiotu dodatkowego na poziomie rozszerzonym, je\u017celi posiadaj\u0105:\n1) dyplom potwierdzaj\u0105cy kwalifikacje zawodowe w zawodzie nauczanym na poziomie technika albo\n2) dyplom zawodowy w zawodzie nauczanym na poziomie technika, albo\n3) \u015bwiadectwa potwierdzaj\u0105ce kwalifikacje w zawodzie (wy\u0142\u0105cznie lub \u0142\u0105czone ze \u015bwiadectwem czeladniczym) ze wszystkich kwalifikacji wyodr\u0119bnionych w danym zawodzie nauczanym na poziomie technika, albo\n4) certyfikaty kwalifikacji zawodowych (wy\u0142\u0105cznie lub \u0142\u0105czone ze \u015bwiadectwem czeladniczym) ze wszystkich kwalifikacji wyodr\u0119bnionych w danym zawodzie nauczanym na poziomie technika, albo\n5) \u015bwiadectwa potwierdzaj\u0105ce kwalifikacje w zawodzie i certyfikaty kwalifikacji zawodowych, ze wszystkich kwalifikacji wyodr\u0119bnionych w danym zawodzie nauczanym na poziomie technika, umo\u017cliwiaj\u0105ce uzyskanie dyplomu zawodowego w zawodzie nauczanym na poziomie technika.<\/li>\n\n\n<\/ol>\n\n\n&nbsp;\n\n\n<p style=\"text-align: center;\"><strong>OG\u00d3LNE ZASADY obowi\u0105zuj\u0105ce na egzaminie maturalnym<\/strong><\/p>\n\n\n\n\n\n<ol>\n \t\n\n<li style=\"text-align: left;\">Obowi\u0105zuje zakaz wnoszenia do sali egzaminacyjnej urz\u0105dze\u0144 telekomunikacyjnych b\u0105d\u017a korzystania z takich urz\u0105dze\u0144 w tej sali.<\/li>\n\n\n \t\n\n<li style=\"text-align: left;\">Do sali egzaminacyjnej mo\u017cna wnie\u015b\u0107 wy\u0142\u0105cznie przybory wymienione w komunikacie o przyborach.<\/li>\n\n\n \t\n\n<li style=\"text-align: left;\">Zdaj\u0105cy mog\u0105 r\u00f3wnie\u017c wnie\u015b\u0107 do sali egzaminacyjnej ma\u0142\u0105 butelk\u0119 wody(nie gazowanej). Podczas pracy z arkuszem egzaminacyjnym butelka powinna sta\u0107 na pod\u0142odze przy nodze stolika, aby zdaj\u0105cy przypadkowo nie zala\u0142 materia\u0142\u00f3w egzaminacyjnych.<\/li>\n\n\n \t\n\n<li style=\"text-align: left;\">O godzinie wyznaczonej przez przewodnicz\u0105cego zespo\u0142u egzaminacyjnego (nie p\u00f3\u017aniej jak p\u00f3\u0142 godziny przed rozpocz\u0119ciem egzaminu) zdaj\u0105cy wchodz\u0105 do sali egzaminacyjnej pojedynczo, okazuj\u0105c dokument ze zdj\u0119ciem potwierdzaj\u0105cy to\u017csamo\u015b\u0107; przewodnicz\u0105cy zespo\u0142u nadzoruj\u0105cego lub cz\u0142onek zespo\u0142u nadzoruj\u0105cego losuje w ich obecno\u015bci numery stolik\u00f3w, przy kt\u00f3rych b\u0119d\u0105 pracowa\u0107.<\/li>\n\n\n \t\n\n<li style=\"text-align: left;\">Ka\u017cdy zdaj\u0105cy zajmuje miejsce przy stoliku, kt\u00f3rego numer zosta\u0142 dla niego wylosowany, a cz\u0142onek zespo\u0142u nadzoruj\u0105cego odnotowuje wylosowany numer w wykazie zdaj\u0105cych w danej sali egzaminacyjnej .<\/li>\n\n\n \t\n\n<li style=\"text-align: left;\">W czasie trwania egzaminu maturalnego zdaj\u0105cy nie powinni opuszcza\u0107 sali egzaminacyjnej. W uzasadnionych przypadkach przewodnicz\u0105cy zespo\u0142u nadzoruj\u0105cego mo\u017ce zezwoli\u0107 zdaj\u0105cemu na opuszczenie sali egzaminacyjnej po zapewnieniu warunk\u00f3w wykluczaj\u0105cych mo\u017cliwo\u015b\u0107 kontaktowania si\u0119 zdaj\u0105cego z innymi osobami, z wyj\u0105tkiem os\u00f3b udzielaj\u0105cych pomocy medycznej. Zdaj\u0105cy sygnalizuje potrzeb\u0119 opuszczenia sali egzaminacyjnej przez podniesienie r\u0119ki. Po uzyskaniu zezwolenia przewodnicz\u0105cego zespo\u0142u nadzoruj\u0105cego na wyj\u015bcie z sali zdaj\u0105cy pozostawia zamkni\u0119ty arkusz egzaminacyjny na swoim stoliku, a czas jego nieobecno\u015bci jest odnotowywany w protokole przebiegu egzaminu w sali<\/li>\n\n\n \t\n\n<li style=\"text-align: left;\">Cz\u0142onkowie zespo\u0142u nadzoruj\u0105cego mog\u0105 udziela\u0107 odpowiedzi na pytania zdaj\u0105cych zwi\u0105zane wy\u0142\u0105cznie z kodowaniem arkusza oraz instrukcj\u0105 dla zdaj\u0105cego. W czasie trwania egzaminu zdaj\u0105cym nie udziela si\u0119 \u017cadnych wyja\u015bnie\u0144 dotycz\u0105cych zada\u0144 egzaminacyjnych ani ich nie komentuje.<\/li>\n\n\n \t\n\n<li style=\"text-align: left;\">Po rozdaniu arkuszy przewodnicz\u0105cy zespo\u0142u nadzoruj\u0105cego informuje zdaj\u0105cych: a. o obowi\u0105zku zapoznania si\u0119 przed przyst\u0105pieniem do rozwi\u0105zywania zada\u0144 z instrukcj\u0105 zamieszczon\u0105 na pierwszej stronie arkusza egzaminacyjnego b. o konieczno\u015bci sprawdzenia kompletno\u015bci arkusza egzaminacyjnego, tj. czy zawiera do\u0142\u0105czon\u0105 kart\u0119 odpowiedzi, wszystkie kolejno ponumerowane strony i kolejne zadania c. o konieczno\u015bci sprawdzenia, czy otrzymali dwa zeszyty zada\u0144 egzaminacyjnych, oznaczone 1 i 2 , zawieraj\u0105ce \u2013 odpowiednio \u2013 test oraz wypracowanie (dotyczy egzaminu z j\u0119zyka polskiego na poziomie podstawowym; d. o konieczno\u015bci sprawdzenia, czy otrzymali Wybrane wzory matematyczne (dotyczy egzaminu z matematyki) lub Wybrane wzory i sta\u0142e fizykochemiczne na egzamin maturalny z biologii, chemii i fizyki (dotyczy egzaminu z biologii, chemii i fizyki) e. o konieczno\u015bci sprawdzenia poprawno\u015bci numeru PESEL oraz zgodno\u015bci kodu arkusza wydrukowanego na pierwszej stronie arkusza z kodem arkusza wydrukowanym na naklejkach przygotowanych przez OKE oraz o sposobie kodowania arkusza egzaminacyjnego.<\/li>\n\n\n<\/ol>\n\n\n\n\n<ul>\n--><\/p>\n<ul>\n<li style=\"text-align: left;\"><a href=\"https:\/\/cke.gov.pl\/images\/_EGZAMIN_MATURALNY_OD_2023\/komunikaty\/2026\/komunikaty\/20250820%20E8%20EM%20Komunikat%20o%20harmonogramie%202026.pdf\" target=\"_blank\" rel=\"noopener\">Harmonogram egzaminu maturalnego w 2026 r.<\/a><\/li>\n<li style=\"text-align: left;\"><a href=\"https:\/\/cke.gov.pl\/images\/_EGZAMIN_MATURALNY_OD_2023\/komunikaty\/2026\/komunikaty\/20250820%20EM%20Komunikat%20o%20dostosowaniach%202026.pdf\" target=\"_blank\" rel=\"noopener\">Komunikat o dostosowaniach egzaminu maturalnego w 2026 r.<\/a><\/li>\n<li style=\"text-align: left;\"><a href=\"https:\/\/cke.gov.pl\/images\/_EGZAMIN_MATURALNY_OD_2023\/komunikaty\/2026\/komunikaty\/20250820%20E8_EM%20Komunikat%20o%20przyborach%202026.pdf\" target=\"_blank\" rel=\"noopener\">Komunikat o materia\u0142ach i przyborach pomocniczych w 2026 r.<\/a><\/li>\n<\/ul>\n<p style=\"text-align: left;\">\n","protected":false},"excerpt":{"rendered":"<p>Harmonogram egzaminu maturalnego w 2026 r. Komunikat o dostosowaniach egzaminu maturalnego w 2026 r. Komunikat o materia\u0142ach i przyborach pomocniczych w 2026 r.<\/p>\n","protected":false},"author":1,"featured_media":613,"parent":0,"menu_order":0,"comment_status":"closed","ping_status":"closed","template":"","meta":{"footnotes":""},"class_list":["post-604","page","type-page","status-publish","has-post-thumbnail","hentry"],"_links":{"self":[{"href":"https:\/\/zse-2.krakow.pl\/index.php\/wp-json\/wp\/v2\/pages\/604","targetHints":{"allow":["GET"]}}],"collection":[{"href":"https:\/\/zse-2.krakow.pl\/index.php\/wp-json\/wp\/v2\/pages"}],"about":[{"href":"https:\/\/zse-2.krakow.pl\/index.php\/wp-json\/wp\/v2\/types\/page"}],"author":[{"embeddable":true,"href":"https:\/\/zse-2.krakow.pl\/index.php\/wp-json\/wp\/v2\/users\/1"}],"replies":[{"embeddable":true,"href":"https:\/\/zse-2.krakow.pl\/index.php\/wp-json\/wp\/v2\/comments?post=604"}],"version-history":[{"count":29,"href":"https:\/\/zse-2.krakow.pl\/index.php\/wp-json\/wp\/v2\/pages\/604\/revisions"}],"predecessor-version":[{"id":5908,"href":"https:\/\/zse-2.krakow.pl\/index.php\/wp-json\/wp\/v2\/pages\/604\/revisions\/5908"}],"wp:featuredmedia":[{"embeddable":true,"href":"https:\/\/zse-2.krakow.pl\/index.php\/wp-json\/wp\/v2\/media\/613"}],"wp:attachment":[{"href":"https:\/\/zse-2.krakow.pl\/index.php\/wp-json\/wp\/v2\/media?parent=604"}],"curies":[{"name":"wp","href":"https:\/\/api.w.org\/{rel}","templated":true}]}}