{"id":75,"date":"2022-02-16T18:45:21","date_gmt":"2022-02-16T17:45:21","guid":{"rendered":"https:\/\/2022.zse-2.krakow.pl\/index.php\/mesmerize\/"},"modified":"2026-03-27T20:03:48","modified_gmt":"2026-03-27T19:03:48","slug":"mesmerize","status":"publish","type":"page","link":"https:\/\/zse-2.krakow.pl\/","title":{"rendered":"Front Page"},"content":{"rendered":"<div  id=\"overlappable-4\" style=\"background-color: #ffffff;\" data-label=\"Overlappable\" data-id=\"overlappable-4\" data-export-id=\"overlappable-4\" data-category=\"overlappable\" class=\"overlappable-4 content-section content-section-spacing\" data-overlap=\"true\"><div  class=\"gridContainer\"> <div  data-type=\"row\" class=\"row spaced-cols text-center\"><div  class=\"col-xs-12 col-sm-4 col-padding col-md-2 \"> <a  data-cp-link=\"1\" href=\"https:\/\/zse-2.edupage.org\" target=\"_blank\" rel=\"noopener\" class=\"\"><i  class=\"fa icon shadow-large-black aligncenter color1 fa-list-ol reverse round large\"><\/i><\/a> <div  data-type=\"column\" class=\"\"><h5  class=\"\">Plan lekcji<\/h5> <\/div> <\/div><div  class=\"col-xs-12 col-sm-4 col-padding col-md-2 \"> <a  data-cp-link=\"1\" href=\"https:\/\/portal.librus.pl\/szkola\" target=\"_blank\" rel=\"noopener\" class=\"\"><i  class=\"fa icon shadow-large-black aligncenter color1 fa-book reverse round large\"><\/i><\/a> <div  data-type=\"column\" class=\"\"> <h5  class=\"\">Dziennik elektroniczny LIBRUS<\/h5> <\/div> <\/div>  <div  class=\"col-xs-12 col-sm-4 col-padding col-md-2 \"> <a  data-cp-link=\"1\" href=\"https:\/\/zse-2.krakow.pl\/index.php\/egzaminy-zawodowe\" target=\"_self\" rel=\"noopener\" class=\"\"><i  class=\"fa icon shadow-large-black aligncenter color1 fa-desktop reverse round large\"><\/i><\/a> <div  data-type=\"column\" class=\"\"><h5  class=\"\">Egzaminy zawodowe<\/h5> <\/div> <\/div><div  class=\"col-xs-12 col-sm-4 col-padding col-md-2 \"> <a  data-cp-link=\"1\" href=\"https:\/\/zse-2.krakow.pl\/index.php\/matura\" target=\"_self\" rel=\"noopener\" class=\"\"><i  class=\"fa icon shadow-large-black aligncenter color1 fa-graduation-cap reverse round large\"><\/i><\/a> <div  data-type=\"column\" class=\"\"><h5  class=\"\">Egzaminy maturalne<\/h5> <\/div> <\/div><div  class=\"col-xs-12 col-sm-4 col-padding col-md-2 \"> <a  data-cp-link=\"1\" href=\"https:\/\/zse-2.krakow.pl\/index.php\/samorzad-uczniowski\" target=\"_self\" rel=\"noopener\" class=\"\"><i  class=\"fa icon shadow-large-black aligncenter color1 fa-users reverse round large\"><\/i><\/a> <div  data-type=\"column\" class=\"\"><h5  class=\"\">Samorz\u0105d Uczniowski<\/h5> <\/div> <\/div><div  class=\"col-xs-12 col-sm-4 col-padding col-md-2 \"> <a  data-cp-link=\"1\" href=\"https:\/\/docs.google.com\/document\/d\/11wwCnDd29gTIycWydNTLA7OBvOAr_qw0\/edit?usp=drive_link&amp;ouid=101840456530558912410&amp;rtpof=true&amp;sd=true\" target=\"_blank\" rel=\"noopener\" class=\"\"><i  class=\"fa icon shadow-large-black aligncenter color1 fa-calendar reverse round large\"><\/i><\/a> <div  data-type=\"column\" class=\"\"><h5  class=\"\">Kalendarz roku szkolnego 2025\/26<\/h5> <\/div> <\/div><\/div> <\/div><\/div><div  id=\"latest-news\" style=\"background-color: #f5fafd;\" data-label=\"Latest news\" data-id=\"blog-section\" data-export-id=\"blog-section\" data-category=\"latest_news\" class=\"blog-section blog-section-standard content-section content-section-spacing\"><div  class=\"gridContainer\"> <div  class=\"row\"><div  data-type=\"column\" class=\"section-title-col\"> <h2  class=\"\">Aktualno\u015bci<\/h2> <\/div> <\/div> <div  class=\"row\"> <div  data-type=\"row\" data-dynamic-columns=\"handled\" data-content-shortcode=\"mesmerize_latest_news columns=&quot;4&quot; \">\t\t<div class=\"row center-sm content-left-sm\">\n\t\t\t\t\t<div id=\"post-6967\" class=\"col-sm-6 col-md-4 space-bottom space-bottom-xs\">\n\t\t\t\t<div class=\"post-content card y-move bordered\">\n\t\t\t\t\t<div class=\"post-thumbnail\">\n   <a href=\"https:\/\/zse-2.krakow.pl\/index.php\/2026\/04\/01\/zebrania-z-rodzicami-13-04-2026\/\" class=\"post-list-item-thumb \">\n      <img loading=\"lazy\" decoding=\"async\" width=\"1024\" height=\"678\" src=\"https:\/\/zse-2.krakow.pl\/wp-content\/uploads\/2022\/06\/meeting-g7d29a7459_1280-1024x678.jpg\" class=\"attachment-post-thumbnail size-post-thumbnail wp-post-image\" alt=\"Zebranie dla rodzic\u00f3w\" srcset=\"https:\/\/zse-2.krakow.pl\/wp-content\/uploads\/2022\/06\/meeting-g7d29a7459_1280-1024x678.jpg 1024w, https:\/\/zse-2.krakow.pl\/wp-content\/uploads\/2022\/06\/meeting-g7d29a7459_1280-300x199.jpg 300w, https:\/\/zse-2.krakow.pl\/wp-content\/uploads\/2022\/06\/meeting-g7d29a7459_1280-768x509.jpg 768w, https:\/\/zse-2.krakow.pl\/wp-content\/uploads\/2022\/06\/meeting-g7d29a7459_1280.jpg 1280w\" sizes=\"auto, (max-width: 1024px) 100vw, 1024px\" \/>   <\/a>\n<\/div>\n\t\t\t\t\t<div class=\"col-padding col-padding-xs\">\n\t\t\t\t\t\t<h3 class=\"post-title space-bottom-small\">\n\t\t\t\t\t\t\t<a href=\"https:\/\/zse-2.krakow.pl\/index.php\/2026\/04\/01\/zebrania-z-rodzicami-13-04-2026\/\" rel=\"bookmark\">\n\t\t\t\t\t\t\t\tZebrania z Rodzicami 13.04.2026\t\t\t\t\t\t\t<\/a>\n\t\t\t\t\t\t<\/h3>\n\t\t\t\t\t\t<p>Zapraszamy Rodzic\u00f3w na zebrania w poniedzia\u0142ek 13 kwietnia 2026 r. dla klas 2, 3 i 4 o godz. 16:45; dla klas 1 i 5 o godz. 17:45. Godziny otwarte dla[&hellip;]<\/p>\n\t\t\t\t\t\t<a class=\"read-more link\" href=\"https:\/\/zse-2.krakow.pl\/index.php\/2026\/04\/01\/zebrania-z-rodzicami-13-04-2026\/\">\n\t\t\t\t\t\t\tCzytaj wi\u0119cej\t\t\t\t\t\t<\/a>\n\t\t\t\t\t<\/div>\n\t\t\t\t<\/div>\n\t\t\t<\/div>\n\t\t\t\t\t\t<div id=\"post-6987\" class=\"col-sm-6 col-md-4 space-bottom space-bottom-xs\">\n\t\t\t\t<div class=\"post-content card y-move bordered\">\n\t\t\t\t\t<div class=\"post-thumbnail\">\n   <a href=\"https:\/\/zse-2.krakow.pl\/index.php\/2026\/03\/31\/zapisy-na-kurs-prawa-jazdy-4\/\" class=\"post-list-item-thumb \">\n      <img loading=\"lazy\" decoding=\"async\" width=\"1024\" height=\"678\" src=\"https:\/\/zse-2.krakow.pl\/wp-content\/uploads\/2022\/04\/behind-the-wheel-g9bf935792_1280-1024x678.jpg\" class=\"attachment-post-thumbnail size-post-thumbnail wp-post-image\" alt=\"prawo jazdy\" srcset=\"https:\/\/zse-2.krakow.pl\/wp-content\/uploads\/2022\/04\/behind-the-wheel-g9bf935792_1280-1024x678.jpg 1024w, https:\/\/zse-2.krakow.pl\/wp-content\/uploads\/2022\/04\/behind-the-wheel-g9bf935792_1280-300x199.jpg 300w, https:\/\/zse-2.krakow.pl\/wp-content\/uploads\/2022\/04\/behind-the-wheel-g9bf935792_1280-768x508.jpg 768w, https:\/\/zse-2.krakow.pl\/wp-content\/uploads\/2022\/04\/behind-the-wheel-g9bf935792_1280.jpg 1280w\" sizes=\"auto, (max-width: 1024px) 100vw, 1024px\" \/>   <\/a>\n<\/div>\n\t\t\t\t\t<div class=\"col-padding col-padding-xs\">\n\t\t\t\t\t\t<h3 class=\"post-title space-bottom-small\">\n\t\t\t\t\t\t\t<a href=\"https:\/\/zse-2.krakow.pl\/index.php\/2026\/03\/31\/zapisy-na-kurs-prawa-jazdy-4\/\" rel=\"bookmark\">\n\t\t\t\t\t\t\t\tZapisy na kurs prawa jazdy\t\t\t\t\t\t\t<\/a>\n\t\t\t\t\t\t<\/h3>\n\t\t\t\t\t\t<p>W ramach projektu Centrum Kompetencji Zawodowych, od 10 kwietnia ruszaj\u0105 zapisy na kurs prawa jazdy. Wszystkich zainteresowanych prosimy o sk\u0142adanie dokument\u00f3w do Pauliny Wargulec (sekretariat uczniowski) do 17 kwietnia 2026.[&hellip;]<\/p>\n\t\t\t\t\t\t<a class=\"read-more link\" href=\"https:\/\/zse-2.krakow.pl\/index.php\/2026\/03\/31\/zapisy-na-kurs-prawa-jazdy-4\/\">\n\t\t\t\t\t\t\tCzytaj wi\u0119cej\t\t\t\t\t\t<\/a>\n\t\t\t\t\t<\/div>\n\t\t\t\t<\/div>\n\t\t\t<\/div>\n\t\t\t\t\t\t<div id=\"post-6984\" class=\"col-sm-6 col-md-4 space-bottom space-bottom-xs\">\n\t\t\t\t<div class=\"post-content card y-move bordered\">\n\t\t\t\t\t<div class=\"post-thumbnail\">\n   <a href=\"https:\/\/zse-2.krakow.pl\/index.php\/2026\/03\/31\/nagroda-im-a-weyssenhoffa\/\" class=\"post-list-item-thumb \">\n      <img loading=\"lazy\" decoding=\"async\" width=\"900\" height=\"1286\" src=\"https:\/\/zse-2.krakow.pl\/wp-content\/uploads\/2026\/04\/Weyssenhoff_plakat_podglad.jpg\" class=\"attachment-post-thumbnail size-post-thumbnail wp-post-image\" alt=\"\" srcset=\"https:\/\/zse-2.krakow.pl\/wp-content\/uploads\/2026\/04\/Weyssenhoff_plakat_podglad.jpg 900w, https:\/\/zse-2.krakow.pl\/wp-content\/uploads\/2026\/04\/Weyssenhoff_plakat_podglad-210x300.jpg 210w, https:\/\/zse-2.krakow.pl\/wp-content\/uploads\/2026\/04\/Weyssenhoff_plakat_podglad-717x1024.jpg 717w, https:\/\/zse-2.krakow.pl\/wp-content\/uploads\/2026\/04\/Weyssenhoff_plakat_podglad-768x1097.jpg 768w, https:\/\/zse-2.krakow.pl\/wp-content\/uploads\/2026\/04\/Weyssenhoff_plakat_podglad-756x1080.jpg 756w\" sizes=\"auto, (max-width: 900px) 100vw, 900px\" \/>   <\/a>\n<\/div>\n\t\t\t\t\t<div class=\"col-padding col-padding-xs\">\n\t\t\t\t\t\t<h3 class=\"post-title space-bottom-small\">\n\t\t\t\t\t\t\t<a href=\"https:\/\/zse-2.krakow.pl\/index.php\/2026\/03\/31\/nagroda-im-a-weyssenhoffa\/\" rel=\"bookmark\">\n\t\t\t\t\t\t\t\tNagroda im. A. Weyssenhoffa\t\t\t\t\t\t\t<\/a>\n\t\t\t\t\t\t<\/h3>\n\t\t\t\t\t\t<p>Zapraszamy m\u0142odych mieszka\u0144c\u00f3w Krakowa do zg\u0142aszania kandydat\u00f3w do tegorocznej Nagrody im. Antoniego Weyssenhoffa. To idealny spos\u00f3b, aby doceni\u0107 osoby, kt\u00f3re na co dzie\u0144 anga\u017cuj\u0105 si\u0119 w dzia\u0142ania na rzecz m\u0142odych[&hellip;]<\/p>\n\t\t\t\t\t\t<a class=\"read-more link\" href=\"https:\/\/zse-2.krakow.pl\/index.php\/2026\/03\/31\/nagroda-im-a-weyssenhoffa\/\">\n\t\t\t\t\t\t\tCzytaj wi\u0119cej\t\t\t\t\t\t<\/a>\n\t\t\t\t\t<\/div>\n\t\t\t\t<\/div>\n\t\t\t<\/div>\n\t\t\t\t<\/div>\n\t<\/div><\/div> <div  class=\"row\"><div  class=\"text-center\"> <a  class=\"button color1\" data-attr-shortcode=\"href:mesmerize_blog_link\" href=\"https:\/\/zse-2.krakow.pl\/?post_type=post\">Zobacz wi\u0119cej aktualno\u015bci<\/a><\/div> <\/div><\/div><\/div>","protected":false},"excerpt":{"rendered":"<p>Plan lekcji Dziennik elektroniczny LIBRUS Egzaminy zawodowe Egzaminy maturalne Samorz\u0105d Uczniowski Kalendarz roku szkolnego 2025\/26 Aktualno\u015bci Zobacz wi\u0119cej aktualno\u015bci<\/p>\n","protected":false},"author":1,"featured_media":711,"parent":0,"menu_order":0,"comment_status":"closed","ping_status":"closed","template":"page-templates\/homepage.php","meta":{"footnotes":""},"class_list":["post-75","page","type-page","status-publish","has-post-thumbnail","hentry"],"_links":{"self":[{"href":"https:\/\/zse-2.krakow.pl\/index.php\/wp-json\/wp\/v2\/pages\/75","targetHints":{"allow":["GET"]}}],"collection":[{"href":"https:\/\/zse-2.krakow.pl\/index.php\/wp-json\/wp\/v2\/pages"}],"about":[{"href":"https:\/\/zse-2.krakow.pl\/index.php\/wp-json\/wp\/v2\/types\/page"}],"author":[{"embeddable":true,"href":"https:\/\/zse-2.krakow.pl\/index.php\/wp-json\/wp\/v2\/users\/1"}],"replies":[{"embeddable":true,"href":"https:\/\/zse-2.krakow.pl\/index.php\/wp-json\/wp\/v2\/comments?post=75"}],"version-history":[{"count":62,"href":"https:\/\/zse-2.krakow.pl\/index.php\/wp-json\/wp\/v2\/pages\/75\/revisions"}],"predecessor-version":[{"id":5866,"href":"https:\/\/zse-2.krakow.pl\/index.php\/wp-json\/wp\/v2\/pages\/75\/revisions\/5866"}],"wp:featuredmedia":[{"embeddable":true,"href":"https:\/\/zse-2.krakow.pl\/index.php\/wp-json\/wp\/v2\/media\/711"}],"wp:attachment":[{"href":"https:\/\/zse-2.krakow.pl\/index.php\/wp-json\/wp\/v2\/media?parent=75"}],"curies":[{"name":"wp","href":"https:\/\/api.w.org\/{rel}","templated":true}]}}