{"id":796,"date":"2022-04-04T11:08:33","date_gmt":"2022-04-04T09:08:33","guid":{"rendered":"https:\/\/2022.zse-2.krakow.pl\/?page_id=796"},"modified":"2023-11-21T10:09:39","modified_gmt":"2023-11-21T09:09:39","slug":"uniwersytet-ekonomiczny","status":"publish","type":"page","link":"https:\/\/zse-2.krakow.pl\/index.php\/uniwersytet-ekonomiczny\/","title":{"rendered":"Uniwersytet Ekonomiczny"},"content":{"rendered":"<p style=\"text-align: left;\"><img loading=\"lazy\" decoding=\"async\" class=\"size-medium wp-image-798 aligncenter\" src=\"https:\/\/zse-2.krakow.pl\/wp-content\/uploads\/2022\/04\/uek-logo-300x140.png\" alt=\"\" width=\"300\" height=\"140\" srcset=\"https:\/\/zse-2.krakow.pl\/wp-content\/uploads\/2022\/04\/uek-logo-300x140.png 300w, https:\/\/zse-2.krakow.pl\/wp-content\/uploads\/2022\/04\/uek-logo.png 329w\" sizes=\"auto, (max-width: 300px) 100vw, 300px\" \/>01 grudnia 2014 roku po raz kolejny zosta\u0142o podpisane porozumienie o wsp\u00f3\u0142pracy pomi\u0119dzy <a href=\"https:\/\/uek.krakow.pl\/\" target=\"_blank\" rel=\"noopener\">Uniwersytetem Ekonomicznym w Krakowie<\/a> a Zespo\u0142em Szk\u00f3\u0142 Ekonomicznych Nr 2.<br \/>\nCelem wsp\u00f3\u0142pracy kt\u00f3ra trwa od 1985 roku jest umo\u017cliwienie uczniom zapoznania si\u0119 z funkcjonowaniem wy\u017cszej uczelni poprzez stworzenie mo\u017cliwo\u015bci uczestnictwa w wyk\u0142adach, konferencjach, seminariach organizowanych przez Uniwersytet Ekonomiczny. W czasie wycieczek po kampusie Uniwersytetu mo\u017cna zwiedza\u0107 bibliotek\u0119 , sale wyk\u0142adowe, laboratoria, a r\u00f3wnocze\u015bnie zapozna\u0107 si\u0119 z ofert\u0105 edukacyjn\u0105 uczelni. Najnowszej wiedzy ekonomicznej dostarczaj\u0105 praktykanci studium pedagogicznego UEK. Przedstawiciele uczelni bior\u0105 udzia\u0142 we wszystkich wa\u017cnych wydarzeniach maj\u0105cych miejsce w naszej szkole, a Rektor uczelni obejmuje je honorowym patronatem. W ka\u017cdym roku ok. 30 % naszych absolwent\u00f3w rozpoczyna studia dzienne lub zaoczne na uczelni, a kilku zosta\u0142o jej pracownikami naukowymi.<\/p>\n<h3 style=\"text-align: center;\"><img loading=\"lazy\" decoding=\"async\" class=\"aligncenter wp-image-797 size-full\" src=\"https:\/\/zse-2.krakow.pl\/wp-content\/uploads\/2022\/04\/uek.jpg\" alt=\"\" width=\"500\" height=\"345\" srcset=\"https:\/\/zse-2.krakow.pl\/wp-content\/uploads\/2022\/04\/uek.jpg 500w, https:\/\/zse-2.krakow.pl\/wp-content\/uploads\/2022\/04\/uek-300x207.jpg 300w\" sizes=\"auto, (max-width: 500px) 100vw, 500px\" \/><br \/>\nPatronat Katedry Turystyki Uniwersytetu Ekonomicznego w Krakowie<\/h3>\n<p style=\"text-align: left;\">W dniu 7 wrze\u015bnia 2022 roku odby\u0142a si\u0119 uroczysta inauguracja roku szkolnego w klasach 1T oraz 1HOT pod patronatem Katedry Turystyki Uniwersytetu Ekonomicznego w Krakowie. Wydarzenie to wdro\u017cy\u0142o w \u017cycie postanowienia porozumienia o wsp\u00f3\u0142pracy mi\u0119dzy uczelni\u0105 wy\u017csz\u0105 a nasz\u0105 szko\u0142\u0105 podpisanego 11 marca 2022 roku. Z tej okazji zorganizowany zosta\u0142 wyk\u0142ad inauguracyjny poprowadzony przez prof. UEK dr hab. Jadwig\u0119 Berbek\u0119 \u2013 Kierownika Katedry Turystyki wraz z dr Micha\u0142em Rudnickim b\u0119d\u0105cym pracownikiem tej katedry oraz nauczycielem w naszej szkole.<\/p>\n<p style=\"text-align: left;\">W ramach patronatu Katedry Turystyki UEK nad klasami ucz\u0105cymi si\u0119 w zawodach Technik hotelarstwa i Technik organizacji turystyki w ZSE nr 2 w Krakowie zrealizowano:<\/p>\n<ul style=\"text-align: left;\">\n<li>wyk\u0142ad inauguracyjny Kierownik Katedry Turystyki prof. UEK dr hab. Jadwigi Berbeki oraz dra Micha\u0142a Rudnickiego podczas uroczystego obj\u0119cia patronatem klas pierwszych zrealizowany w dniu 07 wrze\u015bnia 2022 roku<\/li>\n<li>uczestnictwo poszczeg\u00f3lnych klas i delegacji uczni\u00f3w w wybranych wydarzeniach bran\u017cy turystycznej i HoReCa:<br \/>\n&#8211; mo\u017cliwo\u015b\u0107 zdalnego uczestnictwa w Forum Turystyki organizowanym przez Urz\u0105d Miasta Krakowa w dniu 29 wrze\u015bnia 2022;<br \/>\n&#8211; BE MY GUEST &#8211; Zosta\u0144 Liderem Nowej Go\u015bcinno\u015bci zorganizowane przez Stowarzyszenie Hotelmania w dniu 24.10.2022 r. w Centrum Kongresowym ICE Krak\u00f3w (pierwsze w Polsce wydarzenie skierowane do uczni\u00f3w i student\u00f3w szeroko poj\u0119tej bran\u017cy Hospitality);<br \/>\n&#8211; uczestnictwo uczni\u00f3w klasy 4T w Mi\u0119dzynarodowym Kongresie Ekonomii Warto\u015bci Open Eyes Economy Summit (OEES) 2022 obywaj\u0105cego si\u0119 w dniach 22-23.11.2022 w ICE Krak\u00f3w Kongres OEES w dniu 22.11.2022 r.<br \/>\n&#8211; uczestnictwo uczni\u00f3w w seminarium naukowym pt. \u201cZnaczenie interesariuszy we wsp\u00f3\u0142zarz\u0105dzaniu destynacj\u0105 turystyczn\u0105\u201d w dniu 07.10.2022 r.<\/li>\n<\/ul>\n<ul style=\"text-align: left;\">\n<li>wyk\u0142ad tematyczny wraz z prezentacj\u0105 oferty edukacyjnej kierunku Turystyka i rekreacja dla klas technikum 4THO oraz 4TT w dniu 13.12.2022 r.<\/li>\n<li>uczestnictwo klas IV i V technikum w Dniach Otwartych UEK w dniu 31.03.2023 r.<br \/>\n&#8211; Podczas tego wydarzenia zorganizowano dla uczni\u00f3w wyk\u0142ad poprowadzony przez Dyrektor Instytutu Zarz\u0105dzania Prof. UEK Dr Hab. Ma\u0142gorzat\u0119 Tyra\u0144sk\u0105 oraz Kierownik Katedry Turystyki Prof. UEK dr hab. Jadwig\u0119 Berbek\u0119,<br \/>\n&#8211; Zorganizowano oprowadzanie po kampusie UEK dla klas wizytuj\u0105cych co umo\u017cliwi\u0142o skr\u00f3cenie dystansu poznawczego samej uczelni i kierunku Turystyka i rekreacja,<br \/>\n&#8211; Przeprowadzono kr\u00f3tk\u0105 prezentacj\u0119 oferty programowej Uniwersytetu, w tym zw\u0142aszcza kierunku Turystyka i rekreacja,<\/li>\n<\/ul>\n<ul style=\"text-align: left;\">\n<li>zaproszenie i mo\u017cliwo\u015b\u0107 uczestnictwa nauczycieli ucz\u0105cych w klasach zawodowych technikum do udzia\u0142u w wyk\u0142adach otwartych i\/lub konferencjach organizowanych lub wsp\u00f3\u0142organizowanych przez Katedr\u0119 Turystyki UEK,<\/li>\n<li>jednoczesn\u0105 promocj\u0119 obydwu instytucji na wydarzeniach bran\u017cowych,<\/li>\n<\/ul>\n<p style=\"text-align: left;\">W ramach patronatu planowane s\u0105 dalsze dzia\u0142ania, w tym m.in. wymiana do\u015bwiadcze\u0144 mi\u0119dzy kadr\u0105 uniwersyteck\u0105 a nauczycielami ucz\u0105cymi w technikum, udzia\u0142 nauczycieli i uczni\u00f3w w kolejnych konferencjach, szkoleniach oraz wyk\u0142adach otwartych organizowanych przez pracownik\u00f3w Katedry Turystyki, umo\u017cliwienie uczniom wraz z ich nauczycielami udzia\u0142u w spotkaniach bran\u017cowych, w\u0142\u0105czenie uczni\u00f3w technikum w procesy organizacyjne wielu r\u00f3\u017cnych wydarze\u0144 biznesowych bran\u017cy turystycznej oraz wydarze\u0144 kulturalnych i wiele innych.<\/p>\n<p style=\"text-align: left;\">Wsp\u00f3\u0142praca ta rodzi szereg r\u00f3\u017cnych korzy\u015bci zar\u00f3wno dla samych uczni\u00f3w, nauczycieli jak i szko\u0142y. Uczniowie ucz\u0105cy si\u0119 w klasach o specjalno\u015bciach technik hotelarstwa oraz technik organizacji turystyki otrzymuj\u0105 nie tylko kompleksow\u0105 wiedz\u0119 potrzebn\u0105 do wykonywania zawodu, ale poszerzaj\u0105 swoje horyzonty, osobi\u015bcie do\u015bwiadczaj\u0105 reali\u00f3w rynku poprzez kontakt z osobami pracuj\u0105cymi w turystyce oraz uzyskuj\u0105 mo\u017cliwo\u015b\u0107 adaptacji pozyskanych wiadomo\u015bci w warunkach funkcjonowania bran\u017cy. Nauczyciele z kolei maj\u0105 okazj\u0119 do wymiany do\u015bwiadcze\u0144 z kadr\u0105 uniwersyteck\u0105, udzia\u0142u w konferencjach, szkoleniach oraz wyk\u0142adach otwartych organizowanych przez pracownik\u00f3w Katedry Turystyki a tak\u017ce w spotkaniach bran\u017cy turystycznej.<\/p>\n<p style=\"text-align: left;\">Patronat Katedry Turystyki ma tak\u017ce niebagatelne znaczenie wizerunkowe dla szko\u0142y. Dzi\u0119ki tej wsp\u00f3\u0142pracy podnosi si\u0119 ranga i presti\u017c Zespo\u0142u Szk\u00f3\u0142 Ekonomicznych nr 2 dzi\u0119ki czemu nasza oferta edukacyjna staje si\u0119 bardziej konkurencyjna w\u015br\u00f3d krakowskich szk\u00f3\u0142 \u015brednich.<\/p>\n<p style=\"text-align: right;\"><em>Dr Rudnicki Micha\u0142<\/em><br \/>\n<em>Nauczyciel przedmiot\u00f3w zawodowych<\/em><\/p>\n<style type=\"text\/css\">\n#foogallery-gallery-1559 .fg-image { width: 150px; }\n#foogallery-gallery-1559 { --fg-gutter: 10px; }<\/style>\n\t\t\t<div class=\"foogallery foogallery-container foogallery-default foogallery-lightbox-foobox fg-center fg-m-col2 fg-default fg-ready fg-light fg-border-thin fg-shadow-outline fg-loading-default fg-loaded-fade-in fg-caption-hover fg-hover-fade fg-hover-zoom\" id=\"foogallery-gallery-1559\" data-foogallery=\"{&quot;item&quot;:{&quot;showCaptionTitle&quot;:true,&quot;showCaptionDescription&quot;:true},&quot;lazy&quot;:true}\" style=\"--fg-title-line-clamp: 0; --fg-description-line-clamp: 0;\" >\n\t<div class=\"fg-item fg-type-image fg-idle\"><figure class=\"fg-item-inner\"><a href=\"https:\/\/zse-2.krakow.pl\/wp-content\/uploads\/2022\/09\/1663224076974.jpg\" data-attachment-id=\"1565\" data-type=\"image\" class=\"fg-thumb\"><span class=\"fg-image-wrap\"><img decoding=\"async\" width=\"150\" height=\"150\" class=\"skip-lazy fg-image\" data-src-fg=\"https:\/\/zse-2.krakow.pl\/wp-content\/uploads\/cache\/2022\/09\/1663224076974\/2005589726.jpg\" src=\"data:image\/svg+xml,%3Csvg%20xmlns%3D%22http%3A%2F%2Fwww.w3.org%2F2000%2Fsvg%22%20width%3D%22150%22%20height%3D%22150%22%20viewBox%3D%220%200%20150%20150%22%3E%3C%2Fsvg%3E\" loading=\"eager\"><\/span><span class=\"fg-image-overlay\"><\/span><\/a><\/figure><div class=\"fg-loader\"><\/div><\/div><div class=\"fg-item fg-type-image fg-idle\"><figure class=\"fg-item-inner\"><a href=\"https:\/\/zse-2.krakow.pl\/wp-content\/uploads\/2022\/09\/1663224076760.jpg\" data-attachment-id=\"1560\" data-type=\"image\" class=\"fg-thumb\"><span class=\"fg-image-wrap\"><img decoding=\"async\" width=\"150\" height=\"150\" class=\"skip-lazy fg-image\" data-src-fg=\"https:\/\/zse-2.krakow.pl\/wp-content\/uploads\/cache\/2022\/09\/1663224076760\/2622176920.jpg\" src=\"data:image\/svg+xml,%3Csvg%20xmlns%3D%22http%3A%2F%2Fwww.w3.org%2F2000%2Fsvg%22%20width%3D%22150%22%20height%3D%22150%22%20viewBox%3D%220%200%20150%20150%22%3E%3C%2Fsvg%3E\" loading=\"eager\"><\/span><span class=\"fg-image-overlay\"><\/span><\/a><\/figure><div class=\"fg-loader\"><\/div><\/div><div class=\"fg-item fg-type-image fg-idle\"><figure class=\"fg-item-inner\"><a href=\"https:\/\/zse-2.krakow.pl\/wp-content\/uploads\/2022\/09\/1663224076772.jpg\" data-attachment-id=\"1561\" data-type=\"image\" class=\"fg-thumb\"><span class=\"fg-image-wrap\"><img decoding=\"async\" width=\"150\" height=\"150\" class=\"skip-lazy fg-image\" data-src-fg=\"https:\/\/zse-2.krakow.pl\/wp-content\/uploads\/cache\/2022\/09\/1663224076772\/209238320.jpg\" src=\"data:image\/svg+xml,%3Csvg%20xmlns%3D%22http%3A%2F%2Fwww.w3.org%2F2000%2Fsvg%22%20width%3D%22150%22%20height%3D%22150%22%20viewBox%3D%220%200%20150%20150%22%3E%3C%2Fsvg%3E\" loading=\"eager\"><\/span><span class=\"fg-image-overlay\"><\/span><\/a><\/figure><div class=\"fg-loader\"><\/div><\/div><div class=\"fg-item fg-type-image fg-idle\"><figure class=\"fg-item-inner\"><a href=\"https:\/\/zse-2.krakow.pl\/wp-content\/uploads\/2022\/09\/1663224076807.jpg\" data-attachment-id=\"1562\" data-type=\"image\" class=\"fg-thumb\"><span class=\"fg-image-wrap\"><img decoding=\"async\" width=\"150\" height=\"150\" class=\"skip-lazy fg-image\" data-src-fg=\"https:\/\/zse-2.krakow.pl\/wp-content\/uploads\/cache\/2022\/09\/1663224076807\/1161116395.jpg\" src=\"data:image\/svg+xml,%3Csvg%20xmlns%3D%22http%3A%2F%2Fwww.w3.org%2F2000%2Fsvg%22%20width%3D%22150%22%20height%3D%22150%22%20viewBox%3D%220%200%20150%20150%22%3E%3C%2Fsvg%3E\" loading=\"eager\"><\/span><span class=\"fg-image-overlay\"><\/span><\/a><\/figure><div class=\"fg-loader\"><\/div><\/div><div class=\"fg-item fg-type-image fg-idle\"><figure class=\"fg-item-inner\"><a href=\"https:\/\/zse-2.krakow.pl\/wp-content\/uploads\/2022\/09\/1663224076921.jpg\" data-attachment-id=\"1563\" data-type=\"image\" class=\"fg-thumb\"><span class=\"fg-image-wrap\"><img decoding=\"async\" width=\"150\" height=\"150\" class=\"skip-lazy fg-image\" data-src-fg=\"https:\/\/zse-2.krakow.pl\/wp-content\/uploads\/cache\/2022\/09\/1663224076921\/2265179202.jpg\" src=\"data:image\/svg+xml,%3Csvg%20xmlns%3D%22http%3A%2F%2Fwww.w3.org%2F2000%2Fsvg%22%20width%3D%22150%22%20height%3D%22150%22%20viewBox%3D%220%200%20150%20150%22%3E%3C%2Fsvg%3E\" loading=\"eager\"><\/span><span class=\"fg-image-overlay\"><\/span><\/a><\/figure><div class=\"fg-loader\"><\/div><\/div><div class=\"fg-item fg-type-image fg-idle\"><figure class=\"fg-item-inner\"><a href=\"https:\/\/zse-2.krakow.pl\/wp-content\/uploads\/2022\/09\/1663224076950.jpg\" data-attachment-id=\"1564\" data-type=\"image\" class=\"fg-thumb\"><span class=\"fg-image-wrap\"><img decoding=\"async\" width=\"150\" height=\"150\" class=\"skip-lazy fg-image\" data-src-fg=\"https:\/\/zse-2.krakow.pl\/wp-content\/uploads\/cache\/2022\/09\/1663224076950\/408644660.jpg\" src=\"data:image\/svg+xml,%3Csvg%20xmlns%3D%22http%3A%2F%2Fwww.w3.org%2F2000%2Fsvg%22%20width%3D%22150%22%20height%3D%22150%22%20viewBox%3D%220%200%20150%20150%22%3E%3C%2Fsvg%3E\" loading=\"eager\"><\/span><span class=\"fg-image-overlay\"><\/span><\/a><\/figure><div class=\"fg-loader\"><\/div><\/div><\/div>\n\n<p>&nbsp;<\/p>\n<p>&nbsp;<\/p>\n<p style=\"text-align: center;\"><strong>Wydarzenia patronackie w roku szkolnym 2023\/2024<\/strong><\/p>\n<p style=\"text-align: left;\">W dniu <strong>16 listopada 2023<\/strong> r. w murach Uniwersytetu Ekonomicznego w Krakowie odby\u0142 si\u0119 wyk\u0142ad go\u015bcinny dra Zbigniewa Borka dla uczni\u00f3w klas czwartych i maturalnych wraz z ich nauczycielami z Zespo\u0142u Szk\u00f3\u0142 Ekonomicznych nr 2. Wyk\u0142ad ten zorganizowany zosta\u0142 przez dra Micha\u0142a Rudnickiego w ramach patronatu Katedry Turystyki UEK nad klasami o kierunkach turystycznych: Technik organizacji turystyki i Technik hotelarstwa. Tematyka wyk\u0142adu po\u015bwi\u0119cona by\u0142a zarz\u0105dzaniu zdrowym stylem \u017cycia i spotka\u0142a si\u0119 z \u017cywym zainteresowaniem zar\u00f3wno uczni\u00f3w jak i wychowawc\u00f3w.<\/p>\n<p style=\"text-align: left;\">Spotkanie zosta\u0142o uroczy\u015bcie rozpocz\u0119te przez Zast\u0119pc\u0119 Kierownika Instytutu Zarz\u0105dzania Uniwersytetu Ekonomicznego w Krakowie prof. UEK dr hab. Mariusza \u0141apczy\u0144skiego. Po wyk\u0142adzie przy pomocy organizacyjnej student\u00f3w II roku kierunku Turystyka i rekreacja UEK przeprowadzono jeszcze gr\u0119 terenow\u0105, w kt\u00f3rej uczestnictwo umo\u017cliwi\u0142o uczniom zapoznanie si\u0119 z kampusem UEK. Zespo\u0142y, kt\u00f3re wykona\u0142y najwi\u0119ksz\u0105 ilo\u015b\u0107 zada\u0144 w ramach gry nagrodzone zosta\u0142y upominkami.<\/p>\n<p><img loading=\"lazy\" decoding=\"async\" class=\"aligncenter wp-image-3368 size-full\" src=\"https:\/\/zse-2.krakow.pl\/wp-content\/uploads\/2023\/11\/wyklad_01.jpg\" alt=\"\" width=\"1000\" height=\"563\" srcset=\"https:\/\/zse-2.krakow.pl\/wp-content\/uploads\/2023\/11\/wyklad_01.jpg 1000w, https:\/\/zse-2.krakow.pl\/wp-content\/uploads\/2023\/11\/wyklad_01-300x169.jpg 300w, https:\/\/zse-2.krakow.pl\/wp-content\/uploads\/2023\/11\/wyklad_01-768x432.jpg 768w\" sizes=\"auto, (max-width: 1000px) 100vw, 1000px\" \/><\/p>\n<p>&nbsp;<\/p>\n<p>&nbsp;<\/p>\n","protected":false},"excerpt":{"rendered":"<p>01 grudnia 2014 roku po raz kolejny zosta\u0142o podpisane porozumienie o wsp\u00f3\u0142pracy pomi\u0119dzy Uniwersytetem Ekonomicznym w Krakowie a Zespo\u0142em Szk\u00f3\u0142 Ekonomicznych Nr 2. Celem wsp\u00f3\u0142pracy kt\u00f3ra trwa od 1985 roku jest umo\u017cliwienie uczniom zapoznania si\u0119 z funkcjonowaniem wy\u017cszej uczelni poprzez stworzenie mo\u017cliwo\u015bci uczestnictwa w wyk\u0142adach, konferencjach, seminariach organizowanych przez Uniwersytet Ekonomiczny. W czasie wycieczek po&hellip; <br \/> <a class=\"read-more\" href=\"https:\/\/zse-2.krakow.pl\/index.php\/uniwersytet-ekonomiczny\/\">Dowiedz si\u0119 wi\u0119cej<\/a><\/p>\n","protected":false},"author":1,"featured_media":797,"parent":0,"menu_order":0,"comment_status":"closed","ping_status":"closed","template":"","meta":{"footnotes":""},"class_list":["post-796","page","type-page","status-publish","has-post-thumbnail","hentry"],"_links":{"self":[{"href":"https:\/\/zse-2.krakow.pl\/index.php\/wp-json\/wp\/v2\/pages\/796","targetHints":{"allow":["GET"]}}],"collection":[{"href":"https:\/\/zse-2.krakow.pl\/index.php\/wp-json\/wp\/v2\/pages"}],"about":[{"href":"https:\/\/zse-2.krakow.pl\/index.php\/wp-json\/wp\/v2\/types\/page"}],"author":[{"embeddable":true,"href":"https:\/\/zse-2.krakow.pl\/index.php\/wp-json\/wp\/v2\/users\/1"}],"replies":[{"embeddable":true,"href":"https:\/\/zse-2.krakow.pl\/index.php\/wp-json\/wp\/v2\/comments?post=796"}],"version-history":[{"count":14,"href":"https:\/\/zse-2.krakow.pl\/index.php\/wp-json\/wp\/v2\/pages\/796\/revisions"}],"predecessor-version":[{"id":3376,"href":"https:\/\/zse-2.krakow.pl\/index.php\/wp-json\/wp\/v2\/pages\/796\/revisions\/3376"}],"wp:featuredmedia":[{"embeddable":true,"href":"https:\/\/zse-2.krakow.pl\/index.php\/wp-json\/wp\/v2\/media\/797"}],"wp:attachment":[{"href":"https:\/\/zse-2.krakow.pl\/index.php\/wp-json\/wp\/v2\/media?parent=796"}],"curies":[{"name":"wp","href":"https:\/\/api.w.org\/{rel}","templated":true}]}}