{"id":804,"date":"2022-04-04T11:33:40","date_gmt":"2022-04-04T09:33:40","guid":{"rendered":"https:\/\/2022.zse-2.krakow.pl\/?page_id=804"},"modified":"2022-10-24T09:58:45","modified_gmt":"2022-10-24T07:58:45","slug":"szkola-aspirantow-panstwowej-strazy-pozarnej","status":"publish","type":"page","link":"https:\/\/zse-2.krakow.pl\/index.php\/szkola-aspirantow-panstwowej-strazy-pozarnej\/","title":{"rendered":"Szko\u0142a Aspirant\u00f3w Pa\u0144stwowej Stra\u017cy Po\u017carnej"},"content":{"rendered":"<p style=\"text-align: left;\"><img loading=\"lazy\" decoding=\"async\" class=\"size-full wp-image-806 alignleft\" src=\"https:\/\/zse-2.krakow.pl\/wp-content\/uploads\/2022\/04\/szkola_aspirantow_logo.png\" alt=\"Szko\u0142a Aspirant\u00f3w\" width=\"86\" height=\"113\" \/>28 maja 2015 roku zosta\u0142o podpisane porozumienie o wsp\u00f3\u0142pracy pomi\u0119dzy <a href=\"https:\/\/sapsp.pl\/index.php\/pl_pl\/\" target=\"_blank\" rel=\"noopener\">Szko\u0142\u0105 Aspirant\u00f3w Pa\u0144stwowej Stra\u017cy Po\u017carnej w Krakowie<\/a> a Zespo\u0142em Szk\u00f3\u0142 Ekonomicznych Nr 2 w Krakowie.<br \/>\nCelem wsp\u00f3\u0142pracy jest przybli\u017cenie uczniom naszej szko\u0142y kszta\u0142c\u0105cych si\u0119 w zawodzie technik logistyk praktycznych aspekt\u00f3w wykonywania zawod\u00f3w zwi\u0105zanych z logistyk\u0105 w obronie przeciwpo\u017carowej.<br \/>\nUczniowie uczestniczy\u0107 b\u0119d\u0105 w wyk\u0142adach, seminariach, konferencjach, prezentacjach dydaktycznych, zaj\u0119ciach \u0107wiczeniowych organizowanych przez Szko\u0142\u0119 Aspirant\u00f3w Pa\u0144stwowej Stra\u017cy Po\u017carnej w Krakowie. Skorzystaj\u0105 r\u00f3wnie\u017c z zasob\u00f3w bibliotecznych, wydawniczych, a tak\u017ce zaznajomi\u0105 si\u0119 z salami wyk\u0142adowymi, laboratoriami, pracowni\u0105 jak\u0105 dysponuje Jednostka. Ponadto b\u0119d\u0105 wsp\u00f3\u0142pracowa\u0107 przy realizacji wsp\u00f3lnych projekt\u00f3w, imprez okoliczno\u015bciowych, dzia\u0142a\u0144 na rzecz \u015brodowiska lokalnego Nowej Huty, akcjach charytatywnych, humanitarnych na mocy zawartego Porozumienia o wsp\u00f3\u0142pracy.<br \/>\nZgodnie z postanowieniami Porozumienia o wsp\u00f3\u0142pracy Szko\u0142y Aspirant\u00f3w Pa\u0144stwowej Stra\u017cy Po\u017carnej w Krakowie obj\u0119to patronatem naukowo-technicznym klasy, kszta\u0142c\u0105c\u0105 si\u0119 w zawodzie technik logistyk w Zespole Szk\u00f3\u0142 Ekonomicznych Nr 2 w Krakowie rozpoczynaj\u0105c od dnia 28 maja 2015 roku.<\/p>\n<p><img loading=\"lazy\" decoding=\"async\" class=\"aligncenter wp-image-805 size-full\" src=\"https:\/\/zse-2.krakow.pl\/wp-content\/uploads\/2022\/04\/szkola_aspirantow2.jpg\" alt=\"Szko\u0142a Aspirant\u00f3w\" width=\"500\" height=\"375\" srcset=\"https:\/\/zse-2.krakow.pl\/wp-content\/uploads\/2022\/04\/szkola_aspirantow2.jpg 500w, https:\/\/zse-2.krakow.pl\/wp-content\/uploads\/2022\/04\/szkola_aspirantow2-300x225.jpg 300w\" sizes=\"auto, (max-width: 500px) 100vw, 500px\" \/><\/p>\n","protected":false},"excerpt":{"rendered":"<p>28 maja 2015 roku zosta\u0142o podpisane porozumienie o wsp\u00f3\u0142pracy pomi\u0119dzy Szko\u0142\u0105 Aspirant\u00f3w Pa\u0144stwowej Stra\u017cy Po\u017carnej w Krakowie a Zespo\u0142em Szk\u00f3\u0142 Ekonomicznych Nr 2 w Krakowie. Celem wsp\u00f3\u0142pracy jest przybli\u017cenie uczniom naszej szko\u0142y kszta\u0142c\u0105cych si\u0119 w zawodzie technik logistyk praktycznych aspekt\u00f3w wykonywania zawod\u00f3w zwi\u0105zanych z logistyk\u0105 w obronie przeciwpo\u017carowej. Uczniowie uczestniczy\u0107 b\u0119d\u0105 w wyk\u0142adach, seminariach, konferencjach,&hellip; <br \/> <a class=\"read-more\" href=\"https:\/\/zse-2.krakow.pl\/index.php\/szkola-aspirantow-panstwowej-strazy-pozarnej\/\">Dowiedz si\u0119 wi\u0119cej<\/a><\/p>\n","protected":false},"author":1,"featured_media":805,"parent":0,"menu_order":0,"comment_status":"closed","ping_status":"closed","template":"","meta":{"footnotes":""},"class_list":["post-804","page","type-page","status-publish","has-post-thumbnail","hentry"],"_links":{"self":[{"href":"https:\/\/zse-2.krakow.pl\/index.php\/wp-json\/wp\/v2\/pages\/804","targetHints":{"allow":["GET"]}}],"collection":[{"href":"https:\/\/zse-2.krakow.pl\/index.php\/wp-json\/wp\/v2\/pages"}],"about":[{"href":"https:\/\/zse-2.krakow.pl\/index.php\/wp-json\/wp\/v2\/types\/page"}],"author":[{"embeddable":true,"href":"https:\/\/zse-2.krakow.pl\/index.php\/wp-json\/wp\/v2\/users\/1"}],"replies":[{"embeddable":true,"href":"https:\/\/zse-2.krakow.pl\/index.php\/wp-json\/wp\/v2\/comments?post=804"}],"version-history":[{"count":2,"href":"https:\/\/zse-2.krakow.pl\/index.php\/wp-json\/wp\/v2\/pages\/804\/revisions"}],"predecessor-version":[{"id":910,"href":"https:\/\/zse-2.krakow.pl\/index.php\/wp-json\/wp\/v2\/pages\/804\/revisions\/910"}],"wp:featuredmedia":[{"embeddable":true,"href":"https:\/\/zse-2.krakow.pl\/index.php\/wp-json\/wp\/v2\/media\/805"}],"wp:attachment":[{"href":"https:\/\/zse-2.krakow.pl\/index.php\/wp-json\/wp\/v2\/media?parent=804"}],"curies":[{"name":"wp","href":"https:\/\/api.w.org\/{rel}","templated":true}]}}