{"id":818,"date":"2022-04-04T12:36:00","date_gmt":"2022-04-04T10:36:00","guid":{"rendered":"https:\/\/2022.zse-2.krakow.pl\/?page_id=818"},"modified":"2025-12-01T17:07:30","modified_gmt":"2025-12-01T16:07:30","slug":"egzaminy-zawodowe","status":"publish","type":"page","link":"https:\/\/zse-2.krakow.pl\/index.php\/egzaminy-zawodowe\/","title":{"rendered":"Egzaminy zawodowe"},"content":{"rendered":"<p>&nbsp;<\/p>\n<p><img loading=\"lazy\" decoding=\"async\" class=\"aligncenter wp-image-708 size-large\" src=\"https:\/\/zse-2.krakow.pl\/wp-content\/uploads\/2022\/03\/pracownia_komp-1024x479.jpg\" alt=\"\" width=\"1024\" height=\"479\" srcset=\"https:\/\/zse-2.krakow.pl\/wp-content\/uploads\/2022\/03\/pracownia_komp-1024x479.jpg 1024w, https:\/\/zse-2.krakow.pl\/wp-content\/uploads\/2022\/03\/pracownia_komp-300x140.jpg 300w, https:\/\/zse-2.krakow.pl\/wp-content\/uploads\/2022\/03\/pracownia_komp-768x359.jpg 768w, https:\/\/zse-2.krakow.pl\/wp-content\/uploads\/2022\/03\/pracownia_komp-1536x719.jpg 1536w, https:\/\/zse-2.krakow.pl\/wp-content\/uploads\/2022\/03\/pracownia_komp.jpg 1919w\" sizes=\"auto, (max-width: 1024px) 100vw, 1024px\" \/><\/p>\n<p style=\"text-align: center;\"><strong>Kwalifikacje &#8211; kszta\u0142cenie wg podstawy programowej z 2019 roku<\/strong><\/p>\n<p style=\"text-align: left;\"><strong>Technik ekonomista \u00a0331403<\/strong><\/p>\n<ul>\n<li style=\"text-align: left;\">Kwalifikacja EKA.04. Prowadzenie dokumentacji w jednostce organizacyjnej (w klasie 3).<\/li>\n<li style=\"text-align: left;\">Kwalifikacja EKA.05. Prowadzenie spraw kadrowo-p\u0142acowych i gospodarki finansowej jednostek organizacyjnych (w klasie 5).<\/li>\n<\/ul>\n<p style=\"text-align: left;\"><strong>Technik rachunkowo\u015bci 431103<\/strong><\/p>\n<ul>\n<li style=\"text-align: left;\">KwalifikacjaEKA.05. Prowadzenie spraw kadrowo-p\u0142acowych i gospodarki finansowej jednostek organizacyjnych (w klasie 3).<\/li>\n<li style=\"text-align: left;\">Kwalifikacja EKA.07. Prowadzenie rachunkowo\u015bci (w klasie 5).<\/li>\n<\/ul>\n<p style=\"text-align: left;\"><strong>Technik handlowiec \u00a0522305<\/strong><\/p>\n<ul>\n<li style=\"text-align: left;\">Kwalifikacja HAN.01. Prowadzenie sprzeda\u017cy (w klasie 3).<\/li>\n<li style=\"text-align: left;\">Kwalifikacja HAN.02. Prowadzenie dzia\u0142a\u0144 handlowych (w klasie 5).<\/li>\n<\/ul>\n<p style=\"text-align: left;\"><strong>Technik organizacji turystyki 422104 <\/strong><\/p>\n<ul>\n<li style=\"text-align: left;\">KwalifikacjaHGT.07. Przygotowanie imprez i us\u0142ug turystycznych (w klasie 3).<\/li>\n<li style=\"text-align: left;\">Kwalifikacja HGT.08. Obs\u0142uga klienta oraz rozliczanie imprez i us\u0142ug turystycznych (w klasie 5).<\/li>\n<\/ul>\n<p style=\"text-align: left;\"><strong>Technik logistyk 333107<\/strong><\/p>\n<ul>\n<li style=\"text-align: left;\">Kwalifikacja SPL.01. Obs\u0142uga magazyn\u00f3w (w klasie 3).<\/li>\n<li style=\"text-align: left;\">Kwalifikacja SPL.04. Organizacja transportu (w klasie 5).<\/li>\n<\/ul>\n<p style=\"text-align: left;\"><strong>Technik hotelarstwa 422402<\/strong><\/p>\n<ul>\n<li style=\"text-align: left;\">Kwalifikacja HGT.03. Obs\u0142uga go\u015bci w obiekcie \u015bwiadcz\u0105cym us\u0142ugi hotelarskie (w klasie 3).<\/li>\n<li style=\"text-align: left;\">Kwalifikacja HGT.06. Realizacja us\u0142ug w recepcji (w klasie 5).<\/li>\n<\/ul>\n<p style=\"text-align: left;\"><strong>Technik lotniskowych s\u0142u\u017cb operacyjnych 315406<\/strong><\/p>\n<ul>\n<li style=\"text-align: left;\">Kwalifikacja TLO.02. Obs\u0142uga operacyjna portu lotniczego i wsp\u00f3\u0142praca ze s\u0142u\u017cbami \u017ceglugi powietrznej (w klasie 5).<\/li>\n<\/ul>\n<p>&nbsp;<\/p>\n<p>Wykaz dozwolonych przybor\u00f3w publikowany jest przed ka\u017cd\u0105 sesj\u0105 egzaminacyjn\u0105 na stronie <a href=\"https:\/\/cke.gov.pl\/egzamin-zawodowy\/\" target=\"_blank\" rel=\"noopener\">https:\/\/cke.gov.pl\/egzamin-zawodowy<\/a><\/p>\n<p>Testy pisemne, arkusze praktyczne oraz przyk\u0142adowe rozwi\u0105zania z egzamin\u00f3w zawodowych opracowane przez Centraln\u0105 Komisj\u0119 Egzaminacyjn\u0105: <a href=\"https:\/\/www.testy.egzaminzawodowy.info\/\" target=\"_blank\" rel=\"noopener\">https:\/\/www.testy.egzaminzawodowy.info\/<\/a><\/p>\n<p>&nbsp;<\/p>\n<p><img loading=\"lazy\" decoding=\"async\" class=\"alignleft wp-image-974\" src=\"https:\/\/zse-2.krakow.pl\/wp-content\/uploads\/2022\/04\/download-pdf-gffb60412e_640-300x213.png\" alt=\"\" width=\"130\" height=\"92\" srcset=\"https:\/\/zse-2.krakow.pl\/wp-content\/uploads\/2022\/04\/download-pdf-gffb60412e_640-300x213.png 300w, https:\/\/zse-2.krakow.pl\/wp-content\/uploads\/2022\/04\/download-pdf-gffb60412e_640.png 640w\" sizes=\"auto, (max-width: 130px) 100vw, 130px\" \/>Harmonogram egzamin\u00f3w w styczniu 2026<\/p>\n<div class=\"sdm_download_button_box_default\"><div class=\"sdm_download_link\"><a href=\"https:\/\/zse-2.krakow.pl\/?sdm_process_download=1&download_id=1020\" class=\"sdm_download blue\" title=\"Harmonogram egzamin\u00f3w zawodowych &#8211; stycze\u0144 2026\" target=&quot;_blank&quot;>Pobierz<\/a><\/div><\/div>\n","protected":false},"excerpt":{"rendered":"<p>&nbsp; Kwalifikacje &#8211; kszta\u0142cenie wg podstawy programowej z 2019 roku Technik ekonomista \u00a0331403 Kwalifikacja EKA.04. Prowadzenie dokumentacji w jednostce organizacyjnej (w klasie 3). Kwalifikacja EKA.05. Prowadzenie spraw kadrowo-p\u0142acowych i gospodarki finansowej jednostek organizacyjnych (w klasie 5). Technik rachunkowo\u015bci 431103 KwalifikacjaEKA.05. Prowadzenie spraw kadrowo-p\u0142acowych i gospodarki finansowej jednostek organizacyjnych (w klasie 3). Kwalifikacja EKA.07. Prowadzenie rachunkowo\u015bci&hellip; <br \/> <a class=\"read-more\" href=\"https:\/\/zse-2.krakow.pl\/index.php\/egzaminy-zawodowe\/\">Dowiedz si\u0119 wi\u0119cej<\/a><\/p>\n","protected":false},"author":1,"featured_media":708,"parent":0,"menu_order":0,"comment_status":"closed","ping_status":"closed","template":"","meta":{"footnotes":""},"class_list":["post-818","page","type-page","status-publish","has-post-thumbnail","hentry"],"_links":{"self":[{"href":"https:\/\/zse-2.krakow.pl\/index.php\/wp-json\/wp\/v2\/pages\/818","targetHints":{"allow":["GET"]}}],"collection":[{"href":"https:\/\/zse-2.krakow.pl\/index.php\/wp-json\/wp\/v2\/pages"}],"about":[{"href":"https:\/\/zse-2.krakow.pl\/index.php\/wp-json\/wp\/v2\/types\/page"}],"author":[{"embeddable":true,"href":"https:\/\/zse-2.krakow.pl\/index.php\/wp-json\/wp\/v2\/users\/1"}],"replies":[{"embeddable":true,"href":"https:\/\/zse-2.krakow.pl\/index.php\/wp-json\/wp\/v2\/comments?post=818"}],"version-history":[{"count":22,"href":"https:\/\/zse-2.krakow.pl\/index.php\/wp-json\/wp\/v2\/pages\/818\/revisions"}],"predecessor-version":[{"id":6412,"href":"https:\/\/zse-2.krakow.pl\/index.php\/wp-json\/wp\/v2\/pages\/818\/revisions\/6412"}],"wp:featuredmedia":[{"embeddable":true,"href":"https:\/\/zse-2.krakow.pl\/index.php\/wp-json\/wp\/v2\/media\/708"}],"wp:attachment":[{"href":"https:\/\/zse-2.krakow.pl\/index.php\/wp-json\/wp\/v2\/media?parent=818"}],"curies":[{"name":"wp","href":"https:\/\/api.w.org\/{rel}","templated":true}]}}