{"id":822,"date":"2022-04-04T12:38:26","date_gmt":"2022-04-04T10:38:26","guid":{"rendered":"https:\/\/2022.zse-2.krakow.pl\/?page_id=822"},"modified":"2026-03-10T15:05:19","modified_gmt":"2026-03-10T14:05:19","slug":"samorzad-uczniowski","status":"publish","type":"page","link":"https:\/\/zse-2.krakow.pl\/index.php\/samorzad-uczniowski\/","title":{"rendered":"Samorz\u0105d Uczniowski"},"content":{"rendered":"<p><img loading=\"lazy\" decoding=\"async\" class=\"wp-image-6785 size-mesmerize-full-hd aligncenter\" src=\"https:\/\/zse-2.krakow.pl\/wp-content\/uploads\/2026\/03\/samorzad2026-810x1080.jpeg\" alt=\"\" width=\"810\" height=\"1080\" srcset=\"https:\/\/zse-2.krakow.pl\/wp-content\/uploads\/2026\/03\/samorzad2026-810x1080.jpeg 810w, https:\/\/zse-2.krakow.pl\/wp-content\/uploads\/2026\/03\/samorzad2026-225x300.jpeg 225w, https:\/\/zse-2.krakow.pl\/wp-content\/uploads\/2026\/03\/samorzad2026-768x1024.jpeg 768w, https:\/\/zse-2.krakow.pl\/wp-content\/uploads\/2026\/03\/samorzad2026-1152x1536.jpeg 1152w, https:\/\/zse-2.krakow.pl\/wp-content\/uploads\/2026\/03\/samorzad2026-1024x1365.jpeg 1024w, https:\/\/zse-2.krakow.pl\/wp-content\/uploads\/2026\/03\/samorzad2026.jpeg 1536w\" sizes=\"auto, (max-width: 810px) 100vw, 810px\" \/><\/p>\n<p style=\"text-align: left;\">W sk\u0142ad Samorz\u0105du Uczniowskiego Zespo\u0142u Szk\u00f3\u0142 Ekonomicznych Nr 2 wchodz\u0105:<\/p>\n<ul style=\"text-align: left;\">\n<li>Maria Kucharzyk &#8211; Przewodnicz\u0105ca<\/li>\n<li>Karol Pierzcha\u0142a &#8211; Zast\u0119pca<\/li>\n<li>Damian Ptasznik &#8211; Sekretarz<\/li>\n<li>Sylwia Liberska &#8211; Media<\/li>\n<\/ul>\n<div>\n<div dir=\"auto\" style=\"text-align: left;\">Opiekunowie Samorz\u0105du Uczniowskiego:<\/div>\n<ul>\n<li dir=\"auto\" style=\"text-align: left;\">Aleksandra Kania<\/li>\n<li dir=\"auto\" style=\"text-align: left;\">Ma\u0142gorzata \u015awi\u0105tek<\/li>\n<\/ul>\n<div dir=\"auto\" style=\"text-align: left;\">Samorz\u0105d to wsp\u00f3lnota \u0142\u0105cz\u0105ca uczni\u00f3w, kt\u00f3rzy kt\u00f3rzy reprezentuj\u0105 szko\u0142\u0119 oraz prowadz\u0105 wszelkie dzia\u0142ania na rzecz szko\u0142y oraz na rzecz wolontariatu. W naszym samorz\u0105dzie panuje mi\u0142a atmosfera i ka\u017cdy mo\u017ce liczy\u0107 tutaj na pomoc i wsparcie drugiej osoby. Je\u017celi chcia\u0142by\u015b do\u0142\u0105cza\u0107 do samorz\u0105du szko\u0142y, zapraszamy serdecznie.<\/div>\n<div dir=\"auto\"><\/div>\n<\/div>\n<p style=\"text-align: left;\">Samorz\u0105d Uczniowski w roku szkolnym 2021\/2022 \u00a0zorganizowa\u0142 oraz wzi\u0105\u0142 udzia\u0142\u00a0 w nast\u0119puj\u0105cych wydarzeniach:<\/p>\n<ul style=\"text-align: left;\">\n<li>Uroczyste posiedzenie M\u0142odzie\u017cowej Rady Krakowa,<\/li>\n<li>\u015alubowanie klas pierwszych,<\/li>\n<li>Akcja Krwiodawstwa,<\/li>\n<li>Zdj\u0119cia klasowe,<\/li>\n<li>Konferencja ekologiczna online organizowana przez WSZiB,<\/li>\n<li>Uroczyste spotkanie z seniorami organizowane przez M\u0142odzie\u017cow\u0105 Rad\u0119 Krakowa,<\/li>\n<li>Dzie\u0144 Pluszowego Misia organizowany przez M\u0142odzie\u017cow\u0105 Rad\u0119 Krakowa,<\/li>\n<li>Konferencja M\u0142odzie\u017cowej Rady Krakowa \u201e M\u0142odzi z klimatem\u201d,<\/li>\n<li>Konferencja M\u0142odzie\u017cowej Rady Krakowa \u201eRazem mo\u017cemy wi\u0119cej\u201d,<\/li>\n<li>Wsp\u00f3lne ubieranie szkolnej choinki,<\/li>\n<li>Miko\u0142ajki \u2013 kolorowy dzie\u0144,<\/li>\n<li>Szkolna \u015awi\u0105teczna Paczka,<\/li>\n<li>Sk\u0142adanie \u017cycze\u0144 \u015bwi\u0105tecznych w Urz\u0119dzie Miasta, Kuratorium O\u015bwiaty, Wydziale Edukacji,<\/li>\n<li>Wsp\u00f3lne szkolne kol\u0119dowanie,<\/li>\n<li>Regularne spotkania Samorz\u0105du Uczniowskiego,<\/li>\n<li>Zbi\u00f3rka rzeczy na pomoc Ukrainie wsp\u00f3lnie z SU Rockefeller,<\/li>\n<li>Zbi\u00f3rka dla Ukrai\u0144skich Matek z dzie\u0107mi,<\/li>\n<li>Zbi\u00f3rka i zakupy transporter\u00f3w na rzecz zwierzak\u00f3w z Ukrainy,<\/li>\n<li>Dzie\u0144 Bez Plecaka,<\/li>\n<li>Organizacja Dni Otwartych.<\/li>\n<\/ul>\n<p style=\"text-align: left;\">Samorz\u0105d Uczniowski wsp\u00f3\u0142pracuje z:<\/p>\n<ul>\n<li style=\"text-align: left;\">WSZiB,<\/li>\n<li style=\"text-align: left;\">SU XII LO,<\/li>\n<li style=\"text-align: left;\">Krakowsk\u0105\u00a0 Szko\u0142\u0105 Jazzu i Muzyki Rozrywkowej,<\/li>\n<li style=\"text-align: left;\">Samorz\u0105dem Student\u00f3w UE,<\/li>\n<li style=\"text-align: left;\">Szko\u0142\u0105 Aspirant\u00f3w Po\u017carnictwa,<\/li>\n<li style=\"text-align: left;\">M\u0142odzie\u017cow\u0105 Rad\u0105 Krakowa.<\/li>\n<\/ul>\n<p>Kontakt z Samorz\u0105dem Uczniowskim: samorzad@zse-2.krakow.pl<\/p>\n<style type=\"text\/css\">\n#foogallery-gallery-881 .fg-image { width: 250px; }\n#foogallery-gallery-881 { --fg-gutter: 10px; }<\/style>\n\t\t\t<div class=\"foogallery foogallery-container foogallery-default foogallery-lightbox-foobox fg-center fg-m-col2 fg-default fg-ready fg-light fg-border-thin fg-shadow-outline fg-loading-default fg-loaded-fade-in fg-caption-hover fg-hover-fade fg-hover-zoom\" id=\"foogallery-gallery-881\" data-foogallery=\"{&quot;item&quot;:{&quot;showCaptionTitle&quot;:true,&quot;showCaptionDescription&quot;:true},&quot;lazy&quot;:true}\" style=\"--fg-title-line-clamp: 0; --fg-description-line-clamp: 0;\" >\n\t<div class=\"fg-item fg-type-image fg-idle\"><figure class=\"fg-item-inner\"><a href=\"https:\/\/zse-2.krakow.pl\/wp-content\/uploads\/2022\/04\/samorzad_750.jpeg\" data-attachment-id=\"878\" data-type=\"image\" class=\"fg-thumb\"><span class=\"fg-image-wrap\"><img fetchpriority=\"high\" decoding=\"async\" alt=\"Samorz\u0105d Uczniowski\" width=\"250\" height=\"333\" class=\"skip-lazy fg-image\" data-src-fg=\"https:\/\/zse-2.krakow.pl\/wp-content\/uploads\/cache\/2022\/04\/samorzad_750\/3873876433.jpeg\" src=\"data:image\/svg+xml,%3Csvg%20xmlns%3D%22http%3A%2F%2Fwww.w3.org%2F2000%2Fsvg%22%20width%3D%22250%22%20height%3D%22333%22%20viewBox%3D%220%200%20250%20333%22%3E%3C%2Fsvg%3E\" loading=\"eager\"><\/span><span class=\"fg-image-overlay\"><\/span><\/a><\/figure><div class=\"fg-loader\"><\/div><\/div><div class=\"fg-item fg-type-image fg-idle\"><figure class=\"fg-item-inner\"><a href=\"https:\/\/zse-2.krakow.pl\/wp-content\/uploads\/2022\/04\/Samorzad_2.jpg\" data-attachment-id=\"855\" data-type=\"image\" class=\"fg-thumb\"><span class=\"fg-image-wrap\"><img decoding=\"async\" alt=\"Dzia\u0142ania Samorz\u0105du Uczniowskiego\" width=\"250\" height=\"333\" class=\"skip-lazy fg-image\" data-src-fg=\"https:\/\/zse-2.krakow.pl\/wp-content\/uploads\/cache\/2022\/04\/Samorzad_2\/4134803120.jpg\" src=\"data:image\/svg+xml,%3Csvg%20xmlns%3D%22http%3A%2F%2Fwww.w3.org%2F2000%2Fsvg%22%20width%3D%22250%22%20height%3D%22333%22%20viewBox%3D%220%200%20250%20333%22%3E%3C%2Fsvg%3E\" loading=\"eager\"><\/span><span class=\"fg-image-overlay\"><\/span><\/a><\/figure><div class=\"fg-loader\"><\/div><\/div><div class=\"fg-item fg-type-image fg-idle\"><figure class=\"fg-item-inner\"><a href=\"https:\/\/zse-2.krakow.pl\/wp-content\/uploads\/2022\/04\/Samorzad_3.jpg\" data-attachment-id=\"854\" data-type=\"image\" class=\"fg-thumb\"><span class=\"fg-image-wrap\"><img decoding=\"async\" alt=\"Samorz\u0105d Uczniowski\" width=\"250\" height=\"333\" class=\"skip-lazy fg-image\" data-src-fg=\"https:\/\/zse-2.krakow.pl\/wp-content\/uploads\/cache\/2022\/04\/Samorzad_3\/3476724395.jpg\" src=\"data:image\/svg+xml,%3Csvg%20xmlns%3D%22http%3A%2F%2Fwww.w3.org%2F2000%2Fsvg%22%20width%3D%22250%22%20height%3D%22333%22%20viewBox%3D%220%200%20250%20333%22%3E%3C%2Fsvg%3E\" loading=\"eager\"><\/span><span class=\"fg-image-overlay\"><\/span><\/a><\/figure><div class=\"fg-loader\"><\/div><\/div><div class=\"fg-item fg-type-image fg-idle\"><figure class=\"fg-item-inner\"><a href=\"https:\/\/zse-2.krakow.pl\/wp-content\/uploads\/2022\/04\/Samorzad_5.jpg\" data-attachment-id=\"852\" data-type=\"image\" class=\"fg-thumb\"><span class=\"fg-image-wrap\"><img decoding=\"async\" alt=\"Dzia\u0142ania Samorz\u0105du Uczniowskiego\" width=\"250\" height=\"333\" class=\"skip-lazy fg-image\" data-src-fg=\"https:\/\/zse-2.krakow.pl\/wp-content\/uploads\/cache\/2022\/04\/Samorzad_5\/1486729969.jpg\" src=\"data:image\/svg+xml,%3Csvg%20xmlns%3D%22http%3A%2F%2Fwww.w3.org%2F2000%2Fsvg%22%20width%3D%22250%22%20height%3D%22333%22%20viewBox%3D%220%200%20250%20333%22%3E%3C%2Fsvg%3E\" loading=\"eager\"><\/span><span class=\"fg-image-overlay\"><\/span><\/a><\/figure><div class=\"fg-loader\"><\/div><\/div><\/div>\n\n<p>&nbsp;<\/p>\n<h3 dir=\"ltr\" style=\"text-align: center;\">Aktualno\u015bci Samorz\u0105du Uczniowskiego<\/h3>\n<p dir=\"ltr\" style=\"text-align: left;\">Nadszed\u0142 czas rozlicze\u0144, zatem jako Wasz Samorz\u0105d chcieliby\u015bmy podzieli\u0107 si\u0119 wsp\u00f3lnymi dokonaniami z pierwszego semestru roku szkolnego 2023\/24:<\/p>\n<p dir=\"ltr\" style=\"text-align: left;\"><strong>Akcja DKMS<\/strong><\/p>\n<p dir=\"ltr\" style=\"text-align: left;\">Chronologicznie pierwszym wydarzeniem by\u0142a akcja szukania dawcy szpiku dla Mai, we wsp\u00f3\u0142pracy z fundacj\u0105 DKMS pr\u0119\u017cnie zach\u0119cali\u015bmy ludzi do rejestracji jako potencjalny dawca szpiku, ku naszemu pozytywnemu zaskoczeniu, zg\u0142osi\u0142o si\u0119 bardzo wielu ch\u0119tnych do udzia\u0142u w wolontariacie uczni\u00f3w, za co ogromnie dzi\u0119kujemy. Wspomniana akcja odbywa\u0142a si\u0119 w datach 15.09-17.09.2023r. &#8211; Wysi\u0142ek si\u0119 op\u0142aci\u0142, wsp\u00f3lnymi si\u0142ami przyczynili\u015bmy si\u0119 do odnalezienia potencjalnego dawcy szpiku dla Mai.<\/p>\n<p dir=\"ltr\" style=\"text-align: left;\"><strong>Bud\u017cet Obywatelski<\/strong><\/p>\n<p dir=\"ltr\" style=\"text-align: left;\">Na prze\u0142omie Wrze\u015bnia i Pa\u017adziernika &#8211; Wydzia\u0142 Polityki Wewn\u0119trznej i Zdrowia Urz\u0119du Miasta Krakowa wcieli\u0142 w \u017cycie projekt maj\u0105cy na celu promocj\u0119 Bud\u017cetu Obywatelskiego pt. &#8222;M\u0142odzie\u017cowy Ambasador Bud\u017cetu Obywatelskiego&#8221;, kt\u00f3rym zosta\u0142 ucze\u0144 klasy 2L oraz cz\u0142onek samorz\u0105du uczniowskiego &#8211; Daniel Malaga. Za\u0142o\u017ceniem wspomnianego projektu by\u0142o przeprowadzenie warsztat\u00f3w oraz szkole\u0144 dla uczni\u00f3w szk\u00f3\u0142 ponadpodstawowych w Krakowie oraz u\u015bwiadamianie ich, \u017ce oni r\u00f3wnie\u017c maj\u0105 g\u0142os i on si\u0119 liczy. Wielu uczni\u00f3w nie zdaj\u0119 sobie sprawy, \u017ce mo\u017ce bra\u0107 udzia\u0142 w g\u0142osowaniu na projekty zg\u0142oszone do realizacji z Bud\u017cetu Obywatelskiego. Zaskakuj\u0105cy i najwy\u017cszy wynik spo\u015br\u00f3d pozosta\u0142ych 11 ambasador\u00f3w uzyska\u0142 Daniel Malaga, kt\u00f3ry przeszkoli\u0142 a\u017c 658 uczni\u00f3w z wielu krakowskich szk\u00f3\u0142 ponadpodstawowych, a ca\u0142kowita liczba uczestnicz\u0105cych w szkoleniach wynios\u0142a 1367.<br \/>\n10.10.2023r. ambasadorzy spotkali si\u0119 z 1 zast\u0119pc\u0105 prezydenta miasta Krakowa ds. Dzia\u0142alno\u015bci M\u0142odzie\u017cy &#8211; Panem Andrzejem Kuligiem, podczas kt\u00f3rego debatowali w jaki spos\u00f3b najlepiej dotrze\u0107 do m\u0142odzie\u017cy z krakowskich szk\u00f3\u0142.<\/p>\n<p dir=\"ltr\" style=\"text-align: left;\"><strong>\u015alubowanie klas pierwszych<\/strong><\/p>\n<p dir=\"ltr\" style=\"text-align: left;\">Pi\u0105tek 13.10.2023r. by\u0142 dla uczni\u00f3w klas pierwszych wyj\u0105tkowy, bowiem w\u0142a\u015bnie w tym dniu stali si\u0119 oni oficjalnie uczniami Zespo\u0142u Szk\u00f3\u0142 Ekonomicznych Nr 2 im. Ignacego Daszy\u0144skiego w Krakowie. Uczniowie zostali oficjalnie powitani przez Dyrekcj\u0119 oraz Przewodnicz\u0105cego Samorz\u0105du Uczniowskiego &#8211; Jacka Jakubowskiego. Natomiast po \u015blubowaniu przyszed\u0142 czas na cz\u0119\u015b\u0107 artystyczn\u0105, wyst\u0105pi\u0142y dziewczyny z zespo\u0142u Cheerleaders Sweet Hearts pod przewodnictwem Pani Dagmary Kami\u0144skiej, dziewcz\u0119ta z klasy 2E w programie Modern Dance, a zwie\u0144czeniem uroczysto\u015bci by\u0142 wyst\u0119p zespo\u0142u wokalnego w towarzystwie absolwent\u00f3w: Dominiki Doniec, Magdaleny Kani oraz Marcina Nogie\u0107 pod kierownictwem Pani Magdaleny Mazurkiewicz.<\/p>\n<p dir=\"ltr\" style=\"text-align: left;\"><strong>Zbi\u00f3rka artyku\u0142\u00f3w dla zwierz\u0105t<\/strong><\/p>\n<p dir=\"ltr\" style=\"text-align: left;\">Przez ca\u0142y Listopad 2023 roku, w naszej szkole trwa\u0142a zbi\u00f3rka wszelkich artyku\u0142\u00f3w dla zwierz\u0105t ze Schroniska i stra\u017cnicy praw zwierz\u0105t w Borku. W szkole pojawi\u0142a si\u0119 &#8222;\u015bcianka chwa\u0142y&#8221;, na kt\u00f3rej ch\u0119tni uczniowie oraz nauczyciele mogli umie\u015bci\u0107 zdj\u0119cia swoich pociech, aby inni mogli zobaczy\u0107 jakie skarby kryj\u0105 si\u0119 w naszych domach, ale przede wszystkim w naszych sercach. Cz\u0142onkowie i cz\u0142onkinie samorz\u0105du nie dali uczniom naszej szko\u0142y zapomnie\u0107 o tej akcji, na bie\u017c\u0105co informowali uczni\u00f3w o terminie jej zako\u0144czenia jak i o miejscu sk\u0142adowania i przynoszenia artyku\u0142\u00f3w.<\/p>\n<p dir=\"ltr\" style=\"text-align: left;\"><strong>#SU-w-ak<\/strong><\/p>\n<p dir=\"ltr\" style=\"text-align: left;\">Samorz\u0105d naszej szko\u0142y w porozumieniu z jego opiekunem przyst\u0105pi\u0142 do programu #SU-w-ak tj. Samorz\u0105d Uczniowski w akcji. Program ten realizowany jest w formie konkursu o przyznanie dotacji na realizacj\u0119 zg\u0142oszonego projektu w kwocie pomi\u0119dzy 500z\u0142 &#8211; 2000z\u0142. Pracujemy nad pewnym projektem, ale na razie nie zdradzamy szczeg\u00f3\u0142\u00f3w.<\/p>\n<p dir=\"ltr\" style=\"text-align: left;\"><strong>Open Eyes Economy Summit &#8217;23<\/strong><\/p>\n<p dir=\"ltr\" style=\"text-align: left;\">W dniach 21-22 listopada 2023 roku w krakowskim Centrum Kongresowym ICE odby\u0142a si\u0119 mi\u0119dzynarodowa konferencja ekonomiczna \u2013 Open Eyes Economy Summit \u201923, przy kt\u00f3rej organizacji pomagali uczniowie z naszej szko\u0142y. Nasi wolontariusze pomagali\u00a0<span dir=\"ltr\">m.in<\/span>. w dzia\u0142ach: Logistyki \u2013 dbaj\u0105c o wygodne i szybkie przetransportowanie prelegent\u00f3w z Lotniska\/Dworca PKP do hotelu lub bezpo\u015brednio do ICE, Obs\u0142uga szatni, Technika i Re\u017cyserka \u2013 dbaj\u0105c o ka\u017cdy szczeg\u00f3\u0142 i koordynuj\u0105c budow\u0119 scen oraz ich aran\u017cacj\u0119, Obs\u0142uga obiektu, Opieka Prelegent\u00f3w \u2013 nawigowanie m\u00f3wc\u00f3w do odpowiednich sal, zgodnie z harmonogramem kongresu, pe\u0142nili r\u00f3wnie\u017c wiele innych wa\u017cnych funkcji. Podczas kongresu mo\u017cna by\u0142o pozna\u0107 wielu znanych ludzi jak np. Ann\u0119 Dymn\u0105 czy Ew\u0119 Ewart, kt\u00f3rej film by\u0142 wy\u015bwietlany podczas kongresu. To wydarzenie organizowane co roku, tym razem to ju\u017c 8 edycja.<\/p>\n<p dir=\"ltr\" style=\"text-align: left;\"><strong>\u015awi\u0105teczne spotkanie Samorz\u0105d\u00f3w Uczniowskich i MRK<\/strong><\/p>\n<p dir=\"ltr\" style=\"text-align: left;\">Samorz\u0105dy szk\u00f3\u0142 wsp\u00f3\u0142pracuj\u0105cy otrzyma\u0142y zaproszenia na \u015bwi\u0105teczne spotkanie integracyjne po\u0142\u0105czone z podsumowaniem i warsztatami, samorz\u0105dy r\u00f3\u017cnych szk\u00f3\u0142 mia\u0142y okazj\u0119 si\u0119 pozna\u0107 i zintegrowa\u0107. Nasz\u0105 szko\u0142\u0119 reprezentowali uczniowie klasy 2E &#8211; Karolina Karkula i Bartosz Blitek<\/p>\n<p dir=\"ltr\" style=\"text-align: left;\"><strong>Wyst\u0119p na Rynku G\u0142\u00f3wnym w Krakowie<\/strong><\/p>\n<p dir=\"ltr\" style=\"text-align: left;\">18 grudnia odby\u0142o si\u0119 kol\u0119dowanie z go\u015bcinnym udzia\u0142em zespo\u0142u wokalnego z naszej szko\u0142y pod kierownictwem Pani Magdaleny Mazurkiewicz, wsp\u00f3lnie z mieszka\u0144cami rozpocz\u0119li\u015bmy ostatni etap adwentu.<\/p>\n<p dir=\"ltr\" style=\"text-align: left;\"><strong>\u015awi\u0105teczna Paczka<\/strong><\/p>\n<p dir=\"ltr\" style=\"text-align: left;\">Po raz 15 Samorz\u0105d Uczniowski zorganizowa\u0142 akcj\u0119 \u015awi\u0105teczna Paczka, kt\u00f3ra ma na celu wsparcie mniej zamo\u017cnych koleg\u00f3w i kole\u017canek ze szko\u0142y, dzi\u0119ki Waszej pomocy i Waszemu zaanga\u017cowaniu Wasi koledzy b\u0119d\u0105 mieli lepsze \u015awi\u0119ta! Dzi\u0119kujemy klasom 1E oraz 2E za pomoc w organizacji akcji.<\/p>\n<p dir=\"ltr\" style=\"text-align: left;\"><strong>Hospicjum \u015bw. \u0141azarza<\/strong><\/p>\n<p dir=\"ltr\" style=\"text-align: left;\">Zaanga\u017cowanie naszych uczni\u00f3w i ch\u0119\u0107 wsparcia os\u00f3b przebywaj\u0105cych w Hospicjum \u015bw. \u0141azarza (Towarzystwo Przyjaci\u00f3\u0142 Chorych &#8222;Hospicjum im. \u015bw. \u0141azarza&#8221;)\u00a0<span dir=\"ltr\">ul. Fatimska 17, 31-831 Krak\u00f3w<\/span>, sprawi\u0142y, \u017ce powsta\u0142o a\u017c 45 przepi\u0119knych stroik\u00f3w \u015bwi\u0105tecznych, celem umilenia tego trudnego okresu dla podopiecznych Hospicjum oraz u\u015bwiadamianie, \u017ce nie pozostaj\u0105 sami oraz maj\u0105 wsparcie, kt\u00f3re jest dla nich najwa\u017cniejsze w tym czasie.<\/p>\n<p dir=\"ltr\" style=\"text-align: left;\"><strong>Jase\u0142ka<\/strong><\/p>\n<p dir=\"ltr\" style=\"text-align: left;\">Samorz\u0105d szkolny wsp\u00f3lnie z zespo\u0142em wokalnym przygotowali w grudniu 2023 szkolne jase\u0142ka. Monta\u017c s\u0142owno-muzyczny zosta\u0142 przedstawiony zar\u00f3wno dla uczni\u00f3w naszej szko\u0142y jak i grona pedagogicznego.<\/p>\n<p dir=\"ltr\" style=\"text-align: left;\"><strong>Kol\u0119dowanie z zespo\u0142em wokalnym\u00a0<\/strong><\/p>\n<p dir=\"ltr\" style=\"text-align: left;\">W dniu 21 grudnia 2023 odby\u0142o si\u0119 wsp\u00f3lne kol\u0119dowanie ze szkolnym zespo\u0142em wokalnym. W tym dniu korytarz naszej szko\u0142y rozbrzmiewa\u0142 zar\u00f3wno tradycyjnymi kol\u0119dami jak i nowszymi wersjami \u015bwi\u0105tecznych piosenek.<\/p>\n<p dir=\"ltr\" style=\"text-align: left;\"><strong>Zbi\u00f3rka krwi<\/strong><\/p>\n<p dir=\"ltr\" style=\"text-align: left;\">Podobnie jak w ubieg\u0142ych latach zosta\u0142a przeprowadzona zbi\u00f3rka krwi. Akcja ta jest akcj\u0105 cykliczn\u0105 i przeprowadzan\u0105 wsp\u00f3lnie z SU XII LO.<\/p>\n<p dir=\"ltr\" style=\"text-align: left;\"><strong>Udzia\u0142 w pracach M\u0142odzie\u017cowej Rady Krakowa<\/strong><\/p>\n<p dir=\"ltr\" style=\"text-align: left;\">W tym roku radnym z naszej szko\u0142y jest Damian Ptasznik z klasy 2 E. Aktywnie uczestniczy w posiedzeniach Rady jak i koordynuje akcje organizowane przez Rad\u0119.<\/p>\n<p dir=\"ltr\" style=\"text-align: left;\">Samorz\u0105d uczniowski w sk\u0142adzie:<\/p>\n<ul style=\"text-align: left;\">\n<li>Jacek Jakubowski<\/li>\n<li>Julia Kipiel<\/li>\n<li>Daniel Malaga<\/li>\n<li>Nikola Sowi\u0144ska<\/li>\n<li>Paulina Korfel<\/li>\n<li>Aleksandra K\u0105dzielawa<\/li>\n<li>Marcel Krawczyk<\/li>\n<li>Jakub Krukiewicz<\/li>\n<li>Nadia Szewczyk<\/li>\n<li>Emilia Brzozowska<\/li>\n<li>Tymoteusz Wola\u0144ski<\/li>\n<li>Oliwia Nowak<\/li>\n<li>Oliwia Liberda<\/li>\n<li>Maja Szumiec<\/li>\n<li>Damian Ra\u017any<\/li>\n<li>Damian Ptasznik<\/li>\n<li>Kacper Nowakowski<\/li>\n<li>Nikola Kuc<\/li>\n<li>Klaudia Nowosi\u0144ska<\/li>\n<li>Izabela Saternus<\/li>\n<li>Liwia Polak<\/li>\n<li>Julia Rogowska<\/li>\n<li>Alicja Dybek<\/li>\n<li>Dagmara Bielecka<\/li>\n<li>Natalia Krzyworzeka<\/li>\n<li>Patrycja \u017buracka<\/li>\n<li>Patrycja Pasionek<\/li>\n<li>Patrycja Bisek &#8211; Halo<\/li>\n<li>Aleksandra Blitek<\/li>\n<li>Maja Serafin<\/li>\n<li>Kinga Bucka<\/li>\n<li>Kinga Panu\u015b<\/li>\n<li>Maja Tetela<\/li>\n<li>Kinga \u015alimak<\/li>\n<li>Aleksandra W\u00f3jcik<\/li>\n<li>Jakub Nowak<\/li>\n<li>Izabela Prze\u017adzi\u0119k<\/li>\n<li>Karolina Tynor<\/li>\n<li>Natalia Bartosik<\/li>\n<li>Justyna Myszka<\/li>\n<li>Anna Kotra<\/li>\n<li>Aleksandra Jasonek<\/li>\n<li>Matylda Piskad\u0142o<\/li>\n<li>Oliwia Ciepicha\u0142<\/li>\n<li dir=\"ltr\">plus Zesp\u00f3\u0142 wokalny<\/li>\n<\/ul>\n<p dir=\"ltr\" style=\"text-align: left;\">Dzi\u0119kujemy za owocn\u0105 wsp\u00f3\u0142prac\u0119 i liczymy na poszerzenie grona w ju\u017c rozpocz\u0119tym 2 semestrze.<\/p>\n<p style=\"text-align: right;\"><em><span style=\"color: #888888;\">Magdalena Mazurkiewicz<\/span><\/em><\/p>\n<div style=\"text-align: right;\"><em>Daniel Malaga<\/em><\/div>\n","protected":false},"excerpt":{"rendered":"<p>W sk\u0142ad Samorz\u0105du Uczniowskiego Zespo\u0142u Szk\u00f3\u0142 Ekonomicznych Nr 2 wchodz\u0105: Maria Kucharzyk &#8211; Przewodnicz\u0105ca Karol Pierzcha\u0142a &#8211; Zast\u0119pca Damian Ptasznik &#8211; Sekretarz Sylwia Liberska &#8211; Media Opiekunowie Samorz\u0105du Uczniowskiego: Aleksandra Kania Ma\u0142gorzata \u015awi\u0105tek Samorz\u0105d to wsp\u00f3lnota \u0142\u0105cz\u0105ca uczni\u00f3w, kt\u00f3rzy kt\u00f3rzy reprezentuj\u0105 szko\u0142\u0119 oraz prowadz\u0105 wszelkie dzia\u0142ania na rzecz szko\u0142y oraz na rzecz wolontariatu. W naszym&hellip; <br \/> <a class=\"read-more\" href=\"https:\/\/zse-2.krakow.pl\/index.php\/samorzad-uczniowski\/\">Dowiedz si\u0119 wi\u0119cej<\/a><\/p>\n","protected":false},"author":1,"featured_media":4843,"parent":0,"menu_order":0,"comment_status":"closed","ping_status":"closed","template":"","meta":{"footnotes":""},"class_list":["post-822","page","type-page","status-publish","has-post-thumbnail","hentry"],"_links":{"self":[{"href":"https:\/\/zse-2.krakow.pl\/index.php\/wp-json\/wp\/v2\/pages\/822","targetHints":{"allow":["GET"]}}],"collection":[{"href":"https:\/\/zse-2.krakow.pl\/index.php\/wp-json\/wp\/v2\/pages"}],"about":[{"href":"https:\/\/zse-2.krakow.pl\/index.php\/wp-json\/wp\/v2\/types\/page"}],"author":[{"embeddable":true,"href":"https:\/\/zse-2.krakow.pl\/index.php\/wp-json\/wp\/v2\/users\/1"}],"replies":[{"embeddable":true,"href":"https:\/\/zse-2.krakow.pl\/index.php\/wp-json\/wp\/v2\/comments?post=822"}],"version-history":[{"count":24,"href":"https:\/\/zse-2.krakow.pl\/index.php\/wp-json\/wp\/v2\/pages\/822\/revisions"}],"predecessor-version":[{"id":6786,"href":"https:\/\/zse-2.krakow.pl\/index.php\/wp-json\/wp\/v2\/pages\/822\/revisions\/6786"}],"wp:featuredmedia":[{"embeddable":true,"href":"https:\/\/zse-2.krakow.pl\/index.php\/wp-json\/wp\/v2\/media\/4843"}],"wp:attachment":[{"href":"https:\/\/zse-2.krakow.pl\/index.php\/wp-json\/wp\/v2\/media?parent=822"}],"curies":[{"name":"wp","href":"https:\/\/api.w.org\/{rel}","templated":true}]}}